{"id":98,"date":"2024-11-25T12:10:58","date_gmt":"2024-11-25T12:10:58","guid":{"rendered":"https:\/\/test.norma-capitel.com\/?post_type=product&#038;p=98"},"modified":"2024-11-25T12:10:58","modified_gmt":"2024-11-25T12:10:58","slug":"tecnicas-de-cocina","status":"publish","type":"product","link":"https:\/\/test.norma-capitel.com\/?product=tecnicas-de-cocina","title":{"rendered":"T\u00e9cnicas de Cocina"},"content":{"rendered":"<p>P\u00e1ginas\u00a0\u00a0\u00a0\u00a0 352<br \/>\nTama\u00f1o\u00a0\u00a0\u00a0\u00a0 27,80 x 19,70 cm.<br \/>\nPeso\u00a0\u00a0\u00a0\u00a0\u00a0\u00a0\u00a0\u00a0\u00a0\u00a0 1040 gr.<\/p>\n<p>Encuadernaci\u00f3n\u00a0 Carton\u00e9 (Tapa dura)<br \/>\nImpresi\u00f3n\u00a0\u00a0\u00a0\u00a0\u00a0\u00a0\u00a0 \u00a0 \u00a0\u00a0\u00a0 ColorGalardonado con el Premio \u00abBEST IN THE WORLD\u00bb al mejor libro editado en Espa\u00f1a en COCINA PROFESIONAL\u00a0 en 2008.<br \/>\nNominado para el Premio Internacional \u00abGOURMAND BEST IN THE WORLD\u00bb .<br \/>\n___________________________________________<br \/>\n\u00cdNDICE DE CAP\u00cdTULOS<\/p>\n<p>\u00a0 1\u00a0 Introducci\u00f3n a la cocina.<br \/>\n\u00a0 2\u00a0 Men\u00fas y cartas.<br \/>\n\u00a0 3\u00a0 Elaboraciones de m\u00faltiples aplicaciones.<br \/>\n\u00a0 4\u00a0 Elaboraciones complementarias.<br \/>\n\u00a0 5\u00a0 M\u00e9todos de cocinado I.<br \/>\n\u00a0 6\u00a0 M\u00e9todos de cocinado II.<br \/>\n\u00a0 7\u00a0 Condimentos.<br \/>\n\u00a0 8\u00a0 Productos del campo.<br \/>\n\u00a0 9\u00a0 Potajes, sopas consom\u00e9s y cremas.<br \/>\n10\u00a0 Pastas y arroces.<br \/>\n11\u00a0 Huevos.<br \/>\n12\u00a0 Guarniciones.<br \/>\n13\u00a0 Pescados.<br \/>\n14\u00a0 Mariscos.<br \/>\n15\u00a0 Carne I.<br \/>\n16\u00a0 Carne II.<br \/>\n17\u00a0 Chaciner\u00eda.<br \/>\n18\u00a0 Aves y caza.<br \/>\n19\u00a0 Despojos.<br \/>\n20\u00a0 Ensaladas, entremeses y buf\u00e9s.<br \/>\n21\u00a0 Reposter\u00eda.<br \/>\n22\u00a0 Pasteler\u00eda y confiter\u00eda.<br \/>\n23\u00a0 Conservaci\u00f3n de\u00a0alimentos.<\/p>\n<p>Glosario de t\u00e9rminos culinarios<br \/>\n___________________________________________<\/p>\n<p>El autor, cocinero, abogado, autor de otros libros sobre la materia, con varias ediciones publicadas, cuenta con una amplia experiencia profesional y docente, siendo en la actualidad director de la Escuela Superior de Hosteler\u00eda y Turismo\u00a0de Madrid.\u00a0<br \/>\nBuen conocedor del arte culin\u00e1rio, entiende la docencia como la transmisi\u00f3n de conocimientos que el alumno recoge y aplica con su personalidad, permitiendole crear sus propias soluciones.<br \/>\nLa obra,\u00a0expuesta\u00a0de forma ordenada,\u00a0clara y con\u00a0conceptos\u00a0muy precisos, es una herramienta indispensable para los\u00a0futuros cocineros y reposteros, as\u00ed como para todas aquellas personas con\u00a0inquietudes por saber c\u00f3mo se desarrolla la actividad culin\u00e1ria y\u00a0obtener\u00a0los mejores resultados.\u00a0<br \/>\nEl libro, efect\u00faa un\u00a0recorrido por secciones como:<\/p>\n<p>La cocina como lugar f\u00edsico y de trabajo.<br \/>\n\u00a0La oferta, producto del trabajo en todas\u00a0sus variantes.<br \/>\nPreparaci\u00f3n de elaboraciones neces\u00e1rias para alcanzar la producci\u00f3n.<br \/>\n\u00a0Distintos\u00a0sistemas de cocci\u00f3n con su adecuaci\u00f3n a las diversas materias primas.<\/p>\n<p>Partiendo de los elementos m\u00e1s b\u00e1sicos, los v\u00e1\u00a0 entrelaz\u00e1ndo con \u00a0otros m\u00e1s complicados, llegando de este modo a conseguir\u00a0un \u00e1mplio conocimiento sobre el comportamiento de los productos frente a los diversos modos de cocinado.<br \/>\nEsta amplia\u00a0exposici\u00f3n\u00a0que nos ofrece el autor con su libro sobre tecnolog\u00eda alimentaria, es esencial para poder avanzar con firmeza y creatividad en el fascinante mundo de la cocina actual de autor, que no deja de sorprendernos con sus nuevos aromas, texturas, espumas, etc.<br \/>\n___________________________________________<\/p>\n","protected":false},"excerpt":{"rendered":"<p>P\u00e1ginas\u00a0\u00a0\u00a0\u00a0 352 Tama\u00f1o\u00a0\u00a0\u00a0\u00a0 27,80 x 19,70 cm. Peso\u00a0\u00a0\u00a0\u00a0\u00a0\u00a0\u00a0\u00a0\u00a0\u00a0 1040 gr. Encuadernaci\u00f3n\u00a0 Carton\u00e9 (Tapa dura) Impresi\u00f3n\u00a0\u00a0\u00a0\u00a0\u00a0\u00a0\u00a0 \u00a0 \u00a0\u00a0\u00a0 ColorGalardonado con el<\/p>\n","protected":false},"featured_media":99,"comment_status":"open","ping_status":"closed","template":"","meta":[],"product_cat":[38],"product_tag":[],"class_list":{"0":"post-98","1":"product","2":"type-product","3":"status-publish","4":"has-post-thumbnail","6":"product_cat-garcia-v","8":"first","9":"instock","10":"shipping-taxable","11":"purchasable","12":"product-type-simple"},"_links":{"self":[{"href":"https:\/\/test.norma-capitel.com\/index.php?rest_route=\/wp\/v2\/product\/98","targetHints":{"allow":["GET"]}}],"collection":[{"href":"https:\/\/test.norma-capitel.com\/index.php?rest_route=\/wp\/v2\/product"}],"about":[{"href":"https:\/\/test.norma-capitel.com\/index.php?rest_route=\/wp\/v2\/types\/product"}],"replies":[{"embeddable":true,"href":"https:\/\/test.norma-capitel.com\/index.php?rest_route=%2Fwp%2Fv2%2Fcomments&post=98"}],"wp:featuredmedia":[{"embeddable":true,"href":"https:\/\/test.norma-capitel.com\/index.php?rest_route=\/wp\/v2\/media\/99"}],"wp:attachment":[{"href":"https:\/\/test.norma-capitel.com\/index.php?rest_route=%2Fwp%2Fv2%2Fmedia&parent=98"}],"wp:term":[{"taxonomy":"product_cat","embeddable":true,"href":"https:\/\/test.norma-capitel.com\/index.php?rest_route=%2Fwp%2Fv2%2Fproduct_cat&post=98"},{"taxonomy":"product_tag","embeddable":true,"href":"https:\/\/test.norma-capitel.com\/index.php?rest_route=%2Fwp%2Fv2%2Fproduct_tag&post=98"}],"curies":[{"name":"wp","href":"https:\/\/api.w.org\/{rel}","templated":true}]}}