{"id":92,"date":"2024-11-25T12:10:54","date_gmt":"2024-11-25T12:10:54","guid":{"rendered":"https:\/\/test.norma-capitel.com\/?post_type=product&#038;p=92"},"modified":"2024-11-25T12:10:55","modified_gmt":"2024-11-25T12:10:55","slug":"atlas-de-ecocardiografia-bidimensional-y-doppler","status":"publish","type":"product","link":"https:\/\/test.norma-capitel.com\/?product=atlas-de-ecocardiografia-bidimensional-y-doppler","title":{"rendered":"Atlas de Ecocardiograf\u00eda bidimensional y doppler"},"content":{"rendered":"<p>P\u00e1ginas\u00a0\u00a0\u00a0\u00a0 396<br \/>\nTama\u00f1o\u00a0\u00a0\u00a0\u00a0 27,00 x 18,00 cm.<br \/>\nPeso\u00a0\u00a0\u00a0\u00a0\u00a0\u00a0\u00a0\u00a0\u00a0\u00a0 1280 gr.<\/p>\n<p>Encuadernaci\u00f3n\u00a0 Carton\u00e9 (Tapa dura)<br \/>\nImpresi\u00f3n\u00a0\u00a0\u00a0\u00a0\u00a0\u00a0\u00a0\u00a0\u00a0\u00a0\u00a0\u00a0\u00a0\u00a0 Color\u00cdNDICE DE CAPITULOS\u00a0<\/p>\n<p>\u00a0 1\u00a0 T\u00e9cnica y equipos.<br \/>\n\u00a0 2\u00a0 Planos de estudio.<br \/>\n\u00a0 3\u00a0 El efecto Doppler.<br \/>\n\u00a0 4\u00a0 Cavidades cardiacas.<br \/>\n\u00a0 5\u00a0 La v\u00e1lvula mitral.<br \/>\n\u00a0 6\u00a0 La v\u00e1lvula a\u00f3rtica.<br \/>\n\u00a0 7\u00a0 Las v\u00e1lvulas tric\u00faspide y pulmonar.<br \/>\n\u00a0 8\u00a0 Funci\u00f3n del ventr\u00edculo izquierdo.<br \/>\n\u00a0 9\u00a0 Miocardiopat\u00edas.<br \/>\n10\u00a0 Cardiopat\u00eda coronaria.<br \/>\n11\u00a0 Patolog\u00eda del pericardio.<br \/>\n12\u00a0 Masas cardiacas.<br \/>\n13\u00a0 El coraz\u00f3n en el feto y en el reci\u00e9n nacido.<br \/>\n14\u00a0 Cardiopat\u00edas cong\u00e9nitas.<\/p>\n<p>\u00cdndice alfab\u00e9tico<br \/>\n___________________________________________<\/p>\n<p>La t\u00e9cnica M en ecograf\u00eda, se ha abierto camino dentro de la cardiolog\u00eda, por ser de indudable utilidad, incruenta y f\u00e1cil de repetir, dejando de ser una sofisticaci\u00f3n para convertirse en una t\u00e9cnica de rutina en la consulta cardiol\u00f3gica, solucionando problemas pr\u00e1cticos importantes pero con un defecto inherente al sistema: el examen del coraz\u00f3n con un solo haz de sonido, lo que provoca una relativa falta de orientaci\u00f3n espacial y la informaci\u00f3n obtenida que carece de sentido anat\u00f3mico.\u00a0<\/p>\n<p>Todos estos detalles son los que han impulsado a desarrollar equipos de ultrasonido m\u00e1s avanzados, con una t\u00e9cnica bidimensional (2-D), que ofrece im\u00e1genes del coraz\u00f3n en dos dimensiones y consigue relacionar espacialmente las diferentes estructuras, mostrando el coraz\u00f3n en movimiento y en tiempo actual. El resultado del examen proporciona por tanto im\u00e1genes anat\u00f3micas y en movimiento, f\u00e1cilmente interpretadas por el cardi\u00f3logo.\u00a0<\/p>\n<p>El perfeccionamiento y la combinaci\u00f3n de las t\u00e9cnicas que utilizan el efecto Doppler, complementan todav\u00eda m\u00e1s la informaci\u00f3n relativa al coraz\u00f3n, al poder examinar los complejos flujos intracardiacos.\u00a0<\/p>\n<p>El prop\u00f3sito de este libro es dar a conocer la nueva t\u00e9cnica, objetivo ampliamente alcanzado, por su claridad de exposici\u00f3n, abundancia de figuras (m\u00e1s de 400), material explicativo y algunos de los temas tratados como la ecograf\u00eda bidimensional, la codificada en color, la de contraste o la ecograf\u00eda Doppler con transformaci\u00f3n r\u00e1pida de Fourier, dando como resultado una obra de incalculable valor en su campo.<br \/>\nPremiada por el Ministerio de Cultura a los libros mejor editados, en la modalidad de libros t\u00e9cnicos de Investigaci\u00f3n y Erudici\u00f3n \u00abE\u00bb.<br \/>\n___________________________________________<\/p>\n","protected":false},"excerpt":{"rendered":"<p>P\u00e1ginas\u00a0\u00a0\u00a0\u00a0 396 Tama\u00f1o\u00a0\u00a0\u00a0\u00a0 27,00 x 18,00 cm. Peso\u00a0\u00a0\u00a0\u00a0\u00a0\u00a0\u00a0\u00a0\u00a0\u00a0 1280 gr. Encuadernaci\u00f3n\u00a0 Carton\u00e9 (Tapa dura) Impresi\u00f3n\u00a0\u00a0\u00a0\u00a0\u00a0\u00a0\u00a0\u00a0\u00a0\u00a0\u00a0\u00a0\u00a0\u00a0 Color\u00cdNDICE DE CAPITULOS\u00a0 \u00a0 1\u00a0<\/p>\n","protected":false},"featured_media":93,"comment_status":"open","ping_status":"closed","template":"","meta":[],"product_cat":[34],"product_tag":[],"class_list":{"0":"post-92","1":"product","2":"type-product","3":"status-publish","4":"has-post-thumbnail","6":"product_cat-yuste-p-garcia-fdez-m-a","8":"first","9":"instock","10":"shipping-taxable","11":"purchasable","12":"product-type-simple"},"_links":{"self":[{"href":"https:\/\/test.norma-capitel.com\/index.php?rest_route=\/wp\/v2\/product\/92","targetHints":{"allow":["GET"]}}],"collection":[{"href":"https:\/\/test.norma-capitel.com\/index.php?rest_route=\/wp\/v2\/product"}],"about":[{"href":"https:\/\/test.norma-capitel.com\/index.php?rest_route=\/wp\/v2\/types\/product"}],"replies":[{"embeddable":true,"href":"https:\/\/test.norma-capitel.com\/index.php?rest_route=%2Fwp%2Fv2%2Fcomments&post=92"}],"wp:featuredmedia":[{"embeddable":true,"href":"https:\/\/test.norma-capitel.com\/index.php?rest_route=\/wp\/v2\/media\/93"}],"wp:attachment":[{"href":"https:\/\/test.norma-capitel.com\/index.php?rest_route=%2Fwp%2Fv2%2Fmedia&parent=92"}],"wp:term":[{"taxonomy":"product_cat","embeddable":true,"href":"https:\/\/test.norma-capitel.com\/index.php?rest_route=%2Fwp%2Fv2%2Fproduct_cat&post=92"},{"taxonomy":"product_tag","embeddable":true,"href":"https:\/\/test.norma-capitel.com\/index.php?rest_route=%2Fwp%2Fv2%2Fproduct_tag&post=92"}],"curies":[{"name":"wp","href":"https:\/\/api.w.org\/{rel}","templated":true}]}}