{"id":88,"date":"2024-11-25T12:10:51","date_gmt":"2024-11-25T12:10:51","guid":{"rendered":"https:\/\/test.norma-capitel.com\/?post_type=product&#038;p=88"},"modified":"2024-11-25T12:10:52","modified_gmt":"2024-11-25T12:10:52","slug":"ecografia-abdominal","status":"publish","type":"product","link":"https:\/\/test.norma-capitel.com\/?product=ecografia-abdominal","title":{"rendered":"Ecograf\u00eda Abdominal"},"content":{"rendered":"<p>P\u00e1ginas\u00a0\u00a0\u00a0\u00a0 580<br \/>\nTama\u00f1o\u00a0\u00a0\u00a0\u00a0 27,50 x 20,00 cm.<br \/>\nPeso\u00a0\u00a0\u00a0\u00a0\u00a0\u00a0\u00a0\u00a0\u00a0\u00a0 1540 gr.<br \/>\nEncuadernaci\u00f3n\u00a0 Carton\u00e9 (Tapa dura)<br \/>\nImpresi\u00f3n\u00a0\u00a0\u00a0\u00a0\u00a0\u00a0\u00a0\u00a0\u00a0\u00a0\u00a0\u00a0\u00a0\u00a0 b\/n\u00cdNDICE DE CAP\u00cdTULOS\u00a0<\/p>\n<p>\u00a0 1\u00a0 Principios f\u00edsicos y t\u00e9cnica de exploraci\u00f3n.<br \/>\n\u00a0 2\u00a0 Anatom\u00eda seccional de abdomen.<br \/>\n\u00a0 3\u00a0 Ecograf\u00eda en la Patolog\u00eda Hep\u00e1tica.<br \/>\n\u00a0 4\u00a0 Sistema biliar.<br \/>\n\u00a0 5\u00a0 P\u00e1ncreas.<br \/>\n\u00a0 6\u00a0 Ecograf\u00eda vascular.<br \/>\n\u00a0 7\u00a0 Ecograf\u00eda renal.<br \/>\n\u00a0 8\u00a0 Vejiga, pr\u00f3stata, ves\u00edculas seminales y test\u00edculo.<br \/>\n\u00a0 9\u00a0 Ecograf\u00eda del retroperitoneo y bazo.<br \/>\n10\u00a0 Cavidad peritoneal y pared abdominal.<br \/>\n11\u00a0 Ultrosonograf\u00eda del tracto gastrointestinal.<br \/>\n12\u00a0 Ecograf\u00eda intervencionista.<br \/>\n13\u00a0 Ecograf\u00eda Doppler en Gastroenterolog\u00eda.<br \/>\n___________________________________________<br \/>\nEl libro, en su segunda edici\u00f3n, que aparece despu\u00e9s de catorce a\u00f1os, es una obra totalmente nueva y actualizada, siendo su prop\u00f3sito exponer de forma clara y concisa la utilidad de la aplicaci\u00f3n de la ecograf\u00eda en el estudio de la patolog\u00eda abdominal, incluyendo los avances mas recientes, como son la ecograf\u00eda intervencionista, ya sea diagn\u00f3stica o terap\u00e9utica, la ecograf\u00eda del tracto gastrointestinal y la incorporaci\u00f3n del Doppler, imprescindible en Unidades de trasplante tanto hep\u00e1tico como renal.<br \/>\nOtra novedad muy importante de esta obra, fruto de las m\u00faltiples experiencias del autor, son las t\u00e9cnicas y recomendaciones que se explican detalladamente, para establecer y descubrir las ventanas ac\u00fasticas que permiten llevar a cabo con \u00e9xito las exploraciones m\u00e1s complicadas.\u00a0<\/p>\n<p>En la realizaci\u00f3n de la obra, colaboran junto con el autor, grupos muy diferentes, pertenecientes a Servicios de Aparato Digestivo del Hospital La Paz y otros, pertenecientes al grupo de Ecograf\u00eda del Servicio de Urolog\u00eda del Hospital Ram\u00f3n y Cajal de Madrid.<br \/>\n___________________________________________<\/p>\n","protected":false},"excerpt":{"rendered":"<p>P\u00e1ginas\u00a0\u00a0\u00a0\u00a0 580 Tama\u00f1o\u00a0\u00a0\u00a0\u00a0 27,50 x 20,00 cm. Peso\u00a0\u00a0\u00a0\u00a0\u00a0\u00a0\u00a0\u00a0\u00a0\u00a0 1540 gr. Encuadernaci\u00f3n\u00a0 Carton\u00e9 (Tapa dura) Impresi\u00f3n\u00a0\u00a0\u00a0\u00a0\u00a0\u00a0\u00a0\u00a0\u00a0\u00a0\u00a0\u00a0\u00a0\u00a0 b\/n\u00cdNDICE DE CAP\u00cdTULOS\u00a0 \u00a0 1\u00a0<\/p>\n","protected":false},"featured_media":89,"comment_status":"open","ping_status":"closed","template":"","meta":[],"product_cat":[32],"product_tag":[],"class_list":{"0":"post-88","1":"product","2":"type-product","3":"status-publish","4":"has-post-thumbnail","6":"product_cat-segura-cabral-j-m-y-cols","8":"first","9":"instock","10":"shipping-taxable","11":"purchasable","12":"product-type-simple"},"_links":{"self":[{"href":"https:\/\/test.norma-capitel.com\/index.php?rest_route=\/wp\/v2\/product\/88","targetHints":{"allow":["GET"]}}],"collection":[{"href":"https:\/\/test.norma-capitel.com\/index.php?rest_route=\/wp\/v2\/product"}],"about":[{"href":"https:\/\/test.norma-capitel.com\/index.php?rest_route=\/wp\/v2\/types\/product"}],"replies":[{"embeddable":true,"href":"https:\/\/test.norma-capitel.com\/index.php?rest_route=%2Fwp%2Fv2%2Fcomments&post=88"}],"wp:featuredmedia":[{"embeddable":true,"href":"https:\/\/test.norma-capitel.com\/index.php?rest_route=\/wp\/v2\/media\/89"}],"wp:attachment":[{"href":"https:\/\/test.norma-capitel.com\/index.php?rest_route=%2Fwp%2Fv2%2Fmedia&parent=88"}],"wp:term":[{"taxonomy":"product_cat","embeddable":true,"href":"https:\/\/test.norma-capitel.com\/index.php?rest_route=%2Fwp%2Fv2%2Fproduct_cat&post=88"},{"taxonomy":"product_tag","embeddable":true,"href":"https:\/\/test.norma-capitel.com\/index.php?rest_route=%2Fwp%2Fv2%2Fproduct_tag&post=88"}],"curies":[{"name":"wp","href":"https:\/\/api.w.org\/{rel}","templated":true}]}}