{"id":84,"date":"2024-11-25T12:10:48","date_gmt":"2024-11-25T12:10:48","guid":{"rendered":"https:\/\/test.norma-capitel.com\/?post_type=product&#038;p=84"},"modified":"2024-11-25T12:10:49","modified_gmt":"2024-11-25T12:10:49","slug":"atlas-de-ecografia-y-tac-en-urologia","status":"publish","type":"product","link":"https:\/\/test.norma-capitel.com\/?product=atlas-de-ecografia-y-tac-en-urologia","title":{"rendered":"Atlas de Ecograf\u00eda y TAC en Urolog\u00eda"},"content":{"rendered":"<p>P\u00e1ginas\u00a0\u00a0\u00a0\u00a0 290<br \/>\nTama\u00f1o\u00a0\u00a0\u00a0\u00a0 27,00 x 19,90 cm.<br \/>\nPeso\u00a0\u00a0\u00a0\u00a0\u00a0\u00a0\u00a0\u00a0\u00a0\u00a0\u00a0900 gr.<\/p>\n<p>Encuadernaci\u00f3n\u00a0 Carton\u00e9 (Tapa dura)<br \/>\nImpresi\u00f3n\u00a0\u00a0\u00a0\u00a0\u00a0\u00a0\u00a0\u00a0\u00a0\u00a0\u00a0\u00a0\u00a0 b\/n<\/p>\n<p>\u00a0\u00cdNDICE DE CAPITULOS<\/p>\n<p>\u00a0\u00a0 1\u00a0 Fundamentos f\u00edsicos y eco normal.<br \/>\n\u00a0\u00a0 2\u00a0 Tomograf\u00eda computarizada (T.C.).<br \/>\n\u00a0\u00a0 3\u00a0 Hidronefrosis.<br \/>\n\u00a0\u00a0 4\u00a0 Patolog\u00eda quistica.<br \/>\n\u00a0\u00a0 5\u00a0 Tumores renales.<br \/>\n\u00a0\u00a0 6\u00a0 Infecciones renales.<br \/>\n\u00a0\u00a0 7\u00a0 Traumatismo de ri\u00f1\u00f3n.<br \/>\n\u00a0\u00a0 8\u00a0 Trasplante renal.<br \/>\n\u00a0\u00a0 9\u00a0 Litiasis renal.<br \/>\n10\u00a0 Malformaciones renales.<br \/>\n11\u00a0 Retroperitoneo.<br \/>\n12\u00a0 Vejiga.<br \/>\n13\u00a0 Pr\u00f3stata.<br \/>\n14\u00a0\u00a0 Ves\u00edculas seminales.<br \/>\n15\u00a0 Ecograf\u00eda urol\u00f3gica fetal.<\/p>\n<p>Bibliograf\u00eda\u00a0<\/p>\n<p>\u00cdndice alfab\u00e9tico\u00a0<br \/>\n____________________________________________<br \/>\nEn los \u00faltimos a\u00f1os, el desarrollo de los medios diagn\u00f3sticos ha sido sorprendente.<br \/>\nEl perfeccionamiento de la ecograf\u00eda y la tomograf\u00eda axial computarizada han conducido a un nuevo planteamiento en los protocolos diagn\u00f3sticos de la mayor\u00eda de las patolog\u00edas del tracto uro-genital.\u00a0<\/p>\n<p>El libro, desarrollado en forma de atlas, huye de tecnicismos, analizando las posibilidades de estas exploraciones en urolog\u00eda. Describe las t\u00e9cnicas de realizaci\u00f3n y expone las diversas im\u00e1genes que pueden obtenerse, dando como resultado que su comprensi\u00f3n y lectura se efectue de forma r\u00e1pida y amena.\u00a0<\/p>\n<p>La obra, prologada por el profesor C. Romero-Aguirre, jefe del Departamento de Urolog\u00eda del Hospital Ram\u00f3n y Cajal de Madrid, incorpora los \u00faltimos adelantos t\u00e9cnicos: ecograf\u00eda con peque\u00f1os transductores intracavitarios de alta frecuencia y TAC de \u00faltimas generaciones.\u00a0<\/p>\n<p>En los dos primeros cap\u00edtulos se tratan los fundamentos f\u00edsicos de la ecograf\u00eda y TAC, con una detallada descripci\u00f3n anat\u00f3mica del tracto urogenital. En los restantes, se efectua una revisi\u00f3n de sus posibilidades en el estudio de las distintas patolog\u00edas, estableciendo sus indicaciones.\u00a0<\/p>\n<p>Cuenta adem\u00e1s con colaboradores como los doctores Beamud G\u00f3mez y A. Cabo Valle, que desarrollan el tema de ecograf\u00eda urol\u00f3gica fetal, de gran inter\u00e9s por la amplia experiencia de los mismos en el estudio de la patolog\u00eda urol\u00f3gica intra-\u00fatero.<br \/>\n___________________________________________<\/p>\n","protected":false},"excerpt":{"rendered":"<p>P\u00e1ginas\u00a0\u00a0\u00a0\u00a0 290 Tama\u00f1o\u00a0\u00a0\u00a0\u00a0 27,00 x 19,90 cm. Peso\u00a0\u00a0\u00a0\u00a0\u00a0\u00a0\u00a0\u00a0\u00a0\u00a0\u00a0900 gr. Encuadernaci\u00f3n\u00a0 Carton\u00e9 (Tapa dura) Impresi\u00f3n\u00a0\u00a0\u00a0\u00a0\u00a0\u00a0\u00a0\u00a0\u00a0\u00a0\u00a0\u00a0\u00a0 b\/n \u00a0\u00cdNDICE DE CAPITULOS \u00a0\u00a0 1\u00a0<\/p>\n","protected":false},"featured_media":85,"comment_status":"open","ping_status":"closed","template":"","meta":[],"product_cat":[30],"product_tag":[],"class_list":{"0":"post-84","1":"product","2":"type-product","3":"status-publish","4":"has-post-thumbnail","6":"product_cat-mayayo-t-jimemez-cruz-j-f","8":"first","9":"instock","10":"shipping-taxable","11":"purchasable","12":"product-type-simple"},"_links":{"self":[{"href":"https:\/\/test.norma-capitel.com\/index.php?rest_route=\/wp\/v2\/product\/84","targetHints":{"allow":["GET"]}}],"collection":[{"href":"https:\/\/test.norma-capitel.com\/index.php?rest_route=\/wp\/v2\/product"}],"about":[{"href":"https:\/\/test.norma-capitel.com\/index.php?rest_route=\/wp\/v2\/types\/product"}],"replies":[{"embeddable":true,"href":"https:\/\/test.norma-capitel.com\/index.php?rest_route=%2Fwp%2Fv2%2Fcomments&post=84"}],"wp:featuredmedia":[{"embeddable":true,"href":"https:\/\/test.norma-capitel.com\/index.php?rest_route=\/wp\/v2\/media\/85"}],"wp:attachment":[{"href":"https:\/\/test.norma-capitel.com\/index.php?rest_route=%2Fwp%2Fv2%2Fmedia&parent=84"}],"wp:term":[{"taxonomy":"product_cat","embeddable":true,"href":"https:\/\/test.norma-capitel.com\/index.php?rest_route=%2Fwp%2Fv2%2Fproduct_cat&post=84"},{"taxonomy":"product_tag","embeddable":true,"href":"https:\/\/test.norma-capitel.com\/index.php?rest_route=%2Fwp%2Fv2%2Fproduct_tag&post=84"}],"curies":[{"name":"wp","href":"https:\/\/api.w.org\/{rel}","templated":true}]}}