{"id":82,"date":"2024-11-25T12:10:47","date_gmt":"2024-11-25T12:10:47","guid":{"rendered":"https:\/\/test.norma-capitel.com\/?post_type=product&#038;p=82"},"modified":"2024-11-25T12:10:47","modified_gmt":"2024-11-25T12:10:47","slug":"electrocardiografia-de-holter","status":"publish","type":"product","link":"https:\/\/test.norma-capitel.com\/?product=electrocardiografia-de-holter","title":{"rendered":"Electrocardiograf\u00eda de Holter"},"content":{"rendered":"<p>P\u00e1ginas\u00a0\u00a0\u00a0\u00a0 352<br \/>\nTama\u00f1o\u00a0\u00a0\u00a0\u00a0 25,50 x 18,00 cm.<br \/>\nPeso\u00a0\u00a0\u00a0\u00a0\u00a0\u00a0\u00a0\u00a0\u00a0\u00a0 800 gr.<br \/>\nEncuadernaci\u00f3n\u00a0 Carton\u00e9 (Tapa dura)<br \/>\nImpresi\u00f3n\u00a0\u00a0\u00a0\u00a0\u00a0\u00a0\u00a0\u00a0\u00a0\u00a0\u00a0\u00a0\u00a0\u00a0 b\/n\u00cdNDICE DE CAP\u00cdTULOS<\/p>\n<p>\u00a01\u00a0 Historia y desarrollo de la electrocardiograf\u00eda\u00a0din\u00e1mica ambulatoria, por el m\u00e9todo de Holter.<br \/>\n\u00a02\u00a0 Metodolog\u00eda. Utillaje:<\/p>\n<p>El laboratorio de EGG de\u00a0Holter.<br \/>\nOtros m\u00e9todos de monitorizaci\u00f3n teleelectrocardiogr\u00e1fica.<br \/>\nEl Holter de presi\u00f3n.<br \/>\nMonitorizaci\u00f3n\u00a0transtelef\u00f3nica.<\/p>\n<p>\u00a0 3\u00a0 Artefactos. Su origen, interpretaci\u00f3n y\u00a0diferenciaci\u00f3n.<br \/>\n\u00a0 4\u00a0 Valoraci\u00f3n e interpretaci\u00f3n de la actividad\u00a0ect\u00f3pica supraventricular.<br \/>\n\u00a0 5\u00a0 Valoraci\u00f3n e interpretaci\u00f3n de la actividad ect\u00f3pica ventricular.<br \/>\n\u00a0 6\u00a0 Trastornos del automatismo y de la conducci\u00f3n.<br \/>\n\u00a0 7\u00a0 An\u00e1lisis de los cambios en la repolarizaci\u00f3n\u00a0ventricular, observados en Electrocardiograf\u00eda de Holter.<br \/>\n\u00a0 8\u00a0 Correspondencia entre la sintomatolog\u00eda y los\u00a0hallazgos simultaneos del ECG din\u00e1mico\u00a0ambulatorio.<br \/>\n\u00a0 9\u00a0 Importancia del ECG de Holter en el diagn\u00f3stico,\u00a0control y seguimiento de la cardiopat\u00eda isqu\u00e9mica.<br \/>\n10\u00a0 Valor del m\u00e9todo de Holter en determinadas\u00a0enfermedades primariamente cardiacas:<\/p>\n<p>Prolapso\u00a0valvular mitral.<br \/>\nMiocardiopat\u00edas.<br \/>\nEnfermedad del\u00a0n\u00f3dulo sinusal.<br \/>\nTrastornos de la conducci\u00f3n\u00a0aur\u00edculo-ventricular e\u00a0intraventricular.\u00a0<br \/>\nControl de marcapasos.\u00a0<br \/>\nS\u00edndrome del Q-T largo.<br \/>\nS\u00edndrome de\u00a0pre-excitaci\u00f3n.<\/p>\n<p>11\u00a0 Valor del m\u00e9todo de Holter en otros procesos no primariamente cardiacos:<\/p>\n<p>Enfermedad pulmonar\u00a0cr\u00f3nica obstructiva.<br \/>\nS\u00edndrome de hipersomnia por\u00a0apnea periodica del sue\u00f1o.<br \/>\nEnfermedades neuromusculares.\u00a0<br \/>\nInsuficiencia renal cr\u00f3nica (Hemodi\u00e1lisis).<br \/>\nEvaluaci\u00f3n preoperatoria en\u00a0cirug\u00eda general.<br \/>\nAn\u00e1lisis de los factores\u00a0condicionantes de stress.<\/p>\n<p>\u00a012\u00a0 El ECG de Holter en adultos sanos y deportistas.<br \/>\n\u00a013\u00a0 El ECG de Holter en Cardiolog\u00eda Pedi\u00e1trica.<br \/>\n\u00a014\u00a0 Ejercicios pr\u00e1cticos.<br \/>\n\u00a015\u00a0 Ap\u00e9ndice. Programa para la formaci\u00f3n de\u00a0T\u00e9cnicos en An\u00e1lisis de Holter (T.A.H.).<br \/>\n\u00a016\u00a0 Indice alfab\u00e9tico.<br \/>\n____________________________________________<\/p>\n<p>El libro ofrece una visi\u00f3n l\u00f3gica del ECG de Holter, en el que se pasa de forma arm\u00f3nica de la teor\u00eda de la t\u00e9cnica en s\u00ed misma, a la pr\u00e1ctica de la interpretaci\u00f3n de\u00a0resultados.<br \/>\n\u00a0<br \/>\nExisten fundamentalmente dos razones que\u00a0hacen del ECG de Holter un m\u00e9todo b\u00e1sico de exploraci\u00f3n\u00a0cardiovascular: La extraordinaria y precisa informaci\u00f3n que suministra, extra\u00edda desde el entorno propio del hombre en movimiento, y\u00a0la no menos importante, la ausencia absoluta de riesgo que la pr\u00e1ctica del procedimiento lleva consigo, y que contrasta poderosamente con otras t\u00e9cnicas diagn\u00f3sticas invasivas.<br \/>\n\u00a0<br \/>\nLa obra est\u00e1 dividida en cuatro partes:<\/p>\n<p>En la primera se describen los aspectos t\u00e9cnicos del ECG de Holter, \u00fatil no solo para los no iniciados, sino tambi\u00e9n para m\u00e9dicos que est\u00e1n en contacto con analizadores.\u00a0<\/p>\n<p>En la segunda parte se valoran e interpretan las distintas arritmias, tanto hiperactivas, como hipoactivas, todo ello impregnado de sentido cl\u00ednico, siendo particularmente interesantes los comentarios acerca de los criterios de peligrosidad de las extras\u00edstoles ventriculares.\u00a0<\/p>\n<p>La tercera parte est\u00e1 dedicada al valor del m\u00e9todo de Holter en diferentes procesos patol\u00f3gicos, con especial \u00e9nfasis en la cardiopat\u00eda isqu\u00e9mica.\u00a0<\/p>\n<p>En la cuarta parte se recogen las interpretaciones realizadas por diferentes expertos de distintos trazos del ECG de Holter con lo que el lector se ver\u00e1 enriquecido por la forma de pensar de diferentes escuelas.<br \/>\n___________________________________________<\/p>\n","protected":false},"excerpt":{"rendered":"<p>P\u00e1ginas\u00a0\u00a0\u00a0\u00a0 352 Tama\u00f1o\u00a0\u00a0\u00a0\u00a0 25,50 x 18,00 cm. Peso\u00a0\u00a0\u00a0\u00a0\u00a0\u00a0\u00a0\u00a0\u00a0\u00a0 800 gr. Encuadernaci\u00f3n\u00a0 Carton\u00e9 (Tapa dura) Impresi\u00f3n\u00a0\u00a0\u00a0\u00a0\u00a0\u00a0\u00a0\u00a0\u00a0\u00a0\u00a0\u00a0\u00a0\u00a0 b\/n\u00cdNDICE DE CAP\u00cdTULOS \u00a01\u00a0 Historia<\/p>\n","protected":false},"featured_media":83,"comment_status":"open","ping_status":"closed","template":"","meta":[],"product_cat":[28],"product_tag":[],"class_list":{"0":"post-82","1":"product","2":"type-product","3":"status-publish","4":"has-post-thumbnail","6":"product_cat-palma-gamiz-j-l","8":"first","9":"instock","10":"shipping-taxable","11":"purchasable","12":"product-type-simple"},"_links":{"self":[{"href":"https:\/\/test.norma-capitel.com\/index.php?rest_route=\/wp\/v2\/product\/82","targetHints":{"allow":["GET"]}}],"collection":[{"href":"https:\/\/test.norma-capitel.com\/index.php?rest_route=\/wp\/v2\/product"}],"about":[{"href":"https:\/\/test.norma-capitel.com\/index.php?rest_route=\/wp\/v2\/types\/product"}],"replies":[{"embeddable":true,"href":"https:\/\/test.norma-capitel.com\/index.php?rest_route=%2Fwp%2Fv2%2Fcomments&post=82"}],"wp:featuredmedia":[{"embeddable":true,"href":"https:\/\/test.norma-capitel.com\/index.php?rest_route=\/wp\/v2\/media\/83"}],"wp:attachment":[{"href":"https:\/\/test.norma-capitel.com\/index.php?rest_route=%2Fwp%2Fv2%2Fmedia&parent=82"}],"wp:term":[{"taxonomy":"product_cat","embeddable":true,"href":"https:\/\/test.norma-capitel.com\/index.php?rest_route=%2Fwp%2Fv2%2Fproduct_cat&post=82"},{"taxonomy":"product_tag","embeddable":true,"href":"https:\/\/test.norma-capitel.com\/index.php?rest_route=%2Fwp%2Fv2%2Fproduct_tag&post=82"}],"curies":[{"name":"wp","href":"https:\/\/api.w.org\/{rel}","templated":true}]}}