{"id":78,"date":"2024-11-25T12:10:44","date_gmt":"2024-11-25T12:10:44","guid":{"rendered":"https:\/\/test.norma-capitel.com\/?post_type=product&#038;p=78"},"modified":"2024-11-25T12:10:45","modified_gmt":"2024-11-25T12:10:45","slug":"guia-de-hipertension-arterial","status":"publish","type":"product","link":"https:\/\/test.norma-capitel.com\/?product=guia-de-hipertension-arterial","title":{"rendered":"Gu\u00eda de Hipertensi\u00f3n Arterial"},"content":{"rendered":"<p>P\u00e1ginas\u00a0\u00a0\u00a0\u00a0 352<\/p>\n<p>Tama\u00f1o\u00a0\u00a0\u00a0\u00a0 27,50 x 20,00 cm.<\/p>\n<p>Peso\u00a0\u00a0\u00a0\u00a0\u00a0\u00a0\u00a0\u00a0\u00a0\u00a0 1010 gr.<\/p>\n<p>Encuadernaci\u00f3n\u00a0 Carton\u00e9 (Tapa dura)<\/p>\n<p>Impresi\u00f3n\u00a0\u00a0\u00a0\u00a0\u00a0\u00a0\u00a0\u00a0\u00a0\u00a0\u00a0\u00a0\u00a0 Bicolor\u00cdNDICE DE CAP\u00cdTULOS\u00a0<\/p>\n<p>\u00a0 1\u00a0 Estudio general del enfermo hipertenso.<br \/>\n\u00a0 2\u00a0 Etiopatogenia de la hipertensi\u00f3n arterial.<br \/>\n\u00a0 3\u00a0 Anatom\u00eda patol\u00f3gica de la enfermedad vascular hipertensiva.<br \/>\n\u00a0 4\u00a0 Coraz\u00f3n e hipertensi\u00f3n arterial.<br \/>\n\u00a0 5\u00a0 Ri\u00f1\u00f3n e hipertensi\u00f3n.<br \/>\n\u00a0 6\u00a0 Hipertensi\u00f3n arterial y sistema nervioso central.<br \/>\n\u00a0 7\u00a0 Feocromocitoma e hiperaldosteronismo.<br \/>\n\u00a0 8\u00a0 S\u00edndrome de Cushing.<br \/>\n\u00a0 9\u00a0 Otras hipertensiones endocrinas.<br \/>\n10\u00a0 Hipertensi\u00f3n vasculo-renal.<br \/>\n11\u00a0 Coartaci\u00f3n de aorta.<br \/>\n12\u00a0 Hipertensi\u00f3n y embarazo.<br \/>\n13\u00a0 Hipertensi\u00f3n y menopausia. Tratamiento hormonal sustitutivo.<br \/>\n14\u00a0 Importancia del control de la presi\u00f3n arterial en el examen de salud infanto-juvenil.<br \/>\n15\u00a0 Hipertensi\u00f3n arterial geri\u00e1trica.<br \/>\n16\u00a0 Hipertensi\u00f3n y anestesia.<br \/>\n17\u00a0 Inhibidores del enzima de conversi\u00f3n.<br \/>\n18\u00a0 Antagonista del calcio.<br \/>\n19\u00a0 Bloqueantes de los receptores beta-adren\u00e9rgicos.<br \/>\n20\u00a0 Diur\u00e9ticos en el tratamiento de la hipertensi\u00f3n arterial.<br \/>\n21\u00a0 Gu\u00eda terap\u00e9utica.<br \/>\n___________________________________________<\/p>\n<p>Las enfermedades cardiovasculares son la patolog\u00eda y causa m\u00e1s frecuente de muerte y como es bien conocido, la Hipertensi\u00f3n Arterial es su manifestaci\u00f3n previa de alto riesgo.<br \/>\nLa disminuci\u00f3n de la mortalidad es debida al diagn\u00f3stico precoz y al establecimiento de la terap\u00e9utica apropiada con seguimiento controlado, sobre todo en accidentes cerebro-vasculares, al llevar un control m\u00e1s riguroso de la presi\u00f3n arterial.<\/p>\n<p>La salud de la poblaci\u00f3n mejora cuando el profesional revisa y act\u00faa de acuerdo con los conocimientos cient\u00edficos actuales. Esta 2\u00aa edici\u00f3n incluye los conocimientos m\u00e1s actualizados sobre los distintos aspectos de la Hipertensi\u00f3n Arterial; su epidemiolog\u00eda, patogenia, fisiolog\u00eda, cl\u00ednica, diagn\u00f3stico, complicaciones del tratamiento y pron\u00f3stico.<\/p>\n<p>El Director de esa obra, se ha rodeado de aquellos coautores que mas y mejor pod\u00edan desarrollar cada uno de los temas que se les ha encargado; participando en ellos con visi\u00f3n interdisciplinar, anatomopat\u00f3logos, internistas, nefr\u00f3logos, cirujanos, endocrin\u00f3logos, ginec\u00f3logos, Farmac\u00f3logos, anestesistas, entre ellos unos con formaci\u00f3n m\u00e1s fisiopatol\u00f3gica y otros m\u00e1s cl\u00ednica.<\/p>\n<p>En el libro, la estructura tradicional de temas clasificados, ha dado paso a una estructura orientada a los problemas y t\u00f3picos m\u00e1s importantes. Por su extensi\u00f3n se encuentra a medio camino entre los \u00abhand-book\u00bb anglosajones y los tratados, pudiendo ser a la vez libro de consulta y texto docente.\u00a0<br \/>\n___________________________________________<\/p>\n","protected":false},"excerpt":{"rendered":"<p>P\u00e1ginas\u00a0\u00a0\u00a0\u00a0 352 Tama\u00f1o\u00a0\u00a0\u00a0\u00a0 27,50 x 20,00 cm. Peso\u00a0\u00a0\u00a0\u00a0\u00a0\u00a0\u00a0\u00a0\u00a0\u00a0 1010 gr. Encuadernaci\u00f3n\u00a0 Carton\u00e9 (Tapa dura) Impresi\u00f3n\u00a0\u00a0\u00a0\u00a0\u00a0\u00a0\u00a0\u00a0\u00a0\u00a0\u00a0\u00a0\u00a0 Bicolor\u00cdNDICE DE CAP\u00cdTULOS\u00a0 \u00a0 1\u00a0<\/p>\n","protected":false},"featured_media":79,"comment_status":"open","ping_status":"closed","template":"","meta":[],"product_cat":[26],"product_tag":[],"class_list":{"0":"post-78","1":"product","2":"type-product","3":"status-publish","4":"has-post-thumbnail","6":"product_cat-hergueta-g","8":"first","9":"instock","10":"shipping-taxable","11":"purchasable","12":"product-type-simple"},"_links":{"self":[{"href":"https:\/\/test.norma-capitel.com\/index.php?rest_route=\/wp\/v2\/product\/78","targetHints":{"allow":["GET"]}}],"collection":[{"href":"https:\/\/test.norma-capitel.com\/index.php?rest_route=\/wp\/v2\/product"}],"about":[{"href":"https:\/\/test.norma-capitel.com\/index.php?rest_route=\/wp\/v2\/types\/product"}],"replies":[{"embeddable":true,"href":"https:\/\/test.norma-capitel.com\/index.php?rest_route=%2Fwp%2Fv2%2Fcomments&post=78"}],"wp:featuredmedia":[{"embeddable":true,"href":"https:\/\/test.norma-capitel.com\/index.php?rest_route=\/wp\/v2\/media\/79"}],"wp:attachment":[{"href":"https:\/\/test.norma-capitel.com\/index.php?rest_route=%2Fwp%2Fv2%2Fmedia&parent=78"}],"wp:term":[{"taxonomy":"product_cat","embeddable":true,"href":"https:\/\/test.norma-capitel.com\/index.php?rest_route=%2Fwp%2Fv2%2Fproduct_cat&post=78"},{"taxonomy":"product_tag","embeddable":true,"href":"https:\/\/test.norma-capitel.com\/index.php?rest_route=%2Fwp%2Fv2%2Fproduct_tag&post=78"}],"curies":[{"name":"wp","href":"https:\/\/api.w.org\/{rel}","templated":true}]}}