{"id":76,"date":"2024-11-25T12:10:43","date_gmt":"2024-11-25T12:10:43","guid":{"rendered":"https:\/\/test.norma-capitel.com\/?post_type=product&#038;p=76"},"modified":"2024-11-25T12:10:43","modified_gmt":"2024-11-25T12:10:43","slug":"atlas-de-aritmias","status":"publish","type":"product","link":"https:\/\/test.norma-capitel.com\/?product=atlas-de-aritmias","title":{"rendered":"Atlas de Aritmias"},"content":{"rendered":"<p>P\u00e1ginas\u00a0\u00a0\u00a0\u00a0 160<br \/>\nTama\u00f1o\u00a0\u00a0\u00a0\u00a0 12,50 x 17,50 cm.<br \/>\nPeso\u00a0\u00a0\u00a0\u00a0\u00a0\u00a0\u00a0\u00a0\u00a0\u00a0 250 gr.<\/p>\n<p>Encuadernaci\u00f3n\u00a0 R\u00fastica (tapa blanda)<br \/>\nImpresi\u00f3n\u00a0\u00a0\u00a0\u00a0\u00a0\u00a0\u00a0\u00a0\u00a0\u00a0\u00a0\u00a0\u00a0 Bicolor\u00cdNDICE DE CAP\u00cdTULOS<\/p>\n<p>Aspectos normales.<br \/>\nDefectos en el registro.<br \/>\nAnormalidades del n\u00f3dulo sinusal y ritmo nodal.<br \/>\nBloqueo de rama.<br \/>\nLatidos ect\u00f3picos.<br \/>\nTaquicardias.<br \/>\nFibrilaci\u00f3n aauricular y \u00abFlutter\u00bb.<br \/>\nBradicardia.<br \/>\nBloqueo cardiaco.<br \/>\nEstimulaci\u00f3n.<br \/>\nTaquicardia ventricular y fibrilaci\u00f3n, paro cardiaco.<br \/>\nProblemas en la interpretaci\u00f3n en infarto agudo de miocardio.<br \/>\n___________________________________________<\/p>\n<p>El libro es un\u00a0atlas de caracter\u00edsticas muy peculiares por su reducido formato.<br \/>\nPensado para ayudar al profesional a familiarizarse con las arritmias m\u00e1s habituales y para actuar como un r\u00e1pido punto de referencia en guardias o en la Unidad Coron\u00e1ria,\u00a0 donde resulta imprescindible el descubrimiento de arritmias, a veces desapercibidas en un registro rutinario de electrocarediogramas.<\/p>\n<p>Teniendo en cuenta sus caracteristicas, el espacio reservado para la exposici\u00f3n te\u00f3rica es m\u00ednimo, aunque por supuesto incluye comentarios a las distintas arritmias. Obviamente, las mas importantes reciben una mayor atenci\u00f3n y est\u00e1n mas ilustradas, especialmente si su aspecto es causa frecuente de confusi\u00f3n. El ritmo cardiaco y sus fallos son un claro ejemplo de este punto.\u00a0<\/p>\n<p>No asume un previo conocimiento de electrocardigramas, pero una posterior lectura podr\u00eda ser util. En el inicio se han introducido algunas nociones de electrof\u00edsica b\u00e1sica.<br \/>\n___________________________________________<\/p>\n","protected":false},"excerpt":{"rendered":"<p>P\u00e1ginas\u00a0\u00a0\u00a0\u00a0 160 Tama\u00f1o\u00a0\u00a0\u00a0\u00a0 12,50 x 17,50 cm. Peso\u00a0\u00a0\u00a0\u00a0\u00a0\u00a0\u00a0\u00a0\u00a0\u00a0 250 gr. Encuadernaci\u00f3n\u00a0 R\u00fastica (tapa blanda) Impresi\u00f3n\u00a0\u00a0\u00a0\u00a0\u00a0\u00a0\u00a0\u00a0\u00a0\u00a0\u00a0\u00a0\u00a0 Bicolor\u00cdNDICE DE CAP\u00cdTULOS Aspectos normales.<\/p>\n","protected":false},"featured_media":77,"comment_status":"open","ping_status":"closed","template":"","meta":[],"product_cat":[25],"product_tag":[],"class_list":{"0":"post-76","1":"product","2":"type-product","3":"status-publish","4":"has-post-thumbnail","6":"product_cat-conway-n","8":"first","9":"instock","10":"shipping-taxable","11":"purchasable","12":"product-type-simple"},"_links":{"self":[{"href":"https:\/\/test.norma-capitel.com\/index.php?rest_route=\/wp\/v2\/product\/76","targetHints":{"allow":["GET"]}}],"collection":[{"href":"https:\/\/test.norma-capitel.com\/index.php?rest_route=\/wp\/v2\/product"}],"about":[{"href":"https:\/\/test.norma-capitel.com\/index.php?rest_route=\/wp\/v2\/types\/product"}],"replies":[{"embeddable":true,"href":"https:\/\/test.norma-capitel.com\/index.php?rest_route=%2Fwp%2Fv2%2Fcomments&post=76"}],"wp:featuredmedia":[{"embeddable":true,"href":"https:\/\/test.norma-capitel.com\/index.php?rest_route=\/wp\/v2\/media\/77"}],"wp:attachment":[{"href":"https:\/\/test.norma-capitel.com\/index.php?rest_route=%2Fwp%2Fv2%2Fmedia&parent=76"}],"wp:term":[{"taxonomy":"product_cat","embeddable":true,"href":"https:\/\/test.norma-capitel.com\/index.php?rest_route=%2Fwp%2Fv2%2Fproduct_cat&post=76"},{"taxonomy":"product_tag","embeddable":true,"href":"https:\/\/test.norma-capitel.com\/index.php?rest_route=%2Fwp%2Fv2%2Fproduct_tag&post=76"}],"curies":[{"name":"wp","href":"https:\/\/api.w.org\/{rel}","templated":true}]}}