{"id":74,"date":"2024-11-25T12:10:41","date_gmt":"2024-11-25T12:10:41","guid":{"rendered":"https:\/\/test.norma-capitel.com\/?post_type=product&#038;p=74"},"modified":"2024-11-25T12:10:42","modified_gmt":"2024-11-25T12:10:42","slug":"reeducacion-de-cardiacos","status":"publish","type":"product","link":"https:\/\/test.norma-capitel.com\/?product=reeducacion-de-cardiacos","title":{"rendered":"Reeducaci\u00f3n de Cardiacos"},"content":{"rendered":"<p>P\u00e1ginas\u00a0\u00a0\u00a0\u00a0 112<\/p>\n<p>Tama\u00f1o\u00a0\u00a0\u00a0\u00a0 23,50 x 15,50 cm.<\/p>\n<p>Peso\u00a0\u00a0\u00a0\u00a0\u00a0\u00a0\u00a0\u00a0\u00a0\u00a0 210 gr.<\/p>\n<p>Encuadernaci\u00f3n\u00a0 R\u00fastica (Tapa blanda)<\/p>\n<p>Impresi\u00f3n\u00a0\u00a0\u00a0\u00a0\u00a0\u00a0\u00a0\u00a0\u00a0\u00a0\u00a0\u00a0\u00a0 b\/n\u00cdNDICE DE CAP\u00cdTULOS\u00a0<\/p>\n<p>\u00a0 1\u00a0 Anatom\u00eda patol\u00f3gica.<br \/>\n\u00a0 2\u00a0 Manifestaciones cl\u00ednicas de la arteriosclerosis coronaria.<br \/>\n\u00a0 3\u00a0 Fisiolog\u00eda del esfuerzo.<br \/>\n\u00a0 4\u00a0 Realizaci\u00f3n pr\u00e1ctica de la readaptaci\u00f3n.<br \/>\n\u00a0 5\u00a0 Relajaci\u00f3n en los coronarios.<br \/>\n\u00a0 6\u00a0 Hipertensi\u00f3n arterial y esfuerzo.<br \/>\n\u00a0 7\u00a0 Readaptaci\u00f3n y arteriopat\u00eda obliterante de los miembros inferiores.<br \/>\n________________________________________________<\/p>\n<p>Dentro de los grandes avances producidos en medicina, destaca por su gran importancia el cambio de actitud respecto a la acci\u00f3n terap\u00e9utica en la convalecencia de muy diversas enfermedades, tratando de reintegrar al paciente a una actividad normal lo mas completa y r\u00e1pidamente posible mediante una rehabilitaci\u00f3n o reeducaci\u00f3n.<\/p>\n<p>La reeducaci\u00f3n cardiovascular, inconcebible hace unos a\u00f1os, se ha convertido en una pr\u00e1ctica com\u00fan. Esta revoluci\u00f3n terapeutica en las enfermedades cardiacas y sobre todo en las coronopat\u00edas, se explica por el mejor conocimiento de la fisiolog\u00eda del esfuerzo y de las consecuencias del entrenamiento f\u00edsico.<\/p>\n<p>Este peque\u00f1o pero denso texto de reeducaci\u00f3n es util no solamente a las personas encargadas de modo directo de la rehabilitaci\u00f3n, sino tambi\u00e9n para el cardi\u00f3logo y para los propios pacientes, ya que tanto los cap\u00edtulos destinados a exponer las bases de la rehabilitaci\u00f3n como los correspondientes al desarrollo de la misma, son de lectura f\u00e1cil y de sencilla comprensi\u00f3n.<\/p>\n<p>El programa de readaptaci\u00f3n se divide en varios periodos,\u00a0el primero comienza desde el momento de producirse el infarto hasta el 15\u00ba d\u00eda, tratando de evitar los efectos de dec\u00fabito y al final, realizando un test sobre bicicleta ergon\u00f3mica al 80% para determinar la programaci\u00f3n del 2\u00ba periodo consistente en una readaptaci\u00f3n al esfuerzo y un test ergom\u00e9trico entre los 35 y 65 d\u00edas para adaptar mejor la programaci\u00f3n del 3\u00ba periodo que en realidad dura toda la vida, con ejercicio adaptado en cada caso bajo consejo m\u00e9dico.\u00a0<br \/>\n___________________________________________<\/p>\n","protected":false},"excerpt":{"rendered":"<p>P\u00e1ginas\u00a0\u00a0\u00a0\u00a0 112 Tama\u00f1o\u00a0\u00a0\u00a0\u00a0 23,50 x 15,50 cm. Peso\u00a0\u00a0\u00a0\u00a0\u00a0\u00a0\u00a0\u00a0\u00a0\u00a0 210 gr. Encuadernaci\u00f3n\u00a0 R\u00fastica (Tapa blanda) Impresi\u00f3n\u00a0\u00a0\u00a0\u00a0\u00a0\u00a0\u00a0\u00a0\u00a0\u00a0\u00a0\u00a0\u00a0 b\/n\u00cdNDICE DE CAP\u00cdTULOS\u00a0 \u00a0 1\u00a0<\/p>\n","protected":false},"featured_media":75,"comment_status":"open","ping_status":"closed","template":"","meta":[],"product_cat":[24],"product_tag":[],"class_list":{"0":"post-74","1":"product","2":"type-product","3":"status-publish","4":"has-post-thumbnail","6":"product_cat-abastado-m","8":"first","9":"instock","10":"shipping-taxable","11":"purchasable","12":"product-type-simple"},"_links":{"self":[{"href":"https:\/\/test.norma-capitel.com\/index.php?rest_route=\/wp\/v2\/product\/74","targetHints":{"allow":["GET"]}}],"collection":[{"href":"https:\/\/test.norma-capitel.com\/index.php?rest_route=\/wp\/v2\/product"}],"about":[{"href":"https:\/\/test.norma-capitel.com\/index.php?rest_route=\/wp\/v2\/types\/product"}],"replies":[{"embeddable":true,"href":"https:\/\/test.norma-capitel.com\/index.php?rest_route=%2Fwp%2Fv2%2Fcomments&post=74"}],"wp:featuredmedia":[{"embeddable":true,"href":"https:\/\/test.norma-capitel.com\/index.php?rest_route=\/wp\/v2\/media\/75"}],"wp:attachment":[{"href":"https:\/\/test.norma-capitel.com\/index.php?rest_route=%2Fwp%2Fv2%2Fmedia&parent=74"}],"wp:term":[{"taxonomy":"product_cat","embeddable":true,"href":"https:\/\/test.norma-capitel.com\/index.php?rest_route=%2Fwp%2Fv2%2Fproduct_cat&post=74"},{"taxonomy":"product_tag","embeddable":true,"href":"https:\/\/test.norma-capitel.com\/index.php?rest_route=%2Fwp%2Fv2%2Fproduct_tag&post=74"}],"curies":[{"name":"wp","href":"https:\/\/api.w.org\/{rel}","templated":true}]}}