{"id":72,"date":"2024-11-25T12:10:39","date_gmt":"2024-11-25T12:10:39","guid":{"rendered":"https:\/\/test.norma-capitel.com\/?post_type=product&#038;p=72"},"modified":"2024-11-25T12:10:40","modified_gmt":"2024-11-25T12:10:40","slug":"sistema-diedrico-200-problemas-tipo","status":"publish","type":"product","link":"https:\/\/test.norma-capitel.com\/?product=sistema-diedrico-200-problemas-tipo","title":{"rendered":"SISTEMA DI\u00c9DRICO. 200 problemas \u00abtipo\u00bb"},"content":{"rendered":"<p>P\u00e1ginas\u00a0\u00a0\u00a0\u00a0 384<br \/>\nTama\u00f1o\u00a0\u00a0\u00a0\u00a0 27,00 x 19,60 cm.<br \/>\nPeso\u00a0\u00a0\u00a0\u00a0\u00a0\u00a0\u00a0\u00a0\u00a0\u00a0 1.040 gr.<\/p>\n<p>Encuadernaci\u00f3n\u00a0 R\u00fastica (Tapa blanda)<br \/>\nImpresi\u00f3n\u00a0\u00a0\u00a0\u00a0\u00a0\u00a0\u00a0\u00a0\u00a0\u00a0\u00a0\u00a0\u00a0 Bicolor\u00a0\u00a0\u00a0\u00a0\u00a0\u00a0\u00a0\u00a0\u00a0\u00a0\u00a0\u00a0\u00a0\u00a0\u00a0\u00a0\u00a0<br \/>\n\u00a0\u00cdNDICE DE CAP\u00cdTULOS<\/p>\n<p>Abreviaturas y nomenclaturas utilizadas.<\/p>\n<p>\u00a0 1\u00a0 Elementos fundamentales. Punto, recta y plano.<br \/>\n\u00a0 2\u00a0 Intersecci\u00f3n de los elementos fundamentales.<br \/>\n\u00a0 3\u00a0 Paralelismo.<br \/>\n\u00a0 4\u00a0 Perpendicularidad.<br \/>\n\u00a0 5\u00a0 Distancias.<br \/>\n\u00a0 6\u00a0 Verdaderas magnitudes. Abatimientos, cambios de \u00a0\u00a0\u00a0\u00a0 plano y giros.<br \/>\n\u00a0 7\u00a0 \u00c1ngulos.<br \/>\n\u00a0 8\u00a0 Afinidad y homolog\u00eda aplicada.<br \/>\n\u00a0 9\u00a0 Figuras planas.<br \/>\n10\u00a0 Poliedros.<br \/>\n11\u00a0 Superficies radiadas. Superficies de segundo grado y de revoluci\u00f3n.<br \/>\n12\u00a0 Intersecci\u00f3n de superficies.<br \/>\n13\u00a0 Sombras.<br \/>\n14\u00a0 Curvas helicoidales.<br \/>\n15\u00a0 Superficies de transici\u00f3n. Adaptadores.<br \/>\n\u00cdndice alfab\u00e9tico<\/p>\n<p>______________________________________<br \/>\nEl autor, dada su larga experiencia en el campo de la ense\u00f1anza (arquitecto t\u00e9cnico, profesor Esc. Univ. Profesorado Granada. Esc. Univ. Ingenier\u00eda T\u00e9cnica Agr\u00edcola Valladolid. Instituto Polit\u00e9cnico Cordoba), es buen conocedor de las dificultades que representa introducirse en el mundo del di\u00e9drico; para hacerlo mas transparente al alumno, ha efectuado una acertada recopilaci\u00f3n de todos y cada uno de los problemas \u00abtipo\u00bb que pueden surgir, exponiendo en primer lugar los conceptos b\u00e1sicos necesarios para el desarrollo de todo el sistema, interrelacionando unos con otros, creando una verdadera vertebraci\u00f3n que sustenta todo el m\u00e9todo.<br \/>\nEl libro es una gu\u00eda eminentemente pr\u00e1ctica, enfocando cada problema desde un punto de vista te\u00f3rico, con su inmediata aplicaci\u00f3n pr\u00e1ctica, adem\u00e1s y bajo el t\u00edtulo de \u00abplanteamiento\u00bb, apunta una sucinta referencia de los conceptos\u00a0fundamentales necesarios para la resoluci\u00f3n del ejercicio.\u00a0\u00a0En el desarrollo gr\u00e1fico, se\u00a0desgrana el sistema punto a punto, incluyendo adem\u00e1s la representaci\u00f3n en otro sistema, buscando la posici\u00f3n m\u00e1s id\u00f3nea, facilitando as\u00ed su comprensi\u00f3n espacial.\u00a0<br \/>\n___________________________________________<\/p>\n","protected":false},"excerpt":{"rendered":"<p>P\u00e1ginas\u00a0\u00a0\u00a0\u00a0 384 Tama\u00f1o\u00a0\u00a0\u00a0\u00a0 27,00 x 19,60 cm. Peso\u00a0\u00a0\u00a0\u00a0\u00a0\u00a0\u00a0\u00a0\u00a0\u00a0 1.040 gr. Encuadernaci\u00f3n\u00a0 R\u00fastica (Tapa blanda) Impresi\u00f3n\u00a0\u00a0\u00a0\u00a0\u00a0\u00a0\u00a0\u00a0\u00a0\u00a0\u00a0\u00a0\u00a0 Bicolor\u00a0\u00a0\u00a0\u00a0\u00a0\u00a0\u00a0\u00a0\u00a0\u00a0\u00a0\u00a0\u00a0\u00a0\u00a0\u00a0\u00a0 \u00a0\u00cdNDICE DE CAP\u00cdTULOS Abreviaturas<\/p>\n","protected":false},"featured_media":73,"comment_status":"open","ping_status":"closed","template":"","meta":[],"product_cat":[22],"product_tag":[],"class_list":{"0":"post-72","1":"product","2":"type-product","3":"status-publish","4":"has-post-thumbnail","6":"product_cat-santisteban-a","8":"first","9":"instock","10":"shipping-taxable","11":"purchasable","12":"product-type-simple"},"_links":{"self":[{"href":"https:\/\/test.norma-capitel.com\/index.php?rest_route=\/wp\/v2\/product\/72","targetHints":{"allow":["GET"]}}],"collection":[{"href":"https:\/\/test.norma-capitel.com\/index.php?rest_route=\/wp\/v2\/product"}],"about":[{"href":"https:\/\/test.norma-capitel.com\/index.php?rest_route=\/wp\/v2\/types\/product"}],"replies":[{"embeddable":true,"href":"https:\/\/test.norma-capitel.com\/index.php?rest_route=%2Fwp%2Fv2%2Fcomments&post=72"}],"wp:featuredmedia":[{"embeddable":true,"href":"https:\/\/test.norma-capitel.com\/index.php?rest_route=\/wp\/v2\/media\/73"}],"wp:attachment":[{"href":"https:\/\/test.norma-capitel.com\/index.php?rest_route=%2Fwp%2Fv2%2Fmedia&parent=72"}],"wp:term":[{"taxonomy":"product_cat","embeddable":true,"href":"https:\/\/test.norma-capitel.com\/index.php?rest_route=%2Fwp%2Fv2%2Fproduct_cat&post=72"},{"taxonomy":"product_tag","embeddable":true,"href":"https:\/\/test.norma-capitel.com\/index.php?rest_route=%2Fwp%2Fv2%2Fproduct_tag&post=72"}],"curies":[{"name":"wp","href":"https:\/\/api.w.org\/{rel}","templated":true}]}}