{"id":70,"date":"2024-11-25T12:10:37","date_gmt":"2024-11-25T12:10:37","guid":{"rendered":"https:\/\/test.norma-capitel.com\/?post_type=product&#038;p=70"},"modified":"2024-11-25T12:10:39","modified_gmt":"2024-11-25T12:10:39","slug":"anatomia-artistica-del-hombre","status":"publish","type":"product","link":"https:\/\/test.norma-capitel.com\/?product=anatomia-artistica-del-hombre","title":{"rendered":"Anatom\u00eda art\u00edstica del hombre"},"content":{"rendered":"<p>P\u00e1ginas\u00a0\u00a0\u00a0\u00a0 416<br \/>\nTama\u00f1o\u00a0\u00a0\u00a0\u00a0 23,50 x 16,00 cm<br \/>\nPeso\u00a0\u00a0\u00a0\u00a0\u00a0\u00a0\u00a0\u00a0\u00a0\u00a0 790 gr.<br \/>\nEncuadernaci\u00f3n\u00a0 Carton\u00e9 (Tapa dura)<br \/>\nImpresi\u00f3n\u00a0\u00a0\u00a0\u00a0\u00a0\u00a0\u00a0\u00a0\u00a0\u00a0\u00a0\u00a0\u00a0 b\/n\u00a0\u00cdNDICE DE CAP\u00cdTULOS<\/p>\n<p>Osteolog\u00eda<\/p>\n<p>El esqueleto<br \/>\nLas articulaciones<\/p>\n<p>Miolog\u00eda<\/p>\n<p>Los m\u00fasculos<\/p>\n<p>Sistema vascular<\/p>\n<p>El sistema vascular<br \/>\nLas venas<\/p>\n<p>Tejido graso<\/p>\n<p>Morfolog\u00eda humana<\/p>\n<p>Consideraciones preliminares<br \/>\nElementos de morfolog\u00eda normal<br \/>\nEl atleta es el hombre normal<br \/>\nDescripci\u00f3n del cuerpo femenino<\/p>\n<p>Proporciones del cuerpo humano<\/p>\n<p>Los c\u00e1nones<br \/>\nEjercicios elementales de dibujo<br \/>\nLa crucifixi\u00f3n<\/p>\n<p>___________________________________________<\/p>\n<p>El libro en su conjunto, es un peque\u00f1o manual de anatom\u00eda mas que un curso de morfolog\u00eda humana.<br \/>\nSu objetivo es instruir en el arte del dibujo anat\u00f3mico\u00a0a aquellos que tras haber realizado estudios preliminares sobre el arte antiguo y el modelo vivo, tienen ya una primera noci\u00f3n emp\u00edrica de las formas externas del cuerpo humano.<br \/>\n___________________________________________<\/p>\n","protected":false},"excerpt":{"rendered":"<p>P\u00e1ginas\u00a0\u00a0\u00a0\u00a0 416 Tama\u00f1o\u00a0\u00a0\u00a0\u00a0 23,50 x 16,00 cm Peso\u00a0\u00a0\u00a0\u00a0\u00a0\u00a0\u00a0\u00a0\u00a0\u00a0 790 gr. Encuadernaci\u00f3n\u00a0 Carton\u00e9 (Tapa dura) Impresi\u00f3n\u00a0\u00a0\u00a0\u00a0\u00a0\u00a0\u00a0\u00a0\u00a0\u00a0\u00a0\u00a0\u00a0 b\/n\u00a0\u00cdNDICE DE CAP\u00cdTULOS Osteolog\u00eda El<\/p>\n","protected":false},"featured_media":71,"comment_status":"open","ping_status":"closed","template":"","meta":[],"product_cat":[21],"product_tag":[],"class_list":{"0":"post-70","1":"product","2":"type-product","3":"status-publish","4":"has-post-thumbnail","6":"product_cat-moreaux-a","8":"first","9":"instock","10":"shipping-taxable","11":"purchasable","12":"product-type-simple"},"_links":{"self":[{"href":"https:\/\/test.norma-capitel.com\/index.php?rest_route=\/wp\/v2\/product\/70","targetHints":{"allow":["GET"]}}],"collection":[{"href":"https:\/\/test.norma-capitel.com\/index.php?rest_route=\/wp\/v2\/product"}],"about":[{"href":"https:\/\/test.norma-capitel.com\/index.php?rest_route=\/wp\/v2\/types\/product"}],"replies":[{"embeddable":true,"href":"https:\/\/test.norma-capitel.com\/index.php?rest_route=%2Fwp%2Fv2%2Fcomments&post=70"}],"wp:featuredmedia":[{"embeddable":true,"href":"https:\/\/test.norma-capitel.com\/index.php?rest_route=\/wp\/v2\/media\/71"}],"wp:attachment":[{"href":"https:\/\/test.norma-capitel.com\/index.php?rest_route=%2Fwp%2Fv2%2Fmedia&parent=70"}],"wp:term":[{"taxonomy":"product_cat","embeddable":true,"href":"https:\/\/test.norma-capitel.com\/index.php?rest_route=%2Fwp%2Fv2%2Fproduct_cat&post=70"},{"taxonomy":"product_tag","embeddable":true,"href":"https:\/\/test.norma-capitel.com\/index.php?rest_route=%2Fwp%2Fv2%2Fproduct_tag&post=70"}],"curies":[{"name":"wp","href":"https:\/\/api.w.org\/{rel}","templated":true}]}}