{"id":66,"date":"2024-11-25T12:10:33","date_gmt":"2024-11-25T12:10:33","guid":{"rendered":"https:\/\/test.norma-capitel.com\/?post_type=product&#038;p=66"},"modified":"2024-11-25T12:10:34","modified_gmt":"2024-11-25T12:10:34","slug":"descubre-los-frutos-exoticos","status":"publish","type":"product","link":"https:\/\/test.norma-capitel.com\/?product=descubre-los-frutos-exoticos","title":{"rendered":"DESCUBRE LOS FRUTOS EX\u00d3TICOS"},"content":{"rendered":"<p>P\u00e1ginas\u00a0\u00a0\u00a0\u00a0 456<br \/>\nTama\u00f1o\u00a0\u00a0\u00a0\u00a0 30,00 x 23,00 cm<br \/>\nPeso\u00a0\u00a0\u00a0\u00a0\u00a0\u00a0\u00a0\u00a0\u00a0\u00a0 2.950 gr.<br \/>\nEncuadernaci\u00f3n Carton\u00e9 (Tapa dura)<br \/>\nImpresi\u00f3n\u00a0 \u00a0 \u00a0 \u00a0\u00a0\u00a0\u00a0\u00a0\u00a0 Color\u00cdNDICE DE CAP\u00cdTULOS\u00a0<\/p>\n<p>Frutos por familia bot\u00e1nica<\/p>\n<p>Actinidi\u00e1ceas. Anacardi\u00e1ceas. Anon\u00e1ceas. Apocin\u00e1ceas. Ar\u00e1ceas.<br \/>\nBix\u00e1ceas. Bomb\u00e1ceas. Bromeli\u00e1ceas. Burser\u00e1ceas.\u00a0\u00a0\u00a0\u00a0\u00a0\u00a0\u00a0\u00a0\u00a0\u00a0\u00a0\u00a0\u00a0\u00a0<br \/>\nCact\u00e1ceas. Caric\u00e1ceas. Crisobalan\u00e1ceas. Cucurbit\u00e1ceas.\u00a0\u00a0\u00a0\u00a0\u00a0<br \/>\nDioscore\u00e1ceas.<br \/>\nEben\u00e1ceas.\u00a0 Esterculi\u00e1ceas. Euforbi\u00e1ceas.<br \/>\nFlacurti\u00e1ceas.<br \/>\nGram\u00edneas. Gut\u00edferas.<br \/>\nJugland\u00e1ceas.<br \/>\n\u00a0Laur\u00e1ceas. Lecitid\u00e1ceas. Leguminosas.<br \/>\nMalpigi\u00e1ceas. Malv\u00e1ceas. Meli\u00e1ceas.\u00a0 Mirt\u00e1ceas. Mor\u00e1ceas. Mus\u00e1ceas.<br \/>\nOxalid\u00e1ceas.\u00a0<br \/>\n\u00a0Palm\u00e1ceas. Pasiflor\u00e1ceas. Poligon\u00e1ceas. Prot\u00e1ceas.\u00a0<br \/>\nRamn\u00e1ceas. Ros\u00e1ceas. Rubi\u00e1ceas. Rut\u00e1ceas.<br \/>\nSapind\u00e1ceas. Sapot\u00e1ceas. Solan\u00e1ceas.<br \/>\nZingiber\u00e1ceas.<\/p>\n<p>Origen de la agricultura por continente\u00a0<\/p>\n<p>Frutos desconocidos fuera del lugar de origen\u00a0<\/p>\n<p>Indice alfab\u00e9tico<\/p>\n<p>Glosario<br \/>\nBibliograf\u00eda<br \/>\nColaboraciones<br \/>\n ______________________________________<br \/>\nEl autor,\u00a0autoridad y l\u00edder en la materia, con la presentaci\u00f3n y contenido del libro,\u00a0nos lleva a descubrir el mundo de los frutos tropicales,\u00a0clasific\u00e1ndolos en 40 familias bot\u00e1nicas\u00a0donde incluye\u00a0m\u00e1s de 200 frutos, analiz\u00e1ndo uno por uno, acompa\u00f1ando con\u00a0magn\u00edficas ilustraciones y comentarios hist\u00f3ricos que abarcan desde su origen a los\u00a0lugares de actual cultivo, tablas con la denominaci\u00f3n del fruto en diferentes paises,\u00a0valores nutricionales,\u00a0or\u00edgenes de la agricultura ordenados por continentes y frutos desconocidos fuera de su lugar de origen.<\/p>\n<p>Este amplio contenido convierte al libro en elemento neces\u00e1rio tanto para el consumidor como para el productor y comercializador, resultando adem\u00e1s, por su cuidada presentaci\u00f3n, un magnifico y selecto libro de regalo.\u00a0<br \/>\n____________________________________________<\/p>\n","protected":false},"excerpt":{"rendered":"<p>P\u00e1ginas\u00a0\u00a0\u00a0\u00a0 456 Tama\u00f1o\u00a0\u00a0\u00a0\u00a0 30,00 x 23,00 cm Peso\u00a0\u00a0\u00a0\u00a0\u00a0\u00a0\u00a0\u00a0\u00a0\u00a0 2.950 gr. Encuadernaci\u00f3n Carton\u00e9 (Tapa dura) Impresi\u00f3n\u00a0 \u00a0 \u00a0 \u00a0\u00a0\u00a0\u00a0\u00a0\u00a0 Color\u00cdNDICE DE<\/p>\n","protected":false},"featured_media":67,"comment_status":"open","ping_status":"closed","template":"","meta":[],"product_cat":[18],"product_tag":[],"class_list":{"0":"post-66","1":"product","2":"type-product","3":"status-publish","4":"has-post-thumbnail","6":"product_cat-diaz-robledo-julian","8":"first","9":"instock","10":"shipping-taxable","11":"purchasable","12":"product-type-simple"},"_links":{"self":[{"href":"https:\/\/test.norma-capitel.com\/index.php?rest_route=\/wp\/v2\/product\/66","targetHints":{"allow":["GET"]}}],"collection":[{"href":"https:\/\/test.norma-capitel.com\/index.php?rest_route=\/wp\/v2\/product"}],"about":[{"href":"https:\/\/test.norma-capitel.com\/index.php?rest_route=\/wp\/v2\/types\/product"}],"replies":[{"embeddable":true,"href":"https:\/\/test.norma-capitel.com\/index.php?rest_route=%2Fwp%2Fv2%2Fcomments&post=66"}],"wp:featuredmedia":[{"embeddable":true,"href":"https:\/\/test.norma-capitel.com\/index.php?rest_route=\/wp\/v2\/media\/67"}],"wp:attachment":[{"href":"https:\/\/test.norma-capitel.com\/index.php?rest_route=%2Fwp%2Fv2%2Fmedia&parent=66"}],"wp:term":[{"taxonomy":"product_cat","embeddable":true,"href":"https:\/\/test.norma-capitel.com\/index.php?rest_route=%2Fwp%2Fv2%2Fproduct_cat&post=66"},{"taxonomy":"product_tag","embeddable":true,"href":"https:\/\/test.norma-capitel.com\/index.php?rest_route=%2Fwp%2Fv2%2Fproduct_tag&post=66"}],"curies":[{"name":"wp","href":"https:\/\/api.w.org\/{rel}","templated":true}]}}