{"id":194,"date":"2024-11-25T12:12:15","date_gmt":"2024-11-25T12:12:15","guid":{"rendered":"https:\/\/test.norma-capitel.com\/?post_type=product&#038;p=194"},"modified":"2024-11-25T12:12:15","modified_gmt":"2024-11-25T12:12:15","slug":"reflexiones-de-un-catalan-de-centro","status":"publish","type":"product","link":"https:\/\/test.norma-capitel.com\/?product=reflexiones-de-un-catalan-de-centro","title":{"rendered":"Reflexiones de un catal\u00e1n de centro"},"content":{"rendered":"<p>P\u00e1ginas\u00a0\u00a0\u00a0\u00a0 288<br \/>\nTama\u00f1o\u00a0\u00a0\u00a0\u00a0 22,00 x 14,50 cm.<br \/>\nPeso\u00a0\u00a0\u00a0\u00a0\u00a0\u00a0\u00a0\u00a0\u00a0 430 gr.<br \/>\n\u00a0<br \/>\nEncuadernaci\u00f3n\u00a0 R\u00fastica (Tapa blanda)<br \/>\nImpresi\u00f3n\u00a0\u00a0\u00a0\u00a0\u00a0\u00a0\u00a0\u00a0\u00a0\u00a0\u00a0 b\/n\u00cdNDICE DE CAP\u00cdTULOS<br \/>\nArt\u00edculos<br \/>\nReproducci\u00f3n de fragmentos de entrevistas<br \/>\n\u00edndice onom\u00e1stico<br \/>\n___________________________________________<br \/>\nEl autor, en una recopilaci\u00f3n de 111 art\u00edculos, publicados en diversos medios de comunicaci\u00f3n, establece su catalanismo pol\u00edtico y sociol\u00f3gico de Centro, basado en una amplia visi\u00f3n y en el consenso.<br \/>\n____________________________________________<\/p>\n","protected":false},"excerpt":{"rendered":"<p>P\u00e1ginas\u00a0\u00a0\u00a0\u00a0 288 Tama\u00f1o\u00a0\u00a0\u00a0\u00a0 22,00 x 14,50 cm. Peso\u00a0\u00a0\u00a0\u00a0\u00a0\u00a0\u00a0\u00a0\u00a0 430 gr. \u00a0 Encuadernaci\u00f3n\u00a0 R\u00fastica (Tapa blanda) Impresi\u00f3n\u00a0\u00a0\u00a0\u00a0\u00a0\u00a0\u00a0\u00a0\u00a0\u00a0\u00a0 b\/n\u00cdNDICE DE CAP\u00cdTULOS Art\u00edculos<\/p>\n","protected":false},"featured_media":195,"comment_status":"open","ping_status":"closed","template":"","meta":[],"product_cat":[93],"product_tag":[],"class_list":{"0":"post-194","1":"product","2":"type-product","3":"status-publish","4":"has-post-thumbnail","6":"product_cat-trias-de-bes-j-m","8":"first","9":"instock","10":"shipping-taxable","11":"purchasable","12":"product-type-simple"},"_links":{"self":[{"href":"https:\/\/test.norma-capitel.com\/index.php?rest_route=\/wp\/v2\/product\/194","targetHints":{"allow":["GET"]}}],"collection":[{"href":"https:\/\/test.norma-capitel.com\/index.php?rest_route=\/wp\/v2\/product"}],"about":[{"href":"https:\/\/test.norma-capitel.com\/index.php?rest_route=\/wp\/v2\/types\/product"}],"replies":[{"embeddable":true,"href":"https:\/\/test.norma-capitel.com\/index.php?rest_route=%2Fwp%2Fv2%2Fcomments&post=194"}],"wp:featuredmedia":[{"embeddable":true,"href":"https:\/\/test.norma-capitel.com\/index.php?rest_route=\/wp\/v2\/media\/195"}],"wp:attachment":[{"href":"https:\/\/test.norma-capitel.com\/index.php?rest_route=%2Fwp%2Fv2%2Fmedia&parent=194"}],"wp:term":[{"taxonomy":"product_cat","embeddable":true,"href":"https:\/\/test.norma-capitel.com\/index.php?rest_route=%2Fwp%2Fv2%2Fproduct_cat&post=194"},{"taxonomy":"product_tag","embeddable":true,"href":"https:\/\/test.norma-capitel.com\/index.php?rest_route=%2Fwp%2Fv2%2Fproduct_tag&post=194"}],"curies":[{"name":"wp","href":"https:\/\/api.w.org\/{rel}","templated":true}]}}