{"id":192,"date":"2024-11-25T12:12:13","date_gmt":"2024-11-25T12:12:13","guid":{"rendered":"https:\/\/test.norma-capitel.com\/?post_type=product&#038;p=192"},"modified":"2024-11-25T12:12:14","modified_gmt":"2024-11-25T12:12:14","slug":"panaderia-pasteleria-agotado","status":"publish","type":"product","link":"https:\/\/test.norma-capitel.com\/?product=panaderia-pasteleria-agotado","title":{"rendered":"PANADER\u00cdA &#8211; PASTELER\u00cdA (AGOTADO)"},"content":{"rendered":"<p>P\u00e1ginas\u00a0\u00a0\u00a0\u00a0 480<br \/>\nTama\u00f1o\u00a0\u00a0\u00a0\u00a0 27,50 x 19,70 cm.<br \/>\nPeso\u00a0\u00a0\u00a0\u00a0\u00a0\u00a0\u00a0\u00a0\u00a0 1400 gr.<br \/>\n\u00a0<br \/>\nEncuadernaci\u00f3n\u00a0 Carton\u00e9 (Tapa dura)<br \/>\nImpresi\u00f3n\u00a0\u00a0\u00a0\u00a0\u00a0\u00a0\u00a0\u00a0\u00a0\u00a0\u00a0\u00a0\u00a0 ColorGalardonado con el Premio \u00abGOURMAND WORLD COOKBOOK AWARDS 2011\u00bb al mejor libro editado en Espa\u00f1a en COCINA PROFESIONAL<br \/>\n___________________________________________<br \/>\n\u00cdNDICE DE CAP\u00cdTULOS<br \/>\n\u00a01\u00a0 Historia de la Pasteler\u00eda.<br \/>\n\u00a02\u00a0 La pasteler\u00eda y su entorno.<br \/>\n\u00a03\u00a0 \u00datiles, herramientas, equipos y maquinaria.<br \/>\n\u00a0<br \/>\n\u00a0MATERIAS PRIMAS<br \/>\n\u00a04\u00a0 Materias primas no perecederas.<br \/>\n\u00a05\u00a0 Materias primas perecederas (I).<br \/>\n\u00a06\u00a0 Materias primas perecederas (II).<br \/>\n\u00a0<br \/>\nPANADER\u00cdA<br \/>\n\u00a07\u00a0 El negocio de la panader\u00eda.<br \/>\n\u00a08\u00a0 Elaboraci\u00f3n del pan.<br \/>\n\u00a09 F\u00f3rmulas o recetas de panader\u00eda.<br \/>\n\u00a0<br \/>\nPASTELER\u00cdA<br \/>\n10\u00a0 Masas de boller\u00eda.<br \/>\n11\u00a0 Pastas de Bab\u00e1s y Savar\u00edn.<br \/>\n12\u00a0 Utilizaciones y elaboraciones b\u00e1sicas de Pasteler\u00eda.<br \/>\n13\u00a0 Cremas y rellenos.<br \/>\n14\u00a0 Bizcochos.<br \/>\n15 Tartas.<br \/>\n16\u00a0 Pasteles.<br \/>\n17\u00a0 Petit-fours.<br \/>\n18\u00a0 Hojaldre.<br \/>\n19\u00a0 Pasteler\u00eda salada.<br \/>\n20\u00a0 Masas fritas.<br \/>\n21\u00a0 Pasta choux o petis\u00fa.<br \/>\n22\u00a0 Pastas de manga.<br \/>\n23\u00a0 Pastas secas.<br \/>\n24\u00a0 Rosquillas.<br \/>\n25\u00a0 Helados.<br \/>\n26\u00a0 Tortillas y Souffl\u00e9s.<br \/>\n27\u00a0 Semifr\u00edos.<br \/>\n28\u00a0 Postres.<br \/>\n29\u00a0 Chocolate.<br \/>\n30\u00a0 Caramelo.<br \/>\n31\u00a0 Mazapanes y turrones<br \/>\nGlosario de t\u00e9rminos<br \/>\n______________________________________<br \/>\n\u00a0 La obra aparece en su 2\u00aa edici\u00f3n, completamente revisada, ampliada, con nueva maquetaci\u00f3n y a cuatro colores. En su origen, fue publicada por la Editorial McGraw-Hill, permaneciendo agotada pese a su gran demanda.<br \/>\nEl autor, Profesor T\u00e9cnico de Hosteler\u00eda, ha sido galardonado por el Ministerio de Educaci\u00f3n y Ciencia, como \u00abexperto tecnol\u00f3gico docente\u00bb para el modulo de Pasteler\u00eda y Panader\u00eda en la ense\u00f1anza profesional. Su experiencia abarca desde la cocina, panader\u00eda y pasteler\u00eda a la diet\u00e9tica, nutrici\u00f3n y toxiinfecciones alimentarias.<br \/>\nHa ejercido como Jefe de Cocina y como Jefe de los Servicios de Pasteler\u00eda en \u00abPasteler\u00edas Mallorca\u00bb durante 13 a\u00f1os. Comienza su labor docente en la Escuela de Hosteler\u00eda \u00abCamino de Santiago\u00bb en Santo Domingo de la Calzada y en la actualidad, \u00a0imparte sus conocimientos en la Escuela Superior de Hosteler\u00eda y Turismo de Madrid, desde hace m\u00e1s de una d\u00e9cada.<br \/>\nComo indica Francisco Torreblanca en el Pr\u00f3logo (premiado como \u00abMejor Pastelero de Espa\u00f1a\u00bb en 1988 y \u00abde Europa\u00bb en 1990), el libro conserva las recetas tradicionales e incluye las de mayor actualidad, lo que le convierte en herramienta imprescindible para realizarlas con total seguridad.<br \/>\nLa finalidad del autor, no es elaborar un recetario m\u00e1s, sino que utilizando las recetas, fruto de los largos a\u00f1os de oficio, todas ellas meticulosamente calculadas y comprobadas, dirige al lector paso a paso a trav\u00e9s del texto, explicando, comentando y desarrollando punto por punto cada una de ellas, con objeto de hacerlas lo m\u00e1s comprensibles posible, tanto para el alumno como para el profesional que quiera disipar alguna duda.<br \/>\nEl libro es una herramienta imprescindible tanto para quien comienza a adentrarse en el fascinante mundo de la pasteler\u00eda y la panader\u00eda como para profesionales.\u00a0<br \/>\n____________________________________________<\/p>\n","protected":false},"excerpt":{"rendered":"<p>P\u00e1ginas\u00a0\u00a0\u00a0\u00a0 480 Tama\u00f1o\u00a0\u00a0\u00a0\u00a0 27,50 x 19,70 cm. Peso\u00a0\u00a0\u00a0\u00a0\u00a0\u00a0\u00a0\u00a0\u00a0 1400 gr. \u00a0 Encuadernaci\u00f3n\u00a0 Carton\u00e9 (Tapa dura) Impresi\u00f3n\u00a0\u00a0\u00a0\u00a0\u00a0\u00a0\u00a0\u00a0\u00a0\u00a0\u00a0\u00a0\u00a0 ColorGalardonado con el Premio<\/p>\n","protected":false},"featured_media":193,"comment_status":"open","ping_status":"closed","template":"","meta":[],"product_cat":[92],"product_tag":[],"class_list":{"0":"post-192","1":"product","2":"type-product","3":"status-publish","4":"has-post-thumbnail","6":"product_cat-humanes-j-p","8":"first","9":"instock","10":"shipping-taxable","11":"purchasable","12":"product-type-simple"},"_links":{"self":[{"href":"https:\/\/test.norma-capitel.com\/index.php?rest_route=\/wp\/v2\/product\/192","targetHints":{"allow":["GET"]}}],"collection":[{"href":"https:\/\/test.norma-capitel.com\/index.php?rest_route=\/wp\/v2\/product"}],"about":[{"href":"https:\/\/test.norma-capitel.com\/index.php?rest_route=\/wp\/v2\/types\/product"}],"replies":[{"embeddable":true,"href":"https:\/\/test.norma-capitel.com\/index.php?rest_route=%2Fwp%2Fv2%2Fcomments&post=192"}],"wp:featuredmedia":[{"embeddable":true,"href":"https:\/\/test.norma-capitel.com\/index.php?rest_route=\/wp\/v2\/media\/193"}],"wp:attachment":[{"href":"https:\/\/test.norma-capitel.com\/index.php?rest_route=%2Fwp%2Fv2%2Fmedia&parent=192"}],"wp:term":[{"taxonomy":"product_cat","embeddable":true,"href":"https:\/\/test.norma-capitel.com\/index.php?rest_route=%2Fwp%2Fv2%2Fproduct_cat&post=192"},{"taxonomy":"product_tag","embeddable":true,"href":"https:\/\/test.norma-capitel.com\/index.php?rest_route=%2Fwp%2Fv2%2Fproduct_tag&post=192"}],"curies":[{"name":"wp","href":"https:\/\/api.w.org\/{rel}","templated":true}]}}