{"id":190,"date":"2024-11-25T12:12:12","date_gmt":"2024-11-25T12:12:12","guid":{"rendered":"https:\/\/test.norma-capitel.com\/?post_type=product&#038;p=190"},"modified":"2024-11-25T12:12:12","modified_gmt":"2024-11-25T12:12:12","slug":"cardiologia","status":"publish","type":"product","link":"https:\/\/test.norma-capitel.com\/?product=cardiologia","title":{"rendered":"Cardiolog\u00eda"},"content":{"rendered":"<p>P\u00e1ginas\u00a0\u00a0\u00a0\u00a0 154<br \/>\nTama\u00f1o\u00a0\u00a0\u00a0\u00a0 26,40 x 18,80 cm.<br \/>\nPeso\u00a0\u00a0\u00a0\u00a0\u00a0\u00a0\u00a0\u00a0\u00a0\u00a0 430 gr.<br \/>\n\u00a0<br \/>\nEncuadernaci\u00f3n\u00a0 R\u00fastica (Tapa blanda)<br \/>\nImpresi\u00f3n\u00a0\u00a0\u00a0\u00a0\u00a0\u00a0\u00a0\u00a0\u00a0\u00a0\u00a0\u00a0\u00a0 b\/n\u00cdNDICE DE MATERIAS<br \/>\nEpidemiolog\u00eda. Factores de riesgo.<br \/>\nFisiolog\u00eda del coraz\u00f3n y de la circulaci\u00f3n.<br \/>\nExamen del paciente cardiaco.<br \/>\nEx\u00e1menes complementarios.<br \/>\nInsuficiencia coronaria.<br \/>\nValvulopat\u00edas.<br \/>\nEndocarditis bacteriana.<br \/>\nAfecciones del pericardio.<br \/>\nMiocardiopat\u00edas.<br \/>\nInsuficiencia cardiaca.<br \/>\nTrastornos del ritmo y de la conducci\u00f3n.<br \/>\nHipertensi\u00f3n arterial.<br \/>\nFlebitis de los miembros inferiores.<br \/>\nEmbolia pulmonar.<br \/>\nArteritis.<br \/>\nVarices de los miembros inferiores.<br \/>\nCardiopat\u00edas cong\u00e9nitas.<br \/>\nTerap\u00e9utica.<br \/>\nReanimaci\u00f3n cardiaca.<br \/>\nEstimulaci\u00f3n cardiaca definitiva.<br \/>\nCirug\u00eda cardiaca.<br \/>\n____________________________________________<\/p>\n","protected":false},"excerpt":{"rendered":"<p>P\u00e1ginas\u00a0\u00a0\u00a0\u00a0 154 Tama\u00f1o\u00a0\u00a0\u00a0\u00a0 26,40 x 18,80 cm. Peso\u00a0\u00a0\u00a0\u00a0\u00a0\u00a0\u00a0\u00a0\u00a0\u00a0 430 gr. \u00a0 Encuadernaci\u00f3n\u00a0 R\u00fastica (Tapa blanda) Impresi\u00f3n\u00a0\u00a0\u00a0\u00a0\u00a0\u00a0\u00a0\u00a0\u00a0\u00a0\u00a0\u00a0\u00a0 b\/n\u00cdNDICE DE MATERIAS Epidemiolog\u00eda.<\/p>\n","protected":false},"featured_media":191,"comment_status":"open","ping_status":"closed","template":"","meta":[],"product_cat":[91],"product_tag":[],"class_list":{"0":"post-190","1":"product","2":"type-product","3":"status-publish","4":"has-post-thumbnail","6":"product_cat-tem-31","8":"first","9":"instock","10":"shipping-taxable","11":"purchasable","12":"product-type-simple"},"_links":{"self":[{"href":"https:\/\/test.norma-capitel.com\/index.php?rest_route=\/wp\/v2\/product\/190","targetHints":{"allow":["GET"]}}],"collection":[{"href":"https:\/\/test.norma-capitel.com\/index.php?rest_route=\/wp\/v2\/product"}],"about":[{"href":"https:\/\/test.norma-capitel.com\/index.php?rest_route=\/wp\/v2\/types\/product"}],"replies":[{"embeddable":true,"href":"https:\/\/test.norma-capitel.com\/index.php?rest_route=%2Fwp%2Fv2%2Fcomments&post=190"}],"wp:featuredmedia":[{"embeddable":true,"href":"https:\/\/test.norma-capitel.com\/index.php?rest_route=\/wp\/v2\/media\/191"}],"wp:attachment":[{"href":"https:\/\/test.norma-capitel.com\/index.php?rest_route=%2Fwp%2Fv2%2Fmedia&parent=190"}],"wp:term":[{"taxonomy":"product_cat","embeddable":true,"href":"https:\/\/test.norma-capitel.com\/index.php?rest_route=%2Fwp%2Fv2%2Fproduct_cat&post=190"},{"taxonomy":"product_tag","embeddable":true,"href":"https:\/\/test.norma-capitel.com\/index.php?rest_route=%2Fwp%2Fv2%2Fproduct_tag&post=190"}],"curies":[{"name":"wp","href":"https:\/\/api.w.org\/{rel}","templated":true}]}}