{"id":188,"date":"2024-11-25T12:12:10","date_gmt":"2024-11-25T12:12:10","guid":{"rendered":"https:\/\/test.norma-capitel.com\/?post_type=product&#038;p=188"},"modified":"2024-11-25T12:12:11","modified_gmt":"2024-11-25T12:12:11","slug":"inmunologia","status":"publish","type":"product","link":"https:\/\/test.norma-capitel.com\/?product=inmunologia","title":{"rendered":"Inmunolog\u00eda"},"content":{"rendered":"<p>P\u00e1ginas\u00a0\u00a0\u00a0\u00a0 186<br \/>\nTama\u00f1o\u00a0\u00a0\u00a0\u00a0 26,40 x 18,80 cm.<br \/>\nPeso\u00a0\u00a0\u00a0\u00a0\u00a0\u00a0\u00a0\u00a0\u00a0\u00a0 500 gr.<br \/>\n\u00a0<br \/>\nEncuadernaci\u00f3n\u00a0 R\u00fastica (Tapa blanda)<br \/>\nImpresi\u00f3n\u00a0\u00a0\u00a0\u00a0\u00a0\u00a0\u00a0\u00a0\u00a0\u00a0\u00a0\u00a0\u00a0 b\/n\u00cdNDICE DE MATERIAS<br \/>\nGeneralidades.<br \/>\nAnt\u00edgenos.<br \/>\nInmunidad no espec\u00edfica.<br \/>\nC\u00e9lulas de la inmunidad no espec\u00edfica y espec\u00edfica.<br \/>\n\u00d3rganos de la inmunidad espec\u00edfica.<br \/>\nRespuesta inmune humoral.<br \/>\nRespuesta inmune por mediaci\u00f3n celular.<br \/>\nRegulaci\u00f3n de la inmuno-respuesta.<br \/>\nTolerancia y facilitaci\u00f3n inmunitaria.<br \/>\nPrincipales sistemas de grupos sangu\u00edneos humanos.<br \/>\nReacciones de hipersensibilidad.<br \/>\nEnfermedades autoinmunes.<br \/>\nS\u00edndromes linfoproliferativos.<br \/>\nD\u00e9ficits inmunitarios.<br \/>\nAloinmunizaciones.<br \/>\nExploraciones inmunol\u00f3gicas.<br \/>\nMedidas terap\u00e9uticas en inmunolog\u00eda.<br \/>\nInjertos y trasplantes.<br \/>\n____________________________________________<\/p>\n","protected":false},"excerpt":{"rendered":"<p>P\u00e1ginas\u00a0\u00a0\u00a0\u00a0 186 Tama\u00f1o\u00a0\u00a0\u00a0\u00a0 26,40 x 18,80 cm. Peso\u00a0\u00a0\u00a0\u00a0\u00a0\u00a0\u00a0\u00a0\u00a0\u00a0 500 gr. \u00a0 Encuadernaci\u00f3n\u00a0 R\u00fastica (Tapa blanda) Impresi\u00f3n\u00a0\u00a0\u00a0\u00a0\u00a0\u00a0\u00a0\u00a0\u00a0\u00a0\u00a0\u00a0\u00a0 b\/n\u00cdNDICE DE MATERIAS Generalidades.<\/p>\n","protected":false},"featured_media":189,"comment_status":"open","ping_status":"closed","template":"","meta":[],"product_cat":[90],"product_tag":[],"class_list":{"0":"post-188","1":"product","2":"type-product","3":"status-publish","4":"has-post-thumbnail","6":"product_cat-tem-20","8":"first","9":"instock","10":"shipping-taxable","11":"purchasable","12":"product-type-simple"},"_links":{"self":[{"href":"https:\/\/test.norma-capitel.com\/index.php?rest_route=\/wp\/v2\/product\/188","targetHints":{"allow":["GET"]}}],"collection":[{"href":"https:\/\/test.norma-capitel.com\/index.php?rest_route=\/wp\/v2\/product"}],"about":[{"href":"https:\/\/test.norma-capitel.com\/index.php?rest_route=\/wp\/v2\/types\/product"}],"replies":[{"embeddable":true,"href":"https:\/\/test.norma-capitel.com\/index.php?rest_route=%2Fwp%2Fv2%2Fcomments&post=188"}],"wp:featuredmedia":[{"embeddable":true,"href":"https:\/\/test.norma-capitel.com\/index.php?rest_route=\/wp\/v2\/media\/189"}],"wp:attachment":[{"href":"https:\/\/test.norma-capitel.com\/index.php?rest_route=%2Fwp%2Fv2%2Fmedia&parent=188"}],"wp:term":[{"taxonomy":"product_cat","embeddable":true,"href":"https:\/\/test.norma-capitel.com\/index.php?rest_route=%2Fwp%2Fv2%2Fproduct_cat&post=188"},{"taxonomy":"product_tag","embeddable":true,"href":"https:\/\/test.norma-capitel.com\/index.php?rest_route=%2Fwp%2Fv2%2Fproduct_tag&post=188"}],"curies":[{"name":"wp","href":"https:\/\/api.w.org\/{rel}","templated":true}]}}