{"id":186,"date":"2024-11-25T12:12:09","date_gmt":"2024-11-25T12:12:09","guid":{"rendered":"https:\/\/test.norma-capitel.com\/?post_type=product&#038;p=186"},"modified":"2024-11-25T12:12:09","modified_gmt":"2024-11-25T12:12:09","slug":"pediatria-i","status":"publish","type":"product","link":"https:\/\/test.norma-capitel.com\/?product=pediatria-i","title":{"rendered":"Pediatr\u00eda I"},"content":{"rendered":"<p>P\u00e1ginas\u00a0\u00a0\u00a0\u00a0 192<br \/>\nTama\u00f1o\u00a0\u00a0\u00a0\u00a0 26,40 x 18,80 cm.<br \/>\nPeso\u00a0\u00a0\u00a0\u00a0\u00a0\u00a0\u00a0\u00a0\u00a0\u00a0 530 gr.<br \/>\n\u00a0<br \/>\nEncuadernaci\u00f3n\u00a0 R\u00fastica (Tapa blanda)<br \/>\nImpresi\u00f3n\u00a0\u00a0\u00a0\u00a0 b\/n\u00cdNDICE DE MATERIAS<br \/>\nRECI\u00c9N NACIDO NORMAL<br \/>\nCaracter\u00edsticas f\u00edsicas y fisiol\u00f3gicas.<br \/>\nAlimentaci\u00f3n.<br \/>\nCuidados y vigilancia en la maternidad.<br \/>\nINFANCIA<br \/>\nDesarrollo f\u00edsico<br \/>\nDesarrollo psicomotor, psicoafectivo y psicosocial.<br \/>\nFormaci\u00f3n de la personalidad.<br \/>\nRelaci\u00f3n educativa y paternal.<br \/>\nLa influencia del medio sobre el desarrollo.<br \/>\nAlimentaci\u00f3n.<br \/>\nHigiene corporal.<br \/>\nJuegos.<br \/>\nADOLESCENCIA<br \/>\nCaracter\u00edsticas f\u00edsicas y fisiol\u00f3gicas.<br \/>\nMaduraci\u00f3n afectiva y sexualidad.<br \/>\nLas relaciones sociales del adolescente.<br \/>\nEl adolescente ante los productos psicotropos.<br \/>\nEl adolescente con handicap.<br \/>\nLa delincuencia.<br \/>\nPATOLOG\u00cdA DEL RECI\u00c9N NACIDO<br \/>\nTraumatismos obst\u00e9tricos.<br \/>\nEl reci\u00e9n nacido en estado de muerte aparente.<br \/>\nDistress respiratorios del Reci\u00e9n nacido.<br \/>\nIctericias del reci\u00e9n nacido.<br \/>\nInfecciones neonatales.<br \/>\nPrematuridad.<br \/>\nRetraso del crecimiento intra-uterino.<br \/>\nMalformaciones cong\u00e9nitas y\/o enfermedades gen\u00e9ticas.<br \/>\n____________________________________________<\/p>\n","protected":false},"excerpt":{"rendered":"<p>P\u00e1ginas\u00a0\u00a0\u00a0\u00a0 192 Tama\u00f1o\u00a0\u00a0\u00a0\u00a0 26,40 x 18,80 cm. Peso\u00a0\u00a0\u00a0\u00a0\u00a0\u00a0\u00a0\u00a0\u00a0\u00a0 530 gr. \u00a0 Encuadernaci\u00f3n\u00a0 R\u00fastica (Tapa blanda) Impresi\u00f3n\u00a0\u00a0\u00a0\u00a0 b\/n\u00cdNDICE DE MATERIAS RECI\u00c9N<\/p>\n","protected":false},"featured_media":187,"comment_status":"open","ping_status":"closed","template":"","meta":[],"product_cat":[89],"product_tag":[],"class_list":{"0":"post-186","1":"product","2":"type-product","3":"status-publish","4":"has-post-thumbnail","6":"product_cat-tem-17","8":"first","9":"instock","10":"shipping-taxable","11":"purchasable","12":"product-type-simple"},"_links":{"self":[{"href":"https:\/\/test.norma-capitel.com\/index.php?rest_route=\/wp\/v2\/product\/186","targetHints":{"allow":["GET"]}}],"collection":[{"href":"https:\/\/test.norma-capitel.com\/index.php?rest_route=\/wp\/v2\/product"}],"about":[{"href":"https:\/\/test.norma-capitel.com\/index.php?rest_route=\/wp\/v2\/types\/product"}],"replies":[{"embeddable":true,"href":"https:\/\/test.norma-capitel.com\/index.php?rest_route=%2Fwp%2Fv2%2Fcomments&post=186"}],"wp:featuredmedia":[{"embeddable":true,"href":"https:\/\/test.norma-capitel.com\/index.php?rest_route=\/wp\/v2\/media\/187"}],"wp:attachment":[{"href":"https:\/\/test.norma-capitel.com\/index.php?rest_route=%2Fwp%2Fv2%2Fmedia&parent=186"}],"wp:term":[{"taxonomy":"product_cat","embeddable":true,"href":"https:\/\/test.norma-capitel.com\/index.php?rest_route=%2Fwp%2Fv2%2Fproduct_cat&post=186"},{"taxonomy":"product_tag","embeddable":true,"href":"https:\/\/test.norma-capitel.com\/index.php?rest_route=%2Fwp%2Fv2%2Fproduct_tag&post=186"}],"curies":[{"name":"wp","href":"https:\/\/api.w.org\/{rel}","templated":true}]}}