{"id":180,"date":"2024-11-25T12:12:05","date_gmt":"2024-11-25T12:12:05","guid":{"rendered":"https:\/\/test.norma-capitel.com\/?post_type=product&#038;p=180"},"modified":"2024-11-25T12:12:05","modified_gmt":"2024-11-25T12:12:05","slug":"fisiologia-ii","status":"publish","type":"product","link":"https:\/\/test.norma-capitel.com\/?product=fisiologia-ii","title":{"rendered":"Fisiolog\u00eda II"},"content":{"rendered":"<p>P\u00e1ginas\u00a0\u00a0\u00a0\u00a0 128<br \/>\nTama\u00f1o\u00a0\u00a0\u00a0\u00a0 26,40 x 18,80 cm.<br \/>\nPeso\u00a0\u00a0\u00a0\u00a0\u00a0\u00a0\u00a0\u00a0\u00a0\u00a0 390 gr.<br \/>\n\u00a0<br \/>\nEncuadernaci\u00f3n\u00a0 R\u00fastica (Tapa blanda)<br \/>\nImpresi\u00f3n\u00a0\u00a0\u00a0\u00a0\u00a0\u00a0\u00a0\u00a0\u00a0\u00a0\u00a0\u00a0\u00a0 Color\u00cdNDICE DE MATERIAS<br \/>\nFUNCI\u00d3N CIRCULATORIA<br \/>\nEl coraz\u00f3n.<br \/>\nLos vasos.<br \/>\nLa sangre.<br \/>\nLos grupos sangu\u00edneos.<br \/>\nSistema ret\u00edculo-endotelial, tejido linfoide y las defensas del organismo.<br \/>\nHemostasia y coagulaci\u00f3n sangu\u00ednea.<br \/>\nEl sistema linf\u00e1tico.<br \/>\nFUNCI\u00d3N DE NUTRICI\u00d3N<br \/>\nEl tubo digestivo.<br \/>\nLas gl\u00e1ndulas anejas.<br \/>\nLa digesti\u00f3n.<br \/>\nLos metabolismos.<br \/>\nNecesidades energ\u00e9ticas y raci\u00f3n cal\u00f3rica.<br \/>\nFUNCI\u00d3N URINARIA<br \/>\nGeneralidades.<br \/>\nEl par\u00e9nquima renal, la nefrona, unidad anat\u00f3mica del ri\u00f1\u00f3n.<br \/>\nEl \u00e1rbol urinario, la v\u00eda excretora del ri\u00f1\u00f3n.<br \/>\nLa micci\u00f3n o vaciamiento vesical.<br \/>\n___________________________________________<\/p>\n","protected":false},"excerpt":{"rendered":"<p>P\u00e1ginas\u00a0\u00a0\u00a0\u00a0 128 Tama\u00f1o\u00a0\u00a0\u00a0\u00a0 26,40 x 18,80 cm. Peso\u00a0\u00a0\u00a0\u00a0\u00a0\u00a0\u00a0\u00a0\u00a0\u00a0 390 gr. \u00a0 Encuadernaci\u00f3n\u00a0 R\u00fastica (Tapa blanda) Impresi\u00f3n\u00a0\u00a0\u00a0\u00a0\u00a0\u00a0\u00a0\u00a0\u00a0\u00a0\u00a0\u00a0\u00a0 Color\u00cdNDICE DE MATERIAS FUNCI\u00d3N<\/p>\n","protected":false},"featured_media":181,"comment_status":"open","ping_status":"closed","template":"","meta":[],"product_cat":[86],"product_tag":[],"class_list":{"0":"post-180","1":"product","2":"type-product","3":"status-publish","4":"has-post-thumbnail","6":"product_cat-tem-5","8":"first","9":"instock","10":"shipping-taxable","11":"purchasable","12":"product-type-simple"},"_links":{"self":[{"href":"https:\/\/test.norma-capitel.com\/index.php?rest_route=\/wp\/v2\/product\/180","targetHints":{"allow":["GET"]}}],"collection":[{"href":"https:\/\/test.norma-capitel.com\/index.php?rest_route=\/wp\/v2\/product"}],"about":[{"href":"https:\/\/test.norma-capitel.com\/index.php?rest_route=\/wp\/v2\/types\/product"}],"replies":[{"embeddable":true,"href":"https:\/\/test.norma-capitel.com\/index.php?rest_route=%2Fwp%2Fv2%2Fcomments&post=180"}],"wp:featuredmedia":[{"embeddable":true,"href":"https:\/\/test.norma-capitel.com\/index.php?rest_route=\/wp\/v2\/media\/181"}],"wp:attachment":[{"href":"https:\/\/test.norma-capitel.com\/index.php?rest_route=%2Fwp%2Fv2%2Fmedia&parent=180"}],"wp:term":[{"taxonomy":"product_cat","embeddable":true,"href":"https:\/\/test.norma-capitel.com\/index.php?rest_route=%2Fwp%2Fv2%2Fproduct_cat&post=180"},{"taxonomy":"product_tag","embeddable":true,"href":"https:\/\/test.norma-capitel.com\/index.php?rest_route=%2Fwp%2Fv2%2Fproduct_tag&post=180"}],"curies":[{"name":"wp","href":"https:\/\/api.w.org\/{rel}","templated":true}]}}