{"id":168,"date":"2024-11-25T12:11:55","date_gmt":"2024-11-25T12:11:55","guid":{"rendered":"https:\/\/test.norma-capitel.com\/?post_type=product&#038;p=168"},"modified":"2024-11-25T12:11:56","modified_gmt":"2024-11-25T12:11:56","slug":"el-archivo-ii-instalacion-y-conservacion","status":"publish","type":"product","link":"https:\/\/test.norma-capitel.com\/?product=el-archivo-ii-instalacion-y-conservacion","title":{"rendered":"El Archivo II (Instalaci\u00f3n y conservaci\u00f3n)"},"content":{"rendered":"<p>P\u00e1ginas\u00a0\u00a0\u00a0\u00a0 250<br \/>\nTama\u00f1o\u00a0\u00a0\u00a0\u00a0 16.50 x 23.50 cm<br \/>\nPeso\u00a0\u00a0\u00a0\u00a0\u00a0\u00a0\u00a0\u00a0\u00a0\u00a0 490 gr.<\/p>\n<p>Encuadernaci\u00f3n\u00a0 R\u00fastica (Tapa blanda)<br \/>\nImpresi\u00f3n\u00a0\u00a0\u00a0\u00a0\u00a0\u00a0\u00a0\u00a0\u00a0\u00a0\u00a0\u00a0\u00a0 b\/n\u00cdNDICE DE CAP\u00cdTULOS<br \/>\nI Parte &#8211; El archivo de uso inmediato<\/p>\n<p>Consideraciones previas<br \/>\nPlanificaci\u00f3n<br \/>\nCondiciones del local<br \/>\nMobiliario para la documentaci\u00f3n<br \/>\nUnidades de conservaci\u00f3n<br \/>\nMuebles para el personal<br \/>\nPrevenci\u00f3n de accidentes<br \/>\nBibliograf\u00eda<\/p>\n<p>II Parte &#8211; El archivo &#8211; dep\u00f3sito<\/p>\n<p>El edificio en su evoluci\u00f3n hist\u00f3rica<br \/>\nPlanificaci\u00f3n y estructura<br \/>\nRealizaci\u00f3n de los dep\u00f3sitos<br \/>\nMedidas complementarias<br \/>\nLos dep\u00f3sitos por dentro<br \/>\nAcondicionado de los documentos<br \/>\nAccesorios para servicio<br \/>\nDependencias<br \/>\nBibliograf\u00eda<\/p>\n<p>______________________________________<\/p>\n","protected":false},"excerpt":{"rendered":"<p>P\u00e1ginas\u00a0\u00a0\u00a0\u00a0 250 Tama\u00f1o\u00a0\u00a0\u00a0\u00a0 16.50 x 23.50 cm Peso\u00a0\u00a0\u00a0\u00a0\u00a0\u00a0\u00a0\u00a0\u00a0\u00a0 490 gr. Encuadernaci\u00f3n\u00a0 R\u00fastica (Tapa blanda) Impresi\u00f3n\u00a0\u00a0\u00a0\u00a0\u00a0\u00a0\u00a0\u00a0\u00a0\u00a0\u00a0\u00a0\u00a0 b\/n\u00cdNDICE DE CAP\u00cdTULOS I Parte<\/p>\n","protected":false},"featured_media":169,"comment_status":"open","ping_status":"closed","template":"","meta":[],"product_cat":[80],"product_tag":[],"class_list":{"0":"post-168","1":"product","2":"type-product","3":"status-publish","4":"has-post-thumbnail","6":"product_cat-pescador-del-hoyo-c","8":"first","9":"instock","10":"shipping-taxable","11":"purchasable","12":"product-type-simple"},"_links":{"self":[{"href":"https:\/\/test.norma-capitel.com\/index.php?rest_route=\/wp\/v2\/product\/168","targetHints":{"allow":["GET"]}}],"collection":[{"href":"https:\/\/test.norma-capitel.com\/index.php?rest_route=\/wp\/v2\/product"}],"about":[{"href":"https:\/\/test.norma-capitel.com\/index.php?rest_route=\/wp\/v2\/types\/product"}],"replies":[{"embeddable":true,"href":"https:\/\/test.norma-capitel.com\/index.php?rest_route=%2Fwp%2Fv2%2Fcomments&post=168"}],"wp:featuredmedia":[{"embeddable":true,"href":"https:\/\/test.norma-capitel.com\/index.php?rest_route=\/wp\/v2\/media\/169"}],"wp:attachment":[{"href":"https:\/\/test.norma-capitel.com\/index.php?rest_route=%2Fwp%2Fv2%2Fmedia&parent=168"}],"wp:term":[{"taxonomy":"product_cat","embeddable":true,"href":"https:\/\/test.norma-capitel.com\/index.php?rest_route=%2Fwp%2Fv2%2Fproduct_cat&post=168"},{"taxonomy":"product_tag","embeddable":true,"href":"https:\/\/test.norma-capitel.com\/index.php?rest_route=%2Fwp%2Fv2%2Fproduct_tag&post=168"}],"curies":[{"name":"wp","href":"https:\/\/api.w.org\/{rel}","templated":true}]}}