{"id":164,"date":"2024-11-25T12:11:51","date_gmt":"2024-11-25T12:11:51","guid":{"rendered":"https:\/\/test.norma-capitel.com\/?post_type=product&#038;p=164"},"modified":"2024-11-25T12:11:52","modified_gmt":"2024-11-25T12:11:52","slug":"sonetos-de-membranza","status":"publish","type":"product","link":"https:\/\/test.norma-capitel.com\/?product=sonetos-de-membranza","title":{"rendered":"Sonetos de membranza"},"content":{"rendered":"<p>P\u00e1ginas\u00a0\u00a0\u00a0\u00a0 110<br \/>\nTama\u00f1o\u00a0\u00a0\u00a0\u00a0 21,00 x 14,80 cm.<br \/>\nPeso\u00a0\u00a0\u00a0\u00a0\u00a0\u00a0\u00a0\u00a0\u00a0\u00a0 170 gr.<br \/>\n\u00a0<br \/>\nEncuadernaci\u00f3n\u00a0 R\u00fastica (Tapa blanda)<br \/>\nImpresi\u00f3n\u00a0\u00a0\u00a0\u00a0\u00a0\u00a0\u00a0\u00a0\u00a0\u00a0\u00a0\u00a0\u00a0 b\/nCOMENTARIO<br \/>\nSi el lector abre al azar los \u00abSonetos de Membranza\u00bb, encontrar\u00e1 poemas te\u00f1idos de emoci\u00f3n y fervor por la vida.<br \/>\nVersos pulidos en la b\u00fasqueda de la palabra precisa, capaz de nombrar el misterio de lo cotidiano. Y, seguramente, se sentir\u00e1 en algunos momentos muy pr\u00f3ximo al autor.<br \/>\nPorque los \u00abSonetos de Membranza\u00bb esconden, bajo esa lectura guiada por el azar, un argumento minuciosamente trazado, un itinerario vital desplegado por el autor con el prop\u00f3sito de compartirlo con sus lectores.<br \/>\n___________________________________________<\/p>\n","protected":false},"excerpt":{"rendered":"<p>P\u00e1ginas\u00a0\u00a0\u00a0\u00a0 110 Tama\u00f1o\u00a0\u00a0\u00a0\u00a0 21,00 x 14,80 cm. Peso\u00a0\u00a0\u00a0\u00a0\u00a0\u00a0\u00a0\u00a0\u00a0\u00a0 170 gr. \u00a0 Encuadernaci\u00f3n\u00a0 R\u00fastica (Tapa blanda) Impresi\u00f3n\u00a0\u00a0\u00a0\u00a0\u00a0\u00a0\u00a0\u00a0\u00a0\u00a0\u00a0\u00a0\u00a0 b\/nCOMENTARIO Si el lector<\/p>\n","protected":false},"featured_media":165,"comment_status":"open","ping_status":"closed","template":"","meta":[],"product_cat":[77],"product_tag":[],"class_list":{"0":"post-164","1":"product","2":"type-product","3":"status-publish","4":"has-post-thumbnail","6":"product_cat-jimenez-ontiveros-f","8":"first","9":"instock","10":"shipping-taxable","11":"purchasable","12":"product-type-simple"},"_links":{"self":[{"href":"https:\/\/test.norma-capitel.com\/index.php?rest_route=\/wp\/v2\/product\/164","targetHints":{"allow":["GET"]}}],"collection":[{"href":"https:\/\/test.norma-capitel.com\/index.php?rest_route=\/wp\/v2\/product"}],"about":[{"href":"https:\/\/test.norma-capitel.com\/index.php?rest_route=\/wp\/v2\/types\/product"}],"replies":[{"embeddable":true,"href":"https:\/\/test.norma-capitel.com\/index.php?rest_route=%2Fwp%2Fv2%2Fcomments&post=164"}],"wp:featuredmedia":[{"embeddable":true,"href":"https:\/\/test.norma-capitel.com\/index.php?rest_route=\/wp\/v2\/media\/165"}],"wp:attachment":[{"href":"https:\/\/test.norma-capitel.com\/index.php?rest_route=%2Fwp%2Fv2%2Fmedia&parent=164"}],"wp:term":[{"taxonomy":"product_cat","embeddable":true,"href":"https:\/\/test.norma-capitel.com\/index.php?rest_route=%2Fwp%2Fv2%2Fproduct_cat&post=164"},{"taxonomy":"product_tag","embeddable":true,"href":"https:\/\/test.norma-capitel.com\/index.php?rest_route=%2Fwp%2Fv2%2Fproduct_tag&post=164"}],"curies":[{"name":"wp","href":"https:\/\/api.w.org\/{rel}","templated":true}]}}