{"id":160,"date":"2024-11-25T12:11:48","date_gmt":"2024-11-25T12:11:48","guid":{"rendered":"https:\/\/test.norma-capitel.com\/?post_type=product&#038;p=160"},"modified":"2024-11-25T12:11:48","modified_gmt":"2024-11-25T12:11:48","slug":"gripe-a-pandemia-gripal-2009","status":"publish","type":"product","link":"https:\/\/test.norma-capitel.com\/?product=gripe-a-pandemia-gripal-2009","title":{"rendered":"Gripe A.  Pandemia gripal 2009"},"content":{"rendered":"<p>P\u00e1ginas\u00a0\u00a0\u00a0\u00a0 128<br \/>\nTama\u00f1o\u00a0\u00a0\u00a0\u00a0 21,00 x 12,50 cm.<br \/>\nPeso\u00a0\u00a0\u00a0\u00a0\u00a0\u00a0\u00a0\u00a0\u00a0\u00a0 150 gr.<br \/>\n\u00a0<br \/>\nEncuadernaci\u00f3n\u00a0 R\u00fastica (Tapa blanda)<br \/>\nImpresi\u00f3n\u00a0\u00a0\u00a0\u00a0\u00a0\u00a0\u00a0\u00a0\u00a0\u00a0\u00a0\u00a0\u00a0 b\/n<\/p>\n<p>Esta peque\u00f1a obra nace de manera urgente para dar respuesta veraz y cr\u00edtica a las preguntas que la poblaci\u00f3n general y el cuerpo m\u00e9dico en particular, se plantean sobre la nueva gripe.\u00a0<br \/>\nLa incomprensi\u00f3n sobre la Gripe A o gripe pand\u00e9mica procede de dos fuentes:<\/p>\n<p>La ignorancia sobre la propia enfermedad debida a un nuevo virus gripal que puede evolucionar de modo imprevisible.<br \/>\nEl deseo de las diversas administraciones de controlar y dosificar la informaci\u00f3n para tranquilizar a la poblaci\u00f3n.<\/p>\n<p>La intenci\u00f3n del libro no es la de inquietar o tranquilizar a toda costa sino de aportar informaci\u00f3n veraz y cr\u00edtica sobre la primera pandemia del siglo XXI.\u00a0<\/p>\n<p>El autor, especialista en Medicina preventiva y salud p\u00fablica, consciente de que la obra tiene que resultar de f\u00e1cil lectura y buena comprensi\u00f3n, expone el texto con mucha fluidez, recogiendo cuestiones concretas y temas breves, independientes entre s\u00ed, entremezclados con observaciones y notas, que permiten reconstruir la historia en curso de la nueva gripe y dar respuesta a preguntas como:<\/p>\n<p>\u00bfQui\u00e9n puede sufrir la gripe?<br \/>\n\u00bfC\u00f3mo es la nueva gripe?<br \/>\n\u00bfSon seguras las vacunas?<br \/>\n\u00bfA qui\u00e9n vacunar?<br \/>\n\u00bfQu\u00e9 es el Party flu?\u00a0<\/p>\n<p>Intenta transmitir que el problema no es grave en t\u00e9rminos individuales pero es gigantesco a escala global, que es el n\u00famero de casos lo que define la seriedad del problema, no la gravedad individual y que afortunadamente este virus, como la mayor\u00eda de sus antecesores en pandemias previas, tiene una baja mortalidad.<br \/>\nLo serio del problema es que afectar\u00e1, siendo optimista al 20% de la poblaci\u00f3n mundial, y eso tiene un importante coste, tanto econ\u00f3mico como en vidas humanas, haci\u00e9ndonos comprender el abismo que existe entre lo individual y lo colectivo, entre la Medicina y la Salud P\u00fablica, entre \u00e9l yo y la colectividad.<br \/>\n____________________________________________<\/p>\n","protected":false},"excerpt":{"rendered":"<p>P\u00e1ginas\u00a0\u00a0\u00a0\u00a0 128 Tama\u00f1o\u00a0\u00a0\u00a0\u00a0 21,00 x 12,50 cm. Peso\u00a0\u00a0\u00a0\u00a0\u00a0\u00a0\u00a0\u00a0\u00a0\u00a0 150 gr. \u00a0 Encuadernaci\u00f3n\u00a0 R\u00fastica (Tapa blanda) Impresi\u00f3n\u00a0\u00a0\u00a0\u00a0\u00a0\u00a0\u00a0\u00a0\u00a0\u00a0\u00a0\u00a0\u00a0 b\/n Esta peque\u00f1a obra<\/p>\n","protected":false},"featured_media":161,"comment_status":"open","ping_status":"closed","template":"","meta":[],"product_cat":[75],"product_tag":[],"class_list":{"0":"post-160","1":"product","2":"type-product","3":"status-publish","4":"has-post-thumbnail","6":"product_cat-martinez-hernandez-j","8":"first","9":"instock","10":"shipping-taxable","11":"purchasable","12":"product-type-simple"},"_links":{"self":[{"href":"https:\/\/test.norma-capitel.com\/index.php?rest_route=\/wp\/v2\/product\/160","targetHints":{"allow":["GET"]}}],"collection":[{"href":"https:\/\/test.norma-capitel.com\/index.php?rest_route=\/wp\/v2\/product"}],"about":[{"href":"https:\/\/test.norma-capitel.com\/index.php?rest_route=\/wp\/v2\/types\/product"}],"replies":[{"embeddable":true,"href":"https:\/\/test.norma-capitel.com\/index.php?rest_route=%2Fwp%2Fv2%2Fcomments&post=160"}],"wp:featuredmedia":[{"embeddable":true,"href":"https:\/\/test.norma-capitel.com\/index.php?rest_route=\/wp\/v2\/media\/161"}],"wp:attachment":[{"href":"https:\/\/test.norma-capitel.com\/index.php?rest_route=%2Fwp%2Fv2%2Fmedia&parent=160"}],"wp:term":[{"taxonomy":"product_cat","embeddable":true,"href":"https:\/\/test.norma-capitel.com\/index.php?rest_route=%2Fwp%2Fv2%2Fproduct_cat&post=160"},{"taxonomy":"product_tag","embeddable":true,"href":"https:\/\/test.norma-capitel.com\/index.php?rest_route=%2Fwp%2Fv2%2Fproduct_tag&post=160"}],"curies":[{"name":"wp","href":"https:\/\/api.w.org\/{rel}","templated":true}]}}