{"id":158,"date":"2024-11-25T12:11:45","date_gmt":"2024-11-25T12:11:45","guid":{"rendered":"https:\/\/test.norma-capitel.com\/?post_type=product&#038;p=158"},"modified":"2024-11-25T12:11:47","modified_gmt":"2024-11-25T12:11:47","slug":"mirando-hacia-atras","status":"publish","type":"product","link":"https:\/\/test.norma-capitel.com\/?product=mirando-hacia-atras","title":{"rendered":"Mirando Hacia Atras"},"content":{"rendered":"<p>P\u00e1ginas\u00a0\u00a0\u00a0\u00a0 168<br \/>\nTama\u00f1o\u00a0\u00a0\u00a0\u00a0 23,00 x 15,50 cm.<br \/>\nPeso\u00a0\u00a0\u00a0\u00a0\u00a0\u00a0\u00a0\u00a0\u00a0\u00a0 260 gr. \u00a0\u00a0\u00a0<\/p>\n<p>Encuadernaci\u00f3n\u00a0 R\u00fastica (Tapa blanda)<br \/>\nImpresi\u00f3n\u00a0\u00a0\u00a0\u00a0\u00a0\u00a0\u00a0\u00a0\u00a0\u00a0\u00a0\u00a0\u00a0 b\/n\u00cdNDICE DE CAP\u00cdTULOS<\/p>\n<p>\u00a0 1\u00a0 La atm\u00f3sfera: Los primeros a\u00f1os de la revoluci\u00f3n.<br \/>\n\u00a0 2\u00a0 Actitud hacia la Psicolog\u00eda.<br \/>\n\u00a0 3\u00a0 Los primeros pasos en mi vida profesional.<br \/>\n\u00a0 4\u00a0 Vigotski.<br \/>\n\u00a0 5\u00a0 Conclusiones te\u00f3ricas.<br \/>\n\u00a0 6\u00a0 Investigaciones sobre psicolog\u00eda hist\u00f3rica y gen\u00e9tica.<br \/>\n\u00a0 7\u00a0 La importancia del lenguaje en las acciones conscientes del hombre.<br \/>\n\u00a0 8\u00a0 Neuropsicolog\u00eda: Problemas.<br \/>\n\u00a0 9\u00a0 Neuropsicolog\u00eda: Segunda guerra mundial y periodo de posguerra. Descripci\u00f3n de s\u00edndromes.<br \/>\n10\u00a0 Neuropsicolog\u00eda: Periodo reciente. Avance hacia los mecanismos.<br \/>\n11\u00a0 Neuroling\u00fcstica: Problemas y perspectivas.<br \/>\n12\u00a0 Ciencia rom\u00e1ntica: Retratos inimaginables.<br \/>\n___________________________________________<\/p>\n","protected":false},"excerpt":{"rendered":"<p>P\u00e1ginas\u00a0\u00a0\u00a0\u00a0 168 Tama\u00f1o\u00a0\u00a0\u00a0\u00a0 23,00 x 15,50 cm. Peso\u00a0\u00a0\u00a0\u00a0\u00a0\u00a0\u00a0\u00a0\u00a0\u00a0 260 gr. \u00a0\u00a0\u00a0 Encuadernaci\u00f3n\u00a0 R\u00fastica (Tapa blanda) Impresi\u00f3n\u00a0\u00a0\u00a0\u00a0\u00a0\u00a0\u00a0\u00a0\u00a0\u00a0\u00a0\u00a0\u00a0 b\/n\u00cdNDICE DE CAP\u00cdTULOS \u00a0<\/p>\n","protected":false},"featured_media":159,"comment_status":"open","ping_status":"closed","template":"","meta":[],"product_cat":[73],"product_tag":[],"class_list":{"0":"post-158","1":"product","2":"type-product","3":"status-publish","4":"has-post-thumbnail","6":"product_cat-luria-a-r","8":"first","9":"instock","10":"shipping-taxable","11":"purchasable","12":"product-type-simple"},"_links":{"self":[{"href":"https:\/\/test.norma-capitel.com\/index.php?rest_route=\/wp\/v2\/product\/158","targetHints":{"allow":["GET"]}}],"collection":[{"href":"https:\/\/test.norma-capitel.com\/index.php?rest_route=\/wp\/v2\/product"}],"about":[{"href":"https:\/\/test.norma-capitel.com\/index.php?rest_route=\/wp\/v2\/types\/product"}],"replies":[{"embeddable":true,"href":"https:\/\/test.norma-capitel.com\/index.php?rest_route=%2Fwp%2Fv2%2Fcomments&post=158"}],"wp:featuredmedia":[{"embeddable":true,"href":"https:\/\/test.norma-capitel.com\/index.php?rest_route=\/wp\/v2\/media\/159"}],"wp:attachment":[{"href":"https:\/\/test.norma-capitel.com\/index.php?rest_route=%2Fwp%2Fv2%2Fmedia&parent=158"}],"wp:term":[{"taxonomy":"product_cat","embeddable":true,"href":"https:\/\/test.norma-capitel.com\/index.php?rest_route=%2Fwp%2Fv2%2Fproduct_cat&post=158"},{"taxonomy":"product_tag","embeddable":true,"href":"https:\/\/test.norma-capitel.com\/index.php?rest_route=%2Fwp%2Fv2%2Fproduct_tag&post=158"}],"curies":[{"name":"wp","href":"https:\/\/api.w.org\/{rel}","templated":true}]}}