{"id":154,"date":"2024-11-25T12:11:42","date_gmt":"2024-11-25T12:11:42","guid":{"rendered":"https:\/\/test.norma-capitel.com\/?post_type=product&#038;p=154"},"modified":"2024-11-25T12:11:43","modified_gmt":"2024-11-25T12:11:43","slug":"la-intervencion-quirurgica-bases-fisiopatologicas","status":"publish","type":"product","link":"https:\/\/test.norma-capitel.com\/?product=la-intervencion-quirurgica-bases-fisiopatologicas","title":{"rendered":"La Intervenci\u00f3n Quir\u00fargica Bases Fisiopatolog\u00edcas"},"content":{"rendered":"<p>P\u00e1ginas\u00a0\u00a0\u00a0\u00a0 286<br \/>\nTama\u00f1o\u00a0\u00a0\u00a0\u00a0 27,80 x 19,50 cm.<br \/>\nPeso\u00a0\u00a0\u00a0\u00a0\u00a0\u00a0\u00a0\u00a0\u00a0\u00a0 950 gr.<br \/>\n\u00a0<br \/>\nEncuadernaci\u00f3n\u00a0 Carton\u00e9 (Tapa dura)<br \/>\nImpresi\u00f3n\u00a0\u00a0\u00a0\u00a0\u00a0\u00a0\u00a0\u00a0\u00a0\u00a0\u00a0\u00a0\u00a0\u00a0 b\/n\u00cdNDICE DE CAP\u00cdTULOS<\/p>\n<p>\u00cdndice de abreviaturas<br \/>\n1\u00a0 Introducci\u00f3n<br \/>\n2\u00a0 Est\u00edmulos desencadenantes<br \/>\n3\u00a0 Alteraciones neurol\u00f3gicas<br \/>\n4\u00a0 Alteraciones endocrinol\u00f3gicas<br \/>\n5\u00a0 Alteraciones metab\u00f3licas<br \/>\n6\u00a0 Alteraciones inmunol\u00f3gicas<br \/>\nBibliografia<br \/>\nIndice alfab\u00e9tico<br \/>\n____________________________________________<\/p>\n<p>Para el cirujano, son b\u00e1sicos dos principios: saber y saber hacer, conocer la patolog\u00eda quir\u00fargica en sus bases cient\u00edficas y en la cl\u00ednica, pero adem\u00e1s, aplicar con precisi\u00f3n la t\u00e9cnica operatoria.<br \/>\nLa operaci\u00f3n supone una forma de agresi\u00f3n al paciente y sus consecuencias cl\u00ednicas tienen unas bases fisiopatol\u00f3gicas que deben ser el primer punto de referencia para el cirujano, ya que la situaci\u00f3n transitoria de d\u00e9ficit inmunitario que el paciente posee durante los primeros d\u00edas despu\u00e9s de la operaci\u00f3n, puede dar lugar a complicaciones concretas como infecciones o diseminaci\u00f3n de c\u00e9lulas neopl\u00e1sicas, a las que hay que estar muy atento para su inmediata soluci\u00f3n.<br \/>\nEl libro, dedicado en su totalidad a la exposici\u00f3n de estas bases fisiopatol\u00f3gicas, en la intervenci\u00f3n quir\u00fargica, est\u00e1 escrito con claridad y concisi\u00f3n, a la vez que expresa una gran meticulosidad en la exposici\u00f3n de conceptos, ofreciendo unos conocimientos rigurosos y actualizados, debido a la formaci\u00f3n y experiencia del autor que ha dedicado toda su vida profesional al estudio e investigaci\u00f3n del tema, hecho que le permite escribir el libro con total autoridad, consider\u00e1ndolo como una aportaci\u00f3n imprescindible para los cirujanos.<br \/>\nAunque toda la obra muestra una homogeneidad en el nivel de los conocimientos expuestos, son de destacar algunos cap\u00edtulos por su especial concepci\u00f3n, como los dedicados a los est\u00edmulos de la respuesta fisiopatol\u00f3gica al acto quir\u00fargico, las interaciones endocrino-metab\u00f3licas y las repercusiones inmunol\u00f3gicas de la operaci\u00f3n.<br \/>\n____________________________________________<\/p>\n","protected":false},"excerpt":{"rendered":"<p>P\u00e1ginas\u00a0\u00a0\u00a0\u00a0 286 Tama\u00f1o\u00a0\u00a0\u00a0\u00a0 27,80 x 19,50 cm. Peso\u00a0\u00a0\u00a0\u00a0\u00a0\u00a0\u00a0\u00a0\u00a0\u00a0 950 gr. \u00a0 Encuadernaci\u00f3n\u00a0 Carton\u00e9 (Tapa dura) Impresi\u00f3n\u00a0\u00a0\u00a0\u00a0\u00a0\u00a0\u00a0\u00a0\u00a0\u00a0\u00a0\u00a0\u00a0\u00a0 b\/n\u00cdNDICE DE CAP\u00cdTULOS \u00cdndice<\/p>\n","protected":false},"featured_media":155,"comment_status":"open","ping_status":"closed","template":"","meta":[],"product_cat":[71],"product_tag":[],"class_list":{"0":"post-154","1":"product","2":"type-product","3":"status-publish","4":"has-post-thumbnail","6":"product_cat-menendez-rubio-j-m","8":"first","9":"instock","10":"shipping-taxable","11":"purchasable","12":"product-type-simple"},"_links":{"self":[{"href":"https:\/\/test.norma-capitel.com\/index.php?rest_route=\/wp\/v2\/product\/154","targetHints":{"allow":["GET"]}}],"collection":[{"href":"https:\/\/test.norma-capitel.com\/index.php?rest_route=\/wp\/v2\/product"}],"about":[{"href":"https:\/\/test.norma-capitel.com\/index.php?rest_route=\/wp\/v2\/types\/product"}],"replies":[{"embeddable":true,"href":"https:\/\/test.norma-capitel.com\/index.php?rest_route=%2Fwp%2Fv2%2Fcomments&post=154"}],"wp:featuredmedia":[{"embeddable":true,"href":"https:\/\/test.norma-capitel.com\/index.php?rest_route=\/wp\/v2\/media\/155"}],"wp:attachment":[{"href":"https:\/\/test.norma-capitel.com\/index.php?rest_route=%2Fwp%2Fv2%2Fmedia&parent=154"}],"wp:term":[{"taxonomy":"product_cat","embeddable":true,"href":"https:\/\/test.norma-capitel.com\/index.php?rest_route=%2Fwp%2Fv2%2Fproduct_cat&post=154"},{"taxonomy":"product_tag","embeddable":true,"href":"https:\/\/test.norma-capitel.com\/index.php?rest_route=%2Fwp%2Fv2%2Fproduct_tag&post=154"}],"curies":[{"name":"wp","href":"https:\/\/api.w.org\/{rel}","templated":true}]}}