{"id":152,"date":"2024-11-25T12:11:40","date_gmt":"2024-11-25T12:11:40","guid":{"rendered":"https:\/\/test.norma-capitel.com\/?post_type=product&#038;p=152"},"modified":"2024-11-25T12:11:41","modified_gmt":"2024-11-25T12:11:41","slug":"manipulaciones-columna-vertebral-y-extremidades-2a-ed","status":"publish","type":"product","link":"https:\/\/test.norma-capitel.com\/?product=manipulaciones-columna-vertebral-y-extremidades-2a-ed","title":{"rendered":"Manipulaciones  Columna vertebral y Extremidades. 2\u00aa Ed."},"content":{"rendered":"<p>P\u00e1ginas\u00a0\u00a0\u00a0\u00a0 146<br \/>\nTama\u00f1o\u00a0\u00a0\u00a0\u00a0 25,00 x 17,00 cm.<br \/>\nPeso\u00a0\u00a0\u00a0\u00a0\u00a0\u00a0\u00a0\u00a0\u00a0\u00a0 340 gr.<br \/>\nEncuadernaci\u00f3n\u00a0 R\u00fastica (Tapa blanda)<br \/>\nImpresi\u00f3n\u00a0\u00a0\u00a0\u00a0\u00a0\u00a0\u00a0\u00a0\u00a0\u00a0\u00a0\u00a0\u00a0 b\/n<br \/>\n\u00cdNDICE DE CAP\u00cdTULOS\u00a0<\/p>\n<p>I\u00a0 Manipulaciones de la columna vertebral<br \/>\n1\u00a0 El tratamiento por manipulaci\u00f3n.<br \/>\n2\u00a0 Aplicaci\u00f3n del tratamiento manipulativo.<br \/>\n3\u00a0 Aportaci\u00f3n de la manipulaci\u00f3n en el an\u00e1lisis de los dolores vertebrales.<br \/>\n4\u00a0 Indicaciones de las manipulaciones.<br \/>\n5\u00a0 Contraindicaciones de las manipulaciones.<\/p>\n<p>II\u00a0 T\u00e9cnicas de manipulaciones vertebrales<br \/>\n1\u00a0 Ejemplo de t\u00e9cnicas manipulativas.<br \/>\nIII\u00a0 Manipulaciones del miembro superior<br \/>\n1\u00a0 Hombro.<br \/>\n2\u00a0 Codo.<br \/>\n3\u00a0 Mu\u00f1eca y mano.<\/p>\n<p>IV\u00a0 Manipulaciones del miembro inferior<br \/>\n1\u00a0 Cadera.<br \/>\n2\u00a0 Rodilla.<br \/>\n3\u00a0 Tobillo y pie.<\/p>\n<p>Bibliograf\u00eda<br \/>\n____________________________________________<\/p>\n<p>Desde el punto de vista cient\u00edfico, hasta hace pocos a\u00f1os, la manipulaci\u00f3n no ha sido tomada en consideraci\u00f3n por la medicina oficial. Hoy las cosas han cambiado, merced al esfuerzo y dedicaci\u00f3n de prestigiosos m\u00e9dicos especialistas, entre los\u00a0que el autor del presente libro, R. Maigne, ocupa un lugar destacado, d\u00e1ndole el rigor cient\u00edfico adecuado, en departamentos hospitalarios y estableciendo programas de docencia.<\/p>\n<p>El autor ha desarrollado a lo largo de los a\u00f1os una gran labor, difundiendo en el mundo cient\u00edfico sus originales estudios, adem\u00e1s, a partir de 1969, organiza la ense\u00f1anza de las terap\u00e9uticas manuales en la Facultad de Medicina\u00a0 Broussais-Hotel-Dieu, culminando en 1975, bajo su direcci\u00f3n, con la ense\u00f1anza universitaria, y la obtenci\u00f3n de un \u00abCertificado Universit\u00e1rio de Medicina Ortop\u00e9dica y Terapeuticas Manuales\u00bb.<\/p>\n<p>Maigne define la manipulaci\u00f3n como un movimiento forzado, que aplicado bruscamente sobre una articulaci\u00f3n o conjunto de ellas, las lleva m\u00e1s all\u00e1 del movimiento fisiol\u00f3gico habitual, sin sobrepasar los l\u00edmites que imponen las estructuras anat\u00f3micas, obteniendo unos resultados netos, claros e indiscutibles, tanto para el paciente como para el m\u00e9dico.\u00a0\u00a0<br \/>\nAdem\u00e1s de su labor de difusi\u00f3n, Maigne, efect\u00faa valiosisimas aportaciones, como su original concepci\u00f3n del \u00abdesarreglo intervertebral menor\u00bb, el s\u00edndrome celulotenomi\u00e1lgico, las dorsalgias de origen cervical, la fundamental \u00abregla del No dolor y del movimiento contrario\u00bb, todos ellos referidos en esta obra.<br \/>\n____________________________________________<\/p>\n","protected":false},"excerpt":{"rendered":"<p>P\u00e1ginas\u00a0\u00a0\u00a0\u00a0 146 Tama\u00f1o\u00a0\u00a0\u00a0\u00a0 25,00 x 17,00 cm. Peso\u00a0\u00a0\u00a0\u00a0\u00a0\u00a0\u00a0\u00a0\u00a0\u00a0 340 gr. Encuadernaci\u00f3n\u00a0 R\u00fastica (Tapa blanda) Impresi\u00f3n\u00a0\u00a0\u00a0\u00a0\u00a0\u00a0\u00a0\u00a0\u00a0\u00a0\u00a0\u00a0\u00a0 b\/n \u00cdNDICE DE CAP\u00cdTULOS\u00a0 I\u00a0<\/p>\n","protected":false},"featured_media":153,"comment_status":"open","ping_status":"closed","template":"","meta":[],"product_cat":[70],"product_tag":[],"class_list":{"0":"post-152","1":"product","2":"type-product","3":"status-publish","4":"has-post-thumbnail","6":"product_cat-maigne-r","8":"first","9":"instock","10":"shipping-taxable","11":"purchasable","12":"product-type-simple"},"_links":{"self":[{"href":"https:\/\/test.norma-capitel.com\/index.php?rest_route=\/wp\/v2\/product\/152","targetHints":{"allow":["GET"]}}],"collection":[{"href":"https:\/\/test.norma-capitel.com\/index.php?rest_route=\/wp\/v2\/product"}],"about":[{"href":"https:\/\/test.norma-capitel.com\/index.php?rest_route=\/wp\/v2\/types\/product"}],"replies":[{"embeddable":true,"href":"https:\/\/test.norma-capitel.com\/index.php?rest_route=%2Fwp%2Fv2%2Fcomments&post=152"}],"wp:featuredmedia":[{"embeddable":true,"href":"https:\/\/test.norma-capitel.com\/index.php?rest_route=\/wp\/v2\/media\/153"}],"wp:attachment":[{"href":"https:\/\/test.norma-capitel.com\/index.php?rest_route=%2Fwp%2Fv2%2Fmedia&parent=152"}],"wp:term":[{"taxonomy":"product_cat","embeddable":true,"href":"https:\/\/test.norma-capitel.com\/index.php?rest_route=%2Fwp%2Fv2%2Fproduct_cat&post=152"},{"taxonomy":"product_tag","embeddable":true,"href":"https:\/\/test.norma-capitel.com\/index.php?rest_route=%2Fwp%2Fv2%2Fproduct_tag&post=152"}],"curies":[{"name":"wp","href":"https:\/\/api.w.org\/{rel}","templated":true}]}}