{"id":150,"date":"2024-11-25T12:11:39","date_gmt":"2024-11-25T12:11:39","guid":{"rendered":"https:\/\/test.norma-capitel.com\/?post_type=product&#038;p=150"},"modified":"2024-11-25T12:11:39","modified_gmt":"2024-11-25T12:11:39","slug":"osteosintesis-tecnica-de-ilizarov","status":"publish","type":"product","link":"https:\/\/test.norma-capitel.com\/?product=osteosintesis-tecnica-de-ilizarov","title":{"rendered":"Osteos\u00edntesis T\u00e9cnica de Ilizarov"},"content":{"rendered":"<p>P\u00e1ginas \u00a0 \u00a0 488 \u00a0<br \/>\nTama\u00f1o \u00a0 \u00a0 27,00 x 20,00 cm.<br \/>\nPeso\u00a0\u00a0\u00a0\u00a0\u00a0\u00a0\u00a0\u00a0\u00a0\u00a0 1450 gr.<br \/>\n\u00a0<br \/>\nEncuadernaci\u00f3n\u00a0 Carton\u00e9 (Tapa dura)<br \/>\nImpresi\u00f3n\u00a0\u00a0\u00a0\u00a0\u00a0\u00a0\u00a0\u00a0\u00a0\u00a0\u00a0\u00a0\u00a0 b\/n<br \/>\n\u00cdNDICE DE CAP\u00cdTULOS<\/p>\n<p>\u00a0 1\u00a0 \u00bfOsteos\u00edntesis r\u00edgida \u00f3 el\u00e1stica?.<br \/>\n\u00a0 2\u00a0 Descripci\u00f3n del aparato.<br \/>\n\u00a0 3\u00a0 Investigaci\u00f3n experimental y cl\u00ednica sobre la regeneraci\u00f3n controlada del tejido \u00f3seo, vasos sanguineos, nervios, m\u00fasculos y aponeurosis.<br \/>\n\u00a0 4\u00a0 Indicaciones de la osteos\u00edntesis trans\u00f3sea y t\u00e9cnica de montaje del aparato.<br \/>\n\u00a0 5\u00a0 La osteos\u00edntesis trans\u00f3sea en traumatolog\u00eda.<br \/>\n\u00a0 6\u00a0 Tratamiento de las fracturas articulares.<br \/>\n\u00a0 7\u00a0 Alargamientos.<br \/>\n\u00a0 8\u00a0 Otras aplicaciones en el empleo del aparato de Ilizarov.<br \/>\n\u00a0 9\u00a0 Conclusiones sobre el aparato de Ilizarov.<br \/>\n10\u00a0 Nuestra experiencia con el metodo Ilizarov.<br \/>\nAp\u00e9ndice<br \/>\nAplicaci\u00f3n del aparato de Ilizarov en traumatolog\u00eda y ortopedia veterinaria.<br \/>\nBibliograf\u00eda<br \/>\n______________________________________<br \/>\nVistos los brillantes resultados conseguidos en el tratamiento de la patolog\u00eda del aparato esquel\u00e9tico y el inter\u00e9s suscitado por el m\u00e9todo del Dr. Ilizarov, nace esta obra, en lengua espa\u00f1ola, debido a la\u00a0 necesidad de mantener informados a los especialistas en esta materia.<br \/>\nEl libro, contiene datos esenciales relativos a la decripci\u00f3n del aparato, t\u00e9cnica de montaje, indicaciones y todo el conocimiento experimental, tecnico y cl\u00ednico sobre osteos\u00edntesis trans\u00f3sea en el campo de la ortopedia y traumatolog\u00eda, permitiendo aplicar a los expertos este dificil m\u00e9todo.<br \/>\n______________________________________<br \/>\n\u00a0<\/p>\n","protected":false},"excerpt":{"rendered":"<p>P\u00e1ginas \u00a0 \u00a0 488 \u00a0 Tama\u00f1o \u00a0 \u00a0 27,00 x 20,00 cm. Peso\u00a0\u00a0\u00a0\u00a0\u00a0\u00a0\u00a0\u00a0\u00a0\u00a0 1450 gr. \u00a0 Encuadernaci\u00f3n\u00a0 Carton\u00e9 (Tapa dura)<\/p>\n","protected":false},"featured_media":151,"comment_status":"open","ping_status":"closed","template":"","meta":[],"product_cat":[68],"product_tag":[],"class_list":{"0":"post-150","1":"product","2":"type-product","3":"status-publish","4":"has-post-thumbnail","6":"product_cat-ilizarov-g-a","8":"first","9":"instock","10":"shipping-taxable","11":"purchasable","12":"product-type-simple"},"_links":{"self":[{"href":"https:\/\/test.norma-capitel.com\/index.php?rest_route=\/wp\/v2\/product\/150","targetHints":{"allow":["GET"]}}],"collection":[{"href":"https:\/\/test.norma-capitel.com\/index.php?rest_route=\/wp\/v2\/product"}],"about":[{"href":"https:\/\/test.norma-capitel.com\/index.php?rest_route=\/wp\/v2\/types\/product"}],"replies":[{"embeddable":true,"href":"https:\/\/test.norma-capitel.com\/index.php?rest_route=%2Fwp%2Fv2%2Fcomments&post=150"}],"wp:featuredmedia":[{"embeddable":true,"href":"https:\/\/test.norma-capitel.com\/index.php?rest_route=\/wp\/v2\/media\/151"}],"wp:attachment":[{"href":"https:\/\/test.norma-capitel.com\/index.php?rest_route=%2Fwp%2Fv2%2Fmedia&parent=150"}],"wp:term":[{"taxonomy":"product_cat","embeddable":true,"href":"https:\/\/test.norma-capitel.com\/index.php?rest_route=%2Fwp%2Fv2%2Fproduct_cat&post=150"},{"taxonomy":"product_tag","embeddable":true,"href":"https:\/\/test.norma-capitel.com\/index.php?rest_route=%2Fwp%2Fv2%2Fproduct_tag&post=150"}],"curies":[{"name":"wp","href":"https:\/\/api.w.org\/{rel}","templated":true}]}}