{"id":148,"date":"2024-11-25T12:11:37","date_gmt":"2024-11-25T12:11:37","guid":{"rendered":"https:\/\/test.norma-capitel.com\/?post_type=product&#038;p=148"},"modified":"2024-11-25T12:11:38","modified_gmt":"2024-11-25T12:11:38","slug":"deformidades-raquideas-tratamiento-medico-ortopedico","status":"publish","type":"product","link":"https:\/\/test.norma-capitel.com\/?product=deformidades-raquideas-tratamiento-medico-ortopedico","title":{"rendered":"Deformidades raqu\u00eddeas. Tratamiento medico-ortop\u00e9dico"},"content":{"rendered":"<p>P\u00e1ginas\u00a0\u00a0\u00a0\u00a0 166<br \/>\nTama\u00f1o\u00a0\u00a0\u00a0\u00a0 24,90 x 17,30 cm.<br \/>\nPeso\u00a0\u00a0\u00a0\u00a0\u00a0\u00a0\u00a0\u00a0\u00a0\u00a0 350 gr.<\/p>\n<p>Encuadernaci\u00f3n\u00a0 R\u00fastica (Tapa blanda)<br \/>\nImpresi\u00f3n\u00a0\u00a0\u00a0\u00a0\u00a0\u00a0\u00a0\u00a0\u00a0\u00a0\u00a0\u00a0\u00a0 b\/n\u00cdNDICE DE CAP\u00cdTULOS<br \/>\n Justificaci\u00f3n<br \/>\nPre\u00e1mbulo<br \/>\n1\u00a0 Lechos correctores.<br \/>\n2\u00a0 Yesos tipo Abbott.<br \/>\n3\u00a0 Yeso corrector de cifolordosis.<br \/>\n4\u00a0 Yeso de cuatro tornillos.<br \/>\n5\u00a0 Lumbostato \u00abde libro\u00bb.<br \/>\n6\u00a0 Equilibraci\u00f3n raqu\u00eddea.<br \/>\n7\u00a0 Acciones medicamentosas.<\/p>\n<p>Consideraciones finales<br \/>\nBibliograf\u00eda personal<br \/>\n\u00cdndice alfab\u00e9tico\u00a0<br \/>\n___________________________________________<br \/>\nEl autor, especialista en medicina rehabilitadora por la Universidad de Copenhague y por la Complutense, ha publicado mas de 200 trabajos cient\u00edficos relacionados con la especialidad, siendo el descubridor de las leyes de la medicina ortop\u00e9dica y creador de un sistema de valoraci\u00f3n de minusval\u00edas.<br \/>\nEn el libro, se exponen las t\u00e9cnicas medicoortop\u00e9dicas utilizadas por el autor, explicando los fundamentos que han servido de base a las mismas.<br \/>\nEstas t\u00e9cnicas, de caracter conservador, tienden a solucionar deformidades y limitaciones sobrevenidas en cualquier tramo del aparato locomotor.<br \/>\n___________________________________________<\/p>\n","protected":false},"excerpt":{"rendered":"<p>P\u00e1ginas\u00a0\u00a0\u00a0\u00a0 166 Tama\u00f1o\u00a0\u00a0\u00a0\u00a0 24,90 x 17,30 cm. Peso\u00a0\u00a0\u00a0\u00a0\u00a0\u00a0\u00a0\u00a0\u00a0\u00a0 350 gr. Encuadernaci\u00f3n\u00a0 R\u00fastica (Tapa blanda) Impresi\u00f3n\u00a0\u00a0\u00a0\u00a0\u00a0\u00a0\u00a0\u00a0\u00a0\u00a0\u00a0\u00a0\u00a0 b\/n\u00cdNDICE DE CAP\u00cdTULOS Justificaci\u00f3n Pre\u00e1mbulo<\/p>\n","protected":false},"featured_media":149,"comment_status":"open","ping_status":"closed","template":"","meta":[],"product_cat":[67],"product_tag":[],"class_list":{"0":"post-148","1":"product","2":"type-product","3":"status-publish","4":"has-post-thumbnail","6":"product_cat-hernandez-gomez-r","8":"first","9":"instock","10":"shipping-taxable","11":"purchasable","12":"product-type-simple"},"_links":{"self":[{"href":"https:\/\/test.norma-capitel.com\/index.php?rest_route=\/wp\/v2\/product\/148","targetHints":{"allow":["GET"]}}],"collection":[{"href":"https:\/\/test.norma-capitel.com\/index.php?rest_route=\/wp\/v2\/product"}],"about":[{"href":"https:\/\/test.norma-capitel.com\/index.php?rest_route=\/wp\/v2\/types\/product"}],"replies":[{"embeddable":true,"href":"https:\/\/test.norma-capitel.com\/index.php?rest_route=%2Fwp%2Fv2%2Fcomments&post=148"}],"wp:featuredmedia":[{"embeddable":true,"href":"https:\/\/test.norma-capitel.com\/index.php?rest_route=\/wp\/v2\/media\/149"}],"wp:attachment":[{"href":"https:\/\/test.norma-capitel.com\/index.php?rest_route=%2Fwp%2Fv2%2Fmedia&parent=148"}],"wp:term":[{"taxonomy":"product_cat","embeddable":true,"href":"https:\/\/test.norma-capitel.com\/index.php?rest_route=%2Fwp%2Fv2%2Fproduct_cat&post=148"},{"taxonomy":"product_tag","embeddable":true,"href":"https:\/\/test.norma-capitel.com\/index.php?rest_route=%2Fwp%2Fv2%2Fproduct_tag&post=148"}],"curies":[{"name":"wp","href":"https:\/\/api.w.org\/{rel}","templated":true}]}}