{"id":146,"date":"2024-11-25T12:11:36","date_gmt":"2024-11-25T12:11:36","guid":{"rendered":"https:\/\/test.norma-capitel.com\/?post_type=product&#038;p=146"},"modified":"2024-11-25T12:11:36","modified_gmt":"2024-11-25T12:11:36","slug":"resumenes-y-tablas-de-bioestadistica-2011","status":"publish","type":"product","link":"https:\/\/test.norma-capitel.com\/?product=resumenes-y-tablas-de-bioestadistica-2011","title":{"rendered":"Res\u00famenes y Tablas de Bioestad\u00edstica 2011"},"content":{"rendered":"<p>P\u00e1ginas\u00a0\u00a0\u00a0\u00a0 40<br \/>\nTama\u00f1o\u00a0\u00a0\u00a0\u00a0 24,00 x 17,00 cm.<br \/>\nPeso\u00a0\u00a0\u00a0\u00a0\u00a0\u00a0\u00a0\u00a0\u00a0\u00a0 90 gr.<br \/>\nEncuadernaci\u00f3n\u00a0 R\u00fastica (Tapa blanda)<br \/>\nInpresi\u00f3n\u00a0\u00a0\u00a0\u00a0\u00a0\u00a0\u00a0\u00a0\u00a0\u00a0\u00a0\u00a0\u00a0\u00a0 b\/n\u00a0\u00a0\u00a0El contenido del libro resulta de gran ayuda en la resoluci\u00f3n de problemas, siendo utilizado muy a menudo en ex\u00e1menes.\u00a0\u00a0<\/p>\n<p>Tanto los res\u00famenes como las tablas que aparecen, son los m\u00e1s utilizados en el aprendizaje de esta materia.\u00a0<\/p>\n<p>Los res\u00famenes han sido extra\u00eddos del libro \u00ab50 \u00b1 10 horas de Bioestad\u00edstica\u00bb y las tablas son una selecci\u00f3n del libro \u00abBioestad\u00edstica (+) para las Ciencias de la Salud\u00bb, ambos, publicados por los mismos autores, con el af\u00e1n de ayudar a los alumnos, facilitando la comprensi\u00f3n de esta materia.<br \/>\n___________________________________________<\/p>\n","protected":false},"excerpt":{"rendered":"<p>P\u00e1ginas\u00a0\u00a0\u00a0\u00a0 40 Tama\u00f1o\u00a0\u00a0\u00a0\u00a0 24,00 x 17,00 cm. Peso\u00a0\u00a0\u00a0\u00a0\u00a0\u00a0\u00a0\u00a0\u00a0\u00a0 90 gr. Encuadernaci\u00f3n\u00a0 R\u00fastica (Tapa blanda) Inpresi\u00f3n\u00a0\u00a0\u00a0\u00a0\u00a0\u00a0\u00a0\u00a0\u00a0\u00a0\u00a0\u00a0\u00a0\u00a0 b\/n\u00a0\u00a0\u00a0El contenido del libro resulta<\/p>\n","protected":false},"featured_media":147,"comment_status":"open","ping_status":"closed","template":"","meta":[],"product_cat":[65],"product_tag":[],"class_list":{"0":"post-146","1":"product","2":"type-product","3":"status-publish","4":"has-post-thumbnail","6":"product_cat-martin-andres-a-luna-castillo-j","8":"first","9":"instock","10":"shipping-taxable","11":"purchasable","12":"product-type-simple"},"_links":{"self":[{"href":"https:\/\/test.norma-capitel.com\/index.php?rest_route=\/wp\/v2\/product\/146","targetHints":{"allow":["GET"]}}],"collection":[{"href":"https:\/\/test.norma-capitel.com\/index.php?rest_route=\/wp\/v2\/product"}],"about":[{"href":"https:\/\/test.norma-capitel.com\/index.php?rest_route=\/wp\/v2\/types\/product"}],"replies":[{"embeddable":true,"href":"https:\/\/test.norma-capitel.com\/index.php?rest_route=%2Fwp%2Fv2%2Fcomments&post=146"}],"wp:featuredmedia":[{"embeddable":true,"href":"https:\/\/test.norma-capitel.com\/index.php?rest_route=\/wp\/v2\/media\/147"}],"wp:attachment":[{"href":"https:\/\/test.norma-capitel.com\/index.php?rest_route=%2Fwp%2Fv2%2Fmedia&parent=146"}],"wp:term":[{"taxonomy":"product_cat","embeddable":true,"href":"https:\/\/test.norma-capitel.com\/index.php?rest_route=%2Fwp%2Fv2%2Fproduct_cat&post=146"},{"taxonomy":"product_tag","embeddable":true,"href":"https:\/\/test.norma-capitel.com\/index.php?rest_route=%2Fwp%2Fv2%2Fproduct_tag&post=146"}],"curies":[{"name":"wp","href":"https:\/\/api.w.org\/{rel}","templated":true}]}}