{"id":144,"date":"2024-11-25T12:11:34","date_gmt":"2024-11-25T12:11:34","guid":{"rendered":"https:\/\/test.norma-capitel.com\/?post_type=product&#038;p=144"},"modified":"2024-11-25T12:11:35","modified_gmt":"2024-11-25T12:11:35","slug":"50-%c2%b1-10-horas-de-bioestadistica-agotado","status":"publish","type":"product","link":"https:\/\/test.norma-capitel.com\/?product=50-%c2%b1-10-horas-de-bioestadistica-agotado","title":{"rendered":"50 \u00b1 10 Horas de Bioestad\u00edstica (AGOTADO)"},"content":{"rendered":"<p>P\u00e1ginas\u00a0\u00a0\u00a0\u00a0 536<br \/>\nTama\u00f1o\u00a0\u00a0\u00a0\u00a0 24,00 x 17,00 cm.<br \/>\nPeso\u00a0\u00a0\u00a0\u00a0\u00a0\u00a0\u00a0\u00a0\u00a0\u00a0 980 gr.<\/p>\n<p>Encuadernaci\u00f3n\u00a0 R\u00fastica (Tapa blanda)<br \/>\nImpresi\u00f3n\u00a0\u00a0\u00a0\u00a0\u00a0\u00a0\u00a0\u00a0\u00a0\u00a0\u00a0\u00a0\u00a0 b\/n\u00cdNDICE DE CAP\u00cdTULOS<\/p>\n<p>\u00a0 1\u00a0 Introducci\u00f3n.<br \/>\n\u00a0 2\u00a0 Estad\u00edstica descriptiva.<br \/>\n\u00a0 3\u00a0 Distribuciones de probabilidad.<br \/>\n\u00a0 4\u00a0 Intervalos de confianza y de aceptaci\u00f3n.<br \/>\n\u00a0 5\u00a0 Concepto general de test de hip\u00f3tesis.<br \/>\n\u00a0 6\u00a0 Test con una muestra.<br \/>\n\u00a0 7\u00a0 Test de homogeneidad con dos muestras.<br \/>\n\u00a0 8\u00a0 Ensayos cl\u00ednicos.<br \/>\n\u00a0 9\u00a0 El test\u00a0 x2\u00a0 y sus aplicaciones.<br \/>\n10\u00a0 Regresi\u00f3n lineal.<br \/>\n11\u00a0 Correlaci\u00f3n.<br \/>\nProblemas resueltos finales<\/p>\n<p>Ap\u00e9ndices<br \/>\nSoluciones a los problemas propuestos.<br \/>\nReferencias.<br \/>\n\u00cdndice alfab\u00e9tico.<br \/>\nSignos, s\u00edmbolos y abreviaturas.<br \/>\nGlosario.<br \/>\nTablas.<br \/>\n___________________________________________<\/p>\n<p>En ciencias de la salud es muy frecuente impartir cursos de estad\u00edstica b\u00e1sica en el entorno de 40 a 60 horas lectivas.<br \/>\nTanto el alumno como el profesor se enfrentan al problema de tener que seleccionar los t\u00f3picos m\u00e1s adecuados para que les sirvan de gu\u00eda.<br \/>\nEste libro, escrito por los mismos autores que el libro de Bioestad\u00edstica para las ciencias de la salud, viene a cubrir esa necesidad, abordando los principales problemas y temas de aplicaci\u00f3n de la bioestad\u00edstica, ilustrando los principios de forma intuitiva, omitiendo demostraciones, permitiendo al especialista de Ciencias de la salud introducirse en el m\u00e9todo estad\u00edstico.<br \/>\nCada cap\u00edtulo contiene una parte pr\u00e1ctico conceptual, un resumen, problemas resueltos, problemas propuestos, resueltos parcialmente para inducir al lector en pr\u00e1cticas de aprendizaje y un glosario de los t\u00e9rminos m\u00e1s usuales en el m\u00e9todo estad\u00edstico.<br \/>\n___________________________________________<\/p>\n","protected":false},"excerpt":{"rendered":"<p>P\u00e1ginas\u00a0\u00a0\u00a0\u00a0 536 Tama\u00f1o\u00a0\u00a0\u00a0\u00a0 24,00 x 17,00 cm. Peso\u00a0\u00a0\u00a0\u00a0\u00a0\u00a0\u00a0\u00a0\u00a0\u00a0 980 gr. Encuadernaci\u00f3n\u00a0 R\u00fastica (Tapa blanda) Impresi\u00f3n\u00a0\u00a0\u00a0\u00a0\u00a0\u00a0\u00a0\u00a0\u00a0\u00a0\u00a0\u00a0\u00a0 b\/n\u00cdNDICE DE CAP\u00cdTULOS \u00a0 1\u00a0<\/p>\n","protected":false},"featured_media":145,"comment_status":"open","ping_status":"closed","template":"","meta":[],"product_cat":[65],"product_tag":[],"class_list":{"0":"post-144","1":"product","2":"type-product","3":"status-publish","4":"has-post-thumbnail","6":"product_cat-martin-andres-a-luna-castillo-j","8":"first","9":"instock","10":"shipping-taxable","11":"purchasable","12":"product-type-simple"},"_links":{"self":[{"href":"https:\/\/test.norma-capitel.com\/index.php?rest_route=\/wp\/v2\/product\/144","targetHints":{"allow":["GET"]}}],"collection":[{"href":"https:\/\/test.norma-capitel.com\/index.php?rest_route=\/wp\/v2\/product"}],"about":[{"href":"https:\/\/test.norma-capitel.com\/index.php?rest_route=\/wp\/v2\/types\/product"}],"replies":[{"embeddable":true,"href":"https:\/\/test.norma-capitel.com\/index.php?rest_route=%2Fwp%2Fv2%2Fcomments&post=144"}],"wp:featuredmedia":[{"embeddable":true,"href":"https:\/\/test.norma-capitel.com\/index.php?rest_route=\/wp\/v2\/media\/145"}],"wp:attachment":[{"href":"https:\/\/test.norma-capitel.com\/index.php?rest_route=%2Fwp%2Fv2%2Fmedia&parent=144"}],"wp:term":[{"taxonomy":"product_cat","embeddable":true,"href":"https:\/\/test.norma-capitel.com\/index.php?rest_route=%2Fwp%2Fv2%2Fproduct_cat&post=144"},{"taxonomy":"product_tag","embeddable":true,"href":"https:\/\/test.norma-capitel.com\/index.php?rest_route=%2Fwp%2Fv2%2Fproduct_tag&post=144"}],"curies":[{"name":"wp","href":"https:\/\/api.w.org\/{rel}","templated":true}]}}