{"id":142,"date":"2024-11-25T12:11:33","date_gmt":"2024-11-25T12:11:33","guid":{"rendered":"https:\/\/test.norma-capitel.com\/?post_type=product&#038;p=142"},"modified":"2024-11-25T12:11:34","modified_gmt":"2024-11-25T12:11:34","slug":"bioestadistica-para-las-ciencias-de-la-salud","status":"publish","type":"product","link":"https:\/\/test.norma-capitel.com\/?product=bioestadistica-para-las-ciencias-de-la-salud","title":{"rendered":"Bioestadist\u00edca (+) para las Ciencias de la Salud"},"content":{"rendered":"<p>P\u00e1ginas\u00a0\u00a0\u00a0\u00a0 696<br \/>\nTama\u00f1o\u00a0\u00a0\u00a0\u00a0 24,00 x 17,00 cm.<br \/>\nPeso\u00a0\u00a0\u00a0\u00a0\u00a0\u00a0\u00a0\u00a0\u00a0\u00a0 1300 gr.<\/p>\n<p>Encuadernaci\u00f3n\u00a0 R\u00fastica (Tapa blanda)<br \/>\nImpresi\u00f3n\u00a0\u00a0\u00a0 \u00a0 \u00a0\u00a0\u00a0\u00a0\u00a0\u00a0\u00a0 b\/n\u00a0\u00cdNDICE DE CAP\u00cdTULOS<\/p>\n<p>\u00a0 1\u00a0 Introducci\u00f3n.<br \/>\n\u00a0 2\u00a0 Estad\u00edstica descriptiva.<br \/>\n\u00a0 3\u00a0 C\u00e1lculo de probabilidades.<br \/>\n\u00a0 4\u00a0 Variables aleatorias y distribuciones de probabilidad.<br \/>\n\u00a0 5\u00a0 Intervalos de confianza y de aceptaci\u00f3n.<br \/>\n\u00a0 6\u00a0 Concepto general del tets de hip\u00f3tesis.<br \/>\n\u00a0 7\u00a0 Test con una muestra.<br \/>\n\u00a0 8\u00a0 Test con dos muestra.<br \/>\n\u00a0 9\u00a0 Ensayos cl\u00ednicos.<br \/>\n10\u00a0 Test X2, tablas de contingencia y medidas de asociaci\u00f3n, eficacia y acuerdo.<br \/>\n11\u00a0 An\u00e1lisis de la varianza.<br \/>\n12\u00a0 Regresi\u00f3n.<br \/>\n13\u00a0 Correlaci\u00f3n.<br \/>\nAp\u00e9ndices<br \/>\nSoluciones a los problemas propuestos.<br \/>\nReferencias.<br \/>\n\u00cdndice alfab\u00e9tico.<br \/>\nSignos, s\u00edmbolos y abreviaturas.<br \/>\nTablas.<br \/>\n___________________________________________<\/p>\n<p>La presente obra es el fruto por parte de los autores, de m\u00e1s de 25 a\u00f1os de docencia en Bioestad\u00edstica en la Facultad de Medicina de Granada, adem\u00e1s de diversos cursos impartidos a odont\u00f3logos, epidemi\u00f3logos, gerentes de hospitales, especialistas en salud p\u00fablica, etc..<\/p>\n<p>El libro, al llegar a su 5\u00aa edici\u00f3n, es ya, por m\u00e9ritos propios, un cl\u00e1sico entre estudiantes y profesores de esta materia. Est\u00e1 escrito en un lenguaje claro y conciso, con la finalidad de que el lector se sit\u00fae ante la materia con agrado e inter\u00e9s; estructurado en cap\u00edtulos cuyo contenido es, una parte te\u00f3rico-pr\u00e1ctica (la base general), unos complementos (incluyen aspectos estad\u00edsticos m\u00e1s particulares, para el estudio en segunda lectura, aspectos que, de incluirse en el texto base, resultar\u00eda menos claro), unos problemas para poner a prueba la destreza del lector en lo ya estudiado (todos ellos resueltos) y unos res\u00famenes (que son tambi\u00e9n formulario y hacen del libro un manual de consulta de indudable inter\u00e9s para la resoluci\u00f3n de problemas concretos), todos ellos, propios del campo de las Ciencias de la salud, logrando el principal fin de cualquier programa de educaci\u00f3n: la conexi\u00f3n de los problemas profesionales espec\u00edficos con el m\u00e9todo cient\u00edfico ilustrado.<\/p>\n<p>Los autores, siempre en constante progreso, y conservando la estructura de la edici\u00f3n anterior, han efectuado una profunda revisi\u00f3n, reescribiendo todos los cap\u00edtulos, lo que ha ampliado la obra en un centenar de p\u00e1ginas, habiendo incorporado un gran n\u00famero de nuevos contenidos como supervivencia, medidas de acuerdo, bioequivalencia, evaluaci\u00f3n de m\u00e9todos de medida, an\u00e1lisis de varias tablas 2&#215;2, an\u00e1lisis de varianza de dos y de tres v\u00edas, regresi\u00f3n m\u00faltiple, regresi\u00f3n log\u00edstica, correlaci\u00f3n m\u00faltiple, etc., siendo este el motivo por el que aparece como la 1\u00aa edici\u00f3n de un nuevo t\u00edtulo.<br \/>\n___________________________________________<br \/>\n\u00a0<\/p>\n","protected":false},"excerpt":{"rendered":"<p>P\u00e1ginas\u00a0\u00a0\u00a0\u00a0 696 Tama\u00f1o\u00a0\u00a0\u00a0\u00a0 24,00 x 17,00 cm. Peso\u00a0\u00a0\u00a0\u00a0\u00a0\u00a0\u00a0\u00a0\u00a0\u00a0 1300 gr. Encuadernaci\u00f3n\u00a0 R\u00fastica (Tapa blanda) Impresi\u00f3n\u00a0\u00a0\u00a0 \u00a0 \u00a0\u00a0\u00a0\u00a0\u00a0\u00a0\u00a0 b\/n\u00a0\u00cdNDICE DE CAP\u00cdTULOS<\/p>\n","protected":false},"featured_media":143,"comment_status":"open","ping_status":"closed","template":"","meta":[],"product_cat":[65],"product_tag":[],"class_list":{"0":"post-142","1":"product","2":"type-product","3":"status-publish","4":"has-post-thumbnail","6":"product_cat-martin-andres-a-luna-castillo-j","8":"first","9":"instock","10":"shipping-taxable","11":"purchasable","12":"product-type-simple"},"_links":{"self":[{"href":"https:\/\/test.norma-capitel.com\/index.php?rest_route=\/wp\/v2\/product\/142","targetHints":{"allow":["GET"]}}],"collection":[{"href":"https:\/\/test.norma-capitel.com\/index.php?rest_route=\/wp\/v2\/product"}],"about":[{"href":"https:\/\/test.norma-capitel.com\/index.php?rest_route=\/wp\/v2\/types\/product"}],"replies":[{"embeddable":true,"href":"https:\/\/test.norma-capitel.com\/index.php?rest_route=%2Fwp%2Fv2%2Fcomments&post=142"}],"wp:featuredmedia":[{"embeddable":true,"href":"https:\/\/test.norma-capitel.com\/index.php?rest_route=\/wp\/v2\/media\/143"}],"wp:attachment":[{"href":"https:\/\/test.norma-capitel.com\/index.php?rest_route=%2Fwp%2Fv2%2Fmedia&parent=142"}],"wp:term":[{"taxonomy":"product_cat","embeddable":true,"href":"https:\/\/test.norma-capitel.com\/index.php?rest_route=%2Fwp%2Fv2%2Fproduct_cat&post=142"},{"taxonomy":"product_tag","embeddable":true,"href":"https:\/\/test.norma-capitel.com\/index.php?rest_route=%2Fwp%2Fv2%2Fproduct_tag&post=142"}],"curies":[{"name":"wp","href":"https:\/\/api.w.org\/{rel}","templated":true}]}}