{"id":140,"date":"2024-11-25T12:11:31","date_gmt":"2024-11-25T12:11:31","guid":{"rendered":"https:\/\/test.norma-capitel.com\/?post_type=product&#038;p=140"},"modified":"2024-11-25T12:11:31","modified_gmt":"2024-11-25T12:11:31","slug":"atlas-macroscopico-sistema-nervioso-central","status":"publish","type":"product","link":"https:\/\/test.norma-capitel.com\/?product=atlas-macroscopico-sistema-nervioso-central","title":{"rendered":"Atlas Macrosc\u00f3pico Sistema Nervioso Central"},"content":{"rendered":"<p>P\u00e1ginas\u00a0\u00a0\u00a0\u00a0 164<br \/>\nTama\u00f1o\u00a0\u00a0\u00a0\u00a0 17,00 x 25,50 cm.<br \/>\nPeso\u00a0\u00a0\u00a0\u00a0\u00a0\u00a0\u00a0\u00a0\u00a0\u00a0 330 gr.<br \/>\nEncuadernaci\u00f3n\u00a0 R\u00fastica (Tapa blanda)<br \/>\nImpresi\u00f3n\u00a0\u00a0\u00a0\u00a0\u00a0\u00a0\u00a0\u00a0\u00a0\u00a0\u00a0\u00a0\u00a0 b\/n<br \/>\n\u00cdNDICE DE CAP\u00cdTULOS\u00a0<\/p>\n<p>Primera parte<br \/>\nCortes frontales<\/p>\n<p>\u00a0Segunda parte<br \/>\nCortes parasagitales<br \/>\n\u00a0<br \/>\nTercera parte<br \/>\nCortes horizontales<br \/>\n\u00a0<br \/>\nCuarta parte<br \/>\nPreparaciones<br \/>\n___________________________________________<\/p>\n<p>Esta obra tiene como finalidad facilitar la comprensi\u00f3n de la disposici\u00f3n espacial y las relaciones de los distintos n\u00facleos y v\u00edas, descritos habitualmente en las clases te\u00f3rico-pr\u00e1cticas ya que uno de los grandes problemas de la neuroanatom\u00eda estriba en la dificultad de contar con im\u00e1genes espaciales representadas en planos y en el reconocimiento de la diferenciaci\u00f3n de color por personas poco experimentadas en la materia.<br \/>\nLa base de este libro es ayudar a comprender la diferencia de color de las distintas sustancias a veces, francamente dif\u00edciles de percibir dado que cuando se habla de sustancia blanca y gris en los cortes de la Sala de Disecci\u00f3n, ni lo blanco es blanco ni lo gris se observa como tal, siendo la raz\u00f3n, el m\u00e9todo de fijaci\u00f3n empleado.<br \/>\nLa creencia de que el sistema nervioso est\u00e1 constituido por dos tipos de sustancias: gris y blanca, es debida al m\u00e9todo de fijaci\u00f3n utilizado por los antiguos neuroanat\u00f3micos:alcohol o vino. Este procedimiento retrae y deforma intensamente las estructuras, por lo que en la actualidad se utiliza el formol tamponado a pH neutro en concentraci\u00f3n al 10%.\u00a0 Con este procedimiento y apoyando el enc\u00e9falo sobre un lecho acolchado, se consigue que la deformidad sea m\u00ednima, obteni\u00e9ndose cortes de gran calidad, con una buena diferenciaci\u00f3n, apareciendo la sustancia gris, con un color rojizo, conserv\u00e1ndose bastante bi\u00e9n el aspecto nacarino de la sustancia blanca.<br \/>\nApoy\u00e1ndose en los hechos rese\u00f1ados, se ha realizado el presente atlas, resultando ser un elemento de gran utilidad, al presentar el enc\u00e9falo tal y como aparece en la Sala de Disecci\u00f3n, con fotograf\u00edas de los cortes en planos paralelos de 0,5 cm. de espesor, en las tres direccines del espacio; adjuntando adem\u00e1s, la preparaci\u00f3n utilizada en cada caso con\u00a0 el m\u00e9todo Klinger y un esquema explicativo, a fin de facilitar el estudio del corte.<br \/>\n___________________________________________<\/p>\n","protected":false},"excerpt":{"rendered":"<p>P\u00e1ginas\u00a0\u00a0\u00a0\u00a0 164 Tama\u00f1o\u00a0\u00a0\u00a0\u00a0 17,00 x 25,50 cm. Peso\u00a0\u00a0\u00a0\u00a0\u00a0\u00a0\u00a0\u00a0\u00a0\u00a0 330 gr. Encuadernaci\u00f3n\u00a0 R\u00fastica (Tapa blanda) Impresi\u00f3n\u00a0\u00a0\u00a0\u00a0\u00a0\u00a0\u00a0\u00a0\u00a0\u00a0\u00a0\u00a0\u00a0 b\/n \u00cdNDICE DE CAP\u00cdTULOS\u00a0 Primera<\/p>\n","protected":false},"featured_media":141,"comment_status":"open","ping_status":"closed","template":"","meta":[],"product_cat":[64],"product_tag":[],"class_list":{"0":"post-140","1":"product","2":"type-product","3":"status-publish","4":"has-post-thumbnail","6":"product_cat-jimenez-collado-j","8":"first","9":"instock","10":"shipping-taxable","11":"purchasable","12":"product-type-simple"},"_links":{"self":[{"href":"https:\/\/test.norma-capitel.com\/index.php?rest_route=\/wp\/v2\/product\/140","targetHints":{"allow":["GET"]}}],"collection":[{"href":"https:\/\/test.norma-capitel.com\/index.php?rest_route=\/wp\/v2\/product"}],"about":[{"href":"https:\/\/test.norma-capitel.com\/index.php?rest_route=\/wp\/v2\/types\/product"}],"replies":[{"embeddable":true,"href":"https:\/\/test.norma-capitel.com\/index.php?rest_route=%2Fwp%2Fv2%2Fcomments&post=140"}],"wp:featuredmedia":[{"embeddable":true,"href":"https:\/\/test.norma-capitel.com\/index.php?rest_route=\/wp\/v2\/media\/141"}],"wp:attachment":[{"href":"https:\/\/test.norma-capitel.com\/index.php?rest_route=%2Fwp%2Fv2%2Fmedia&parent=140"}],"wp:term":[{"taxonomy":"product_cat","embeddable":true,"href":"https:\/\/test.norma-capitel.com\/index.php?rest_route=%2Fwp%2Fv2%2Fproduct_cat&post=140"},{"taxonomy":"product_tag","embeddable":true,"href":"https:\/\/test.norma-capitel.com\/index.php?rest_route=%2Fwp%2Fv2%2Fproduct_tag&post=140"}],"curies":[{"name":"wp","href":"https:\/\/api.w.org\/{rel}","templated":true}]}}