{"id":138,"date":"2024-11-25T12:11:29","date_gmt":"2024-11-25T12:11:29","guid":{"rendered":"https:\/\/test.norma-capitel.com\/?post_type=product&#038;p=138"},"modified":"2024-11-25T12:11:30","modified_gmt":"2024-11-25T12:11:30","slug":"historia-de-la-medicina-3a-ed","status":"publish","type":"product","link":"https:\/\/test.norma-capitel.com\/?product=historia-de-la-medicina-3a-ed","title":{"rendered":"HISTORIA DE LA MEDICINA 3\u00aa Ed."},"content":{"rendered":"<p>P\u00e1ginas\u00a0\u00a0\u00a0\u00a0 928<br \/>\nTama\u00f1o\u00a0\u00a0\u00a0\u00a0 27,80 x 20,00 cm.<br \/>\nPeso\u00a0\u00a0\u00a0\u00a0\u00a0\u00a0\u00a0\u00a0\u00a0 2350 gr.<\/p>\n<p>Encuadernaci\u00f3n\u00a0 Carton\u00e9 (tapa dura)<br \/>\nImpresi\u00f3n\u00a0\u00a0\u00a0\u00a0\u00a0\u00a0\u00a0\u00a0\u00a0\u00a0\u00a0\u00a0\u00a0 Bicolor\u00cdNDICE DE CAP\u00cdTULOS<\/p>\n<p>Introducci\u00f3n<br \/>\nMedicina Prehist\u00f3rica<br \/>\nMedicina Primitiva<br \/>\nMedicina Precolombina<br \/>\nMedicinas Mesopot\u00e1mica e India<br \/>\nMedicina Eg\u00edpcia<br \/>\nMedicina\u00a0 China Primitiva<br \/>\nMedicina Griega<br \/>\nMedicina Romana<br \/>\nMedicina Isl\u00e1mica<br \/>\nMedicina Medieval<br \/>\nMedicina del Renacimiento<br \/>\nMedicina del Barroco<br \/>\nMedicina de la Ilustraci\u00f3n<br \/>\nMedicina del Romanticismo<br \/>\nMedicina del positivismo<br \/>\nMedicina en \u00c1frica<br \/>\nMedicina en \u00c1sia<br \/>\nMedicina en Australasia<br \/>\nMedicina en Ocean\u00eda<br \/>\nMedicina Contempor\u00e1nea<\/p>\n<p>\u00cdndice Onom\u00e1stico<br \/>\nBibliograf\u00eda<br \/>\n___________________________________________<br \/>\n\u00a0<br \/>\nEsta nueva obra puede entenderse como la \u00fanica Historia de la Medicina que recoge lo acontecido en la ciencia m\u00e9dica a trav\u00e9s del tiempo,en todas las culturas. Por ello, es considerada, fuente imprescindible de consulta\u00a0ya que el autor, con su habitual rigor, intena no olvidar ning\u00fan personaje que haya aportado sus cococimientos al avance de la ciencia m\u00e9dica, incluyendo y contrastando datos que confieren al libro una gran\u00a0fiabilidad.<\/p>\n<p>Efectua un trabajo de investigaci\u00f3n por diversas culturas, destacando la medicina en paises tan remotos como \u00c1sia, Australia, Ocean\u00eda o \u00c1frica, de los que no exist\u00eda un cococimiento veraz;\u00a0 ampl\u00eda adem\u00e1s, lo expuesto en ediciones anteriores sobre la medicina en pa\u00edses del centro y sudam\u00e9rica.<\/p>\n<p>En esta nueva edici\u00f3n, se han incluido mas de 600 fotograf\u00edas que asocian el texto con el personaje referido, adem\u00e1s de mapas pol\u00edticos actualizados para hacer mas comprensible su seguimiento.<\/p>\n<p>Uno de los valores m\u00e1s importantes del libro, es su \u00edndice onom\u00e1stico, que por s\u00ed solo ya justificar\u00eda la obra, al recoger mas de 8000 citas de personajes\u00a0m\u00e9dicos, en un total de unas 13000,\u00a0 en las que se refiere al lector a la p\u00e1gina exacta en la que figuran, permitiendo de este modo una localizaci\u00f3n inmediata y una f\u00e1cil y accesible relaci\u00f3n con el entorno.<br \/>\nIncluye adem\u00e1s una extensa bibliograf\u00eda con unas 1500 referencias, seleccionadas por el autor, consideradas como la fuente mas valiosa para el estudio y ampliaci\u00f3n de datos.<br \/>\n___________________________________________<\/p>\n","protected":false},"excerpt":{"rendered":"<p>P\u00e1ginas\u00a0\u00a0\u00a0\u00a0 928 Tama\u00f1o\u00a0\u00a0\u00a0\u00a0 27,80 x 20,00 cm. Peso\u00a0\u00a0\u00a0\u00a0\u00a0\u00a0\u00a0\u00a0\u00a0 2350 gr. Encuadernaci\u00f3n\u00a0 Carton\u00e9 (tapa dura) Impresi\u00f3n\u00a0\u00a0\u00a0\u00a0\u00a0\u00a0\u00a0\u00a0\u00a0\u00a0\u00a0\u00a0\u00a0 Bicolor\u00cdNDICE DE CAP\u00cdTULOS Introducci\u00f3n Medicina<\/p>\n","protected":false},"featured_media":139,"comment_status":"open","ping_status":"closed","template":"","meta":[],"product_cat":[63],"product_tag":[],"class_list":{"0":"post-138","1":"product","2":"type-product","3":"status-publish","4":"has-post-thumbnail","6":"product_cat-guerra-f","8":"first","9":"instock","10":"shipping-taxable","11":"purchasable","12":"product-type-simple"},"_links":{"self":[{"href":"https:\/\/test.norma-capitel.com\/index.php?rest_route=\/wp\/v2\/product\/138","targetHints":{"allow":["GET"]}}],"collection":[{"href":"https:\/\/test.norma-capitel.com\/index.php?rest_route=\/wp\/v2\/product"}],"about":[{"href":"https:\/\/test.norma-capitel.com\/index.php?rest_route=\/wp\/v2\/types\/product"}],"replies":[{"embeddable":true,"href":"https:\/\/test.norma-capitel.com\/index.php?rest_route=%2Fwp%2Fv2%2Fcomments&post=138"}],"wp:featuredmedia":[{"embeddable":true,"href":"https:\/\/test.norma-capitel.com\/index.php?rest_route=\/wp\/v2\/media\/139"}],"wp:attachment":[{"href":"https:\/\/test.norma-capitel.com\/index.php?rest_route=%2Fwp%2Fv2%2Fmedia&parent=138"}],"wp:term":[{"taxonomy":"product_cat","embeddable":true,"href":"https:\/\/test.norma-capitel.com\/index.php?rest_route=%2Fwp%2Fv2%2Fproduct_cat&post=138"},{"taxonomy":"product_tag","embeddable":true,"href":"https:\/\/test.norma-capitel.com\/index.php?rest_route=%2Fwp%2Fv2%2Fproduct_tag&post=138"}],"curies":[{"name":"wp","href":"https:\/\/api.w.org\/{rel}","templated":true}]}}