{"id":136,"date":"2024-11-25T12:11:28","date_gmt":"2024-11-25T12:11:28","guid":{"rendered":"https:\/\/test.norma-capitel.com\/?post_type=product&#038;p=136"},"modified":"2024-11-25T12:11:28","modified_gmt":"2024-11-25T12:11:28","slug":"diccionario-de-terminos-tecnicos-en-medicina","status":"publish","type":"product","link":"https:\/\/test.norma-capitel.com\/?product=diccionario-de-terminos-tecnicos-en-medicina","title":{"rendered":"Diccionario de T\u00e9rminos T\u00e9cnicos en Medicina"},"content":{"rendered":"<p>P\u00e1ginas\u00a0\u00a0\u00a0\u00a0 1126<br \/>\nTama\u00f1o\u00a0\u00a0\u00a0\u00a0 19,00 x 14,00 cm.<br \/>\nPeso\u00a0\u00a0\u00a0\u00a0\u00a0\u00a0\u00a0\u00a0\u00a0\u00a0 900 gr.<\/p>\n<p>Encuadernaci\u00f3n\u00a0 Carton\u00e9 (Tapa dura)<br \/>\nImpresi\u00f3n\u00a0\u00a0\u00a0\u00a0\u00a0\u00a0\u00a0\u00a0 \u00a0 \u00a0\u00a0\u00a0 b\/n<br \/>\nEsta obra, originalmente publicada en franc\u00e9s, con ediciones en ingl\u00e9s e italiano, est\u00e1 reconocida internacionalmente por su amplia, cuidadosa y bien atendida selecci\u00f3n de t\u00e9rminos t\u00e9cnicos de medicina.<br \/>\nAl aparecer la 20\u00ba edici\u00f3n, se traduce al espa\u00f1ol, siendo sometida a una intensa actualizaci\u00f3n y revisi\u00f3n por el Dr. Agust\u00edn Albarracin.<\/p>\n<p>El libro, escrito en un lenguaje claro y\u00a0conciso, constituye una amplia exposici\u00f3n de nuestra medicina actual, sin olvidar su herencia de la medicina del pasado, lo que le convierte en un valioso instrumento de trabajo al ser una gu\u00eda bien informada, justa e imparcial, con un formato reducido y c\u00f3modo, conteniendo cerca de veintidosmil t\u00e9rminos m\u00e9dicos, con definiciones breves, precisas y claras.<br \/>\n___________________________________________<\/p>\n","protected":false},"excerpt":{"rendered":"<p>P\u00e1ginas\u00a0\u00a0\u00a0\u00a0 1126 Tama\u00f1o\u00a0\u00a0\u00a0\u00a0 19,00 x 14,00 cm. Peso\u00a0\u00a0\u00a0\u00a0\u00a0\u00a0\u00a0\u00a0\u00a0\u00a0 900 gr. Encuadernaci\u00f3n\u00a0 Carton\u00e9 (Tapa dura) Impresi\u00f3n\u00a0\u00a0\u00a0\u00a0\u00a0\u00a0\u00a0\u00a0 \u00a0 \u00a0\u00a0\u00a0 b\/n Esta obra,<\/p>\n","protected":false},"featured_media":137,"comment_status":"open","ping_status":"closed","template":"","meta":[],"product_cat":[62],"product_tag":[],"class_list":{"0":"post-136","1":"product","2":"type-product","3":"status-publish","4":"has-post-thumbnail","6":"product_cat-garnier-m-delamare-v","8":"first","9":"instock","10":"shipping-taxable","11":"purchasable","12":"product-type-simple"},"_links":{"self":[{"href":"https:\/\/test.norma-capitel.com\/index.php?rest_route=\/wp\/v2\/product\/136","targetHints":{"allow":["GET"]}}],"collection":[{"href":"https:\/\/test.norma-capitel.com\/index.php?rest_route=\/wp\/v2\/product"}],"about":[{"href":"https:\/\/test.norma-capitel.com\/index.php?rest_route=\/wp\/v2\/types\/product"}],"replies":[{"embeddable":true,"href":"https:\/\/test.norma-capitel.com\/index.php?rest_route=%2Fwp%2Fv2%2Fcomments&post=136"}],"wp:featuredmedia":[{"embeddable":true,"href":"https:\/\/test.norma-capitel.com\/index.php?rest_route=\/wp\/v2\/media\/137"}],"wp:attachment":[{"href":"https:\/\/test.norma-capitel.com\/index.php?rest_route=%2Fwp%2Fv2%2Fmedia&parent=136"}],"wp:term":[{"taxonomy":"product_cat","embeddable":true,"href":"https:\/\/test.norma-capitel.com\/index.php?rest_route=%2Fwp%2Fv2%2Fproduct_cat&post=136"},{"taxonomy":"product_tag","embeddable":true,"href":"https:\/\/test.norma-capitel.com\/index.php?rest_route=%2Fwp%2Fv2%2Fproduct_tag&post=136"}],"curies":[{"name":"wp","href":"https:\/\/api.w.org\/{rel}","templated":true}]}}