{"id":132,"date":"2024-11-25T12:11:24","date_gmt":"2024-11-25T12:11:24","guid":{"rendered":"https:\/\/test.norma-capitel.com\/?post_type=product&#038;p=132"},"modified":"2024-11-25T12:11:25","modified_gmt":"2024-11-25T12:11:25","slug":"desde-la-libertad","status":"publish","type":"product","link":"https:\/\/test.norma-capitel.com\/?product=desde-la-libertad","title":{"rendered":"Desde la Libertad"},"content":{"rendered":"<p>P\u00e1ginas\u00a0\u00a0\u00a0\u00a0 408<br \/>\nTama\u00f1o\u00a0\u00a0\u00a0\u00a0 22,00 x 14,50 cm.<br \/>\nPeso\u00a0\u00a0\u00a0\u00a0\u00a0\u00a0\u00a0\u00a0\u00a0\u00a0 600 gr.<br \/>\n\u00a0<br \/>\nEncuadernaci\u00f3n\u00a0 R\u00fastica (Tapa blanda)<br \/>\nImpresi\u00f3n\u00a0\u00a0\u00a0\u00a0\u00a0\u00a0\u00a0\u00a0\u00a0\u00a0 b\/n<br \/>\n\u00a0\u00cdNDICE DE CAPITULOS<\/p>\n<p>Econom\u00eda de empresa<br \/>\nEconom\u00eda pol\u00edtica<br \/>\nUni\u00f3n Europea<br \/>\nDe \u00c9tica<br \/>\nVarios<br \/>\n\u00cdndice onom\u00e1stico<br \/>\n____________________________________________<br \/>\nQuienes defienden una sociedad fuerte, articulada y vital, tienen en esta obra de Rafael Termes, s\u00f3lo en apariencia miscel\u00e1nea, est\u00edmulo abundante para la reflexi\u00f3n y el pensamiento cr\u00edtico.<br \/>\nEn su dilatada trayectoria como publicista, profesor y conferenciante, el autor no se ha limitado simplemente, como buen racionalista que es, a aceptar la opini\u00f3n ajena, sino que ha dejado de buen grado que critiquen sus ideas y ha puesto en tela de juicio las de los dem\u00e1s.<br \/>\nY lo ha hecho, en este libro hay una buena muestra de ello, con una gran elegancia espiritual, con un lenguaje sencillo que no repugna a nadie ni por su forma ni por su contenido, siempre a la busca no tanto de convencer como de contribuir a estimular y provocar la formaci\u00f3n de opiniones libres.<br \/>\n____________________________________________<\/p>\n","protected":false},"excerpt":{"rendered":"<p>P\u00e1ginas\u00a0\u00a0\u00a0\u00a0 408 Tama\u00f1o\u00a0\u00a0\u00a0\u00a0 22,00 x 14,50 cm. Peso\u00a0\u00a0\u00a0\u00a0\u00a0\u00a0\u00a0\u00a0\u00a0\u00a0 600 gr. \u00a0 Encuadernaci\u00f3n\u00a0 R\u00fastica (Tapa blanda) Impresi\u00f3n\u00a0\u00a0\u00a0\u00a0\u00a0\u00a0\u00a0\u00a0\u00a0\u00a0 b\/n \u00a0\u00cdNDICE DE CAPITULOS<\/p>\n","protected":false},"featured_media":133,"comment_status":"open","ping_status":"closed","template":"","meta":[],"product_cat":[59],"product_tag":[],"class_list":{"0":"post-132","1":"product","2":"type-product","3":"status-publish","4":"has-post-thumbnail","6":"product_cat-termes-r","8":"first","9":"instock","10":"shipping-taxable","11":"purchasable","12":"product-type-simple"},"_links":{"self":[{"href":"https:\/\/test.norma-capitel.com\/index.php?rest_route=\/wp\/v2\/product\/132","targetHints":{"allow":["GET"]}}],"collection":[{"href":"https:\/\/test.norma-capitel.com\/index.php?rest_route=\/wp\/v2\/product"}],"about":[{"href":"https:\/\/test.norma-capitel.com\/index.php?rest_route=\/wp\/v2\/types\/product"}],"replies":[{"embeddable":true,"href":"https:\/\/test.norma-capitel.com\/index.php?rest_route=%2Fwp%2Fv2%2Fcomments&post=132"}],"wp:featuredmedia":[{"embeddable":true,"href":"https:\/\/test.norma-capitel.com\/index.php?rest_route=\/wp\/v2\/media\/133"}],"wp:attachment":[{"href":"https:\/\/test.norma-capitel.com\/index.php?rest_route=%2Fwp%2Fv2%2Fmedia&parent=132"}],"wp:term":[{"taxonomy":"product_cat","embeddable":true,"href":"https:\/\/test.norma-capitel.com\/index.php?rest_route=%2Fwp%2Fv2%2Fproduct_cat&post=132"},{"taxonomy":"product_tag","embeddable":true,"href":"https:\/\/test.norma-capitel.com\/index.php?rest_route=%2Fwp%2Fv2%2Fproduct_tag&post=132"}],"curies":[{"name":"wp","href":"https:\/\/api.w.org\/{rel}","templated":true}]}}