{"id":128,"date":"2024-11-25T12:11:20","date_gmt":"2024-11-25T12:11:20","guid":{"rendered":"https:\/\/test.norma-capitel.com\/?post_type=product&#038;p=128"},"modified":"2024-11-25T12:11:22","modified_gmt":"2024-11-25T12:11:22","slug":"economia-a-vuelapluma","status":"publish","type":"product","link":"https:\/\/test.norma-capitel.com\/?product=economia-a-vuelapluma","title":{"rendered":"Econom\u00eda a Vuelapluma"},"content":{"rendered":"<p>P\u00e1ginas \u00a0 \u00a0 288 \u00a0\u00a0<br \/>\nTama\u00f1o\u00a0\u00a0\u00a0\u00a0 22,00 x 14,50 cm.<br \/>\nPeso\u00a0\u00a0\u00a0\u00a0\u00a0\u00a0\u00a0\u00a0\u00a0\u00a0 430 gr.<br \/>\nEncuadernaci\u00f3n\u00a0 R\u00fastica (Tapa blanda)<br \/>\nImpresi\u00f3n\u00a0\u00a0\u00a0\u00a0\u00a0\u00a0\u00a0\u00a0\u00a0\u00a0\u00a0\u00a0\u00a0 b\/n\u00cdNDICE DE CAP\u00cdTULOS<br \/>\nPol\u00edtica.<br \/>\nEconom\u00eda.<br \/>\nArt\u00edculos y comunicaciones m\u00e1s especializadas.<br \/>\nEp\u00edlogo.<br \/>\n___________________________________________<br \/>\nEl autor, gran comunicador,\u00a0 no limita su trabajo al \u00e1mbito de la ense\u00f1anza y arriesga salidas cotidianas a la prensa especializada e incluso a la de la informaci\u00f3n general, ofreciendonos esta recopilaci\u00f3n de 86 art\u00edculos, con el fin de despejar incertidumbres, en un marco de moderaci\u00f3n y optimismo dejando a un lado el tan habitualmente h\u00e1rido mundo de la econom\u00eda.<br \/>\n______________________________________<\/p>\n","protected":false},"excerpt":{"rendered":"<p>P\u00e1ginas \u00a0 \u00a0 288 \u00a0\u00a0 Tama\u00f1o\u00a0\u00a0\u00a0\u00a0 22,00 x 14,50 cm. Peso\u00a0\u00a0\u00a0\u00a0\u00a0\u00a0\u00a0\u00a0\u00a0\u00a0 430 gr. Encuadernaci\u00f3n\u00a0 R\u00fastica (Tapa blanda) Impresi\u00f3n\u00a0\u00a0\u00a0\u00a0\u00a0\u00a0\u00a0\u00a0\u00a0\u00a0\u00a0\u00a0\u00a0 b\/n\u00cdNDICE DE<\/p>\n","protected":false},"featured_media":129,"comment_status":"open","ping_status":"closed","template":"","meta":[],"product_cat":[57],"product_tag":[],"class_list":{"0":"post-128","1":"product","2":"type-product","3":"status-publish","4":"has-post-thumbnail","6":"product_cat-franck-j-j","8":"first","9":"instock","10":"shipping-taxable","11":"purchasable","12":"product-type-simple"},"_links":{"self":[{"href":"https:\/\/test.norma-capitel.com\/index.php?rest_route=\/wp\/v2\/product\/128","targetHints":{"allow":["GET"]}}],"collection":[{"href":"https:\/\/test.norma-capitel.com\/index.php?rest_route=\/wp\/v2\/product"}],"about":[{"href":"https:\/\/test.norma-capitel.com\/index.php?rest_route=\/wp\/v2\/types\/product"}],"replies":[{"embeddable":true,"href":"https:\/\/test.norma-capitel.com\/index.php?rest_route=%2Fwp%2Fv2%2Fcomments&post=128"}],"wp:featuredmedia":[{"embeddable":true,"href":"https:\/\/test.norma-capitel.com\/index.php?rest_route=\/wp\/v2\/media\/129"}],"wp:attachment":[{"href":"https:\/\/test.norma-capitel.com\/index.php?rest_route=%2Fwp%2Fv2%2Fmedia&parent=128"}],"wp:term":[{"taxonomy":"product_cat","embeddable":true,"href":"https:\/\/test.norma-capitel.com\/index.php?rest_route=%2Fwp%2Fv2%2Fproduct_cat&post=128"},{"taxonomy":"product_tag","embeddable":true,"href":"https:\/\/test.norma-capitel.com\/index.php?rest_route=%2Fwp%2Fv2%2Fproduct_tag&post=128"}],"curies":[{"name":"wp","href":"https:\/\/api.w.org\/{rel}","templated":true}]}}