{"id":124,"date":"2024-11-25T12:11:17","date_gmt":"2024-11-25T12:11:17","guid":{"rendered":"https:\/\/test.norma-capitel.com\/?post_type=product&#038;p=124"},"modified":"2024-11-25T12:11:17","modified_gmt":"2024-11-25T12:11:17","slug":"manual-cuidados-intensivos-pediatricos-2a-edicion","status":"publish","type":"product","link":"https:\/\/test.norma-capitel.com\/?product=manual-cuidados-intensivos-pediatricos-2a-edicion","title":{"rendered":"MANUAL CUIDADOS INTENSIVOS PEDI\u00c1TRICOS             2\u00aa Edici\u00f3n"},"content":{"rendered":"<p>P\u00e1ginas\u00a0\u00a0\u00a0\u00a0 638<br \/>\nTama\u00f1o\u00a0\u00a0\u00a0\u00a0 21,00 x 12,70 cm.<br \/>\nPeso\u00a0\u00a0\u00a0\u00a0\u00a0\u00a0\u00a0\u00a0\u00a0\u00a0 810 gr.<\/p>\n<p>Encuadernaci\u00f3n\u00a0 R\u00fastica<br \/>\nImpresi\u00f3n\u00a0\u00a0\u00a0\u00a0\u00a0\u00a0\u00a0\u00a0\u00a0\u00a0\u00a0\u00a0\u00a0 Bicolor<br \/>\n\u00cdNDICE DE CAP\u00cdTULOS\u00a0<\/p>\n<p>SECCI\u00d3N 1 \u00a0\u00a0 PATOLOG\u00cdAS. ENFOQUE INICIAL Y PRIMEROS CUIDADOS<br \/>\n\u00a0 1\u00a0 Hemodin\u00e1mica.<br \/>\n\u00a0 2\u00a0 Respiratorio.<br \/>\n\u00a0 3\u00a0 Sistema nervioso central.<br \/>\n\u00a0 4\u00a0 Ri\u00f1\u00f3n y medio interno.<br \/>\n\u00a0 5\u00a0 Gastrointestinal y hep\u00e1tico.<br \/>\n\u00a0 6\u00a0 Hemato-oncol\u00f3gico.<br \/>\n\u00a0 7\u00a0 Infecciones graves.<br \/>\n\u00a0 8\u00a0 Accidentes y traumas.<br \/>\n\u00a0 9\u00a0 Intoxicaciones.<br \/>\n10\u00a0 Trasplante.<br \/>\n11\u00a0 Transporte.<br \/>\n\u00a0<br \/>\nSECCI\u00d3N 2 \u00a0\u00a0 T\u00c9CNICAS<br \/>\n12\u00a0 T\u00e9cnicas respiratorias.<br \/>\n13 \u00a0 T\u00e9cnicas hemodin\u00e1micas.<br \/>\n14 \u00a0 T\u00e9cnicas neurol\u00f3gicas.<br \/>\n15 \u00a0 T\u00e9cnicas digestivas.<br \/>\n16 \u00a0 T\u00e9cnicas de nutrici\u00f3n.<br \/>\n17 \u00a0 T\u00e9cnicas de hematolog\u00eda.<br \/>\n18 \u00a0 T\u00e9cnicas nefro-urol\u00f3gicas y de depuraci\u00f3n.<br \/>\n19 \u00a0 T\u00e9cnicas de desintoxicaci\u00f3n.<br \/>\n20 \u00a0 T\u00e9cnicas de control bacteriol\u00f3gico.<br \/>\n\u00a0 SECCI\u00d3N 3 \u00a0\u00a0 DATOS DE INTER\u00c9S CL\u00cdNICO 21\u00a0 Datos asistenciales.<br \/>\n22\u00a0 Escalas cl\u00ednicas.<br \/>\n23\u00a0 Internet.<br \/>\n24\u00a0 Valores normales de laboratorio.<br \/>\n25\u00a0 Monitorizaci\u00f3n de f\u00e1rmacos.<br \/>\n\u00a0<br \/>\nSECCI\u00d3N 4 \u00a0\u00a0 F\u00c1RMACOS<br \/>\n26\u00a0 Medicamentos de uso en el paciente cr\u00edtico.<\/p>\n<p>SECCI\u00d3N 5 \u00a0\u00a0 GR\u00c1FICOS CL\u00cdNICOS<br \/>\n27\u00a0 Tablas<br \/>\nAbreviaturas<br \/>\n____________________________________________<\/p>\n<p>En esta 2\u00aa Ed.,\u00a0consecuencia del \u00e9xito obtenido por la anterior edici\u00f3n, aparece:<\/p>\n<p>Completamente revisada y actualizada.<br \/>\nIncorpora 30% de renovaciones y ajustes t\u00e9cnicos.<br \/>\nIncluye las t\u00e9cnicas m\u00e1s avanzadas.<br \/>\nAumento de tama\u00f1o.<\/p>\n<p>Complemento del libro\u00a0 \u00abTratado de Cuidados Intensivos Pedi\u00e1tricos\u00bb del mismo autor,\u00a0Dr. Ruza Tarrio, reconocido l\u00edder internacional en su especialidad y\u00a0actual jefe de la Unidad de Cuidados Intensivos y Urgencias Pedi\u00e1tricas del Hospital Infantil Universitario \u00abLa Paz\u00bb de Madrid.<br \/>\n\u00a0<br \/>\nEl enfoque del libro es facilitar\u00a0consultas puntuales inmediatas, dirigidas al r\u00e1pido tratamiento de ni\u00f1os graves\u00a0en situaciones \u00aba pie de cama\u00bb\u00a0en las Unidades de\u00a0Cuidados Intensivos Pedi\u00e1tricos y Urgencias.<\/p>\n<p>Est\u00e1 desarrollado\u00a0en\u00a05 secciones,\u00a0sobre 27 cap\u00edtulos en los que colaboran 124 especialistas en la materia.<br \/>\nLa 1\u00aa\u00a0 Secci\u00f3n, es un compendio de patolog\u00edas,\u00a0exponiendo los s\u00edndromes que con mayor\u00a0frecuencia conducen a situaciones de enfermedad cr\u00edtica,\u00a0c\u00f3mo realizar su enfoque inicial y primeros cuidados y\u00a0c\u00f3mo preparar y realizar el transporte del paciente grave.\u00a0<br \/>\nLa 2\u00aa Secci\u00f3n, est\u00e1\u00a0dedicada a t\u00e9cnicas y procedimientos diagn\u00f3sticos y terap\u00e9uticos,\u00a0detallando, agrupadas por sistemas, las t\u00e9cnicas a aplicar, desde las m\u00e1s elementales a las complejas, incluyendo monitorizaci\u00f3n del gasto card\u00edaco o la t\u00e9cnica de depuraci\u00f3n hep\u00e1tica.\u00a0<br \/>\nLas siguientes secciones corresponden a Escores de gravedad, con f\u00e1rmacos de utilizaci\u00f3n m\u00e1s frecuente, dosis y formas de administraci\u00f3n bien detalladas, monitorizaci\u00f3n de los niveles de f\u00e1rmacos y aplicaciones imprescindibles en situaciones de fracaso de uno o m\u00e1s \u00f3rganos, datos de laboratorio con los valores normales, tablas de consulta, preparaci\u00f3n de puestos de intensivos (muy \u00fatiles en la pr\u00e1ctica asistencial inmediata).\u00a0<br \/>\nEl apartado m\u00e1s desarrollado es el de t\u00e9cnicas y procedimientos diagn\u00f3sticos y terap\u00e9uticos que sirven de recordatorio protocolario para mayor seguridad en su realizaci\u00f3n.<br \/>\n____________________________________________<\/p>\n<p>\u00a0\u00a0\u00a0\u00a0\u00a0\u00a0\u00a0\u00a0\u00a0\u00a0\u00a0\u00a0\u00a0\u00a0\u00a0\u00a0\u00a0\u00a0\u00a0\u00a0\u00a0\u00a0\u00a0\u00a0\u00a0\u00a0<\/p>\n","protected":false},"excerpt":{"rendered":"<p>P\u00e1ginas\u00a0\u00a0\u00a0\u00a0 638 Tama\u00f1o\u00a0\u00a0\u00a0\u00a0 21,00 x 12,70 cm. Peso\u00a0\u00a0\u00a0\u00a0\u00a0\u00a0\u00a0\u00a0\u00a0\u00a0 810 gr. Encuadernaci\u00f3n\u00a0 R\u00fastica Impresi\u00f3n\u00a0\u00a0\u00a0\u00a0\u00a0\u00a0\u00a0\u00a0\u00a0\u00a0\u00a0\u00a0\u00a0 Bicolor \u00cdNDICE DE CAP\u00cdTULOS\u00a0 SECCI\u00d3N 1 \u00a0\u00a0<\/p>\n","protected":false},"featured_media":125,"comment_status":"open","ping_status":"closed","template":"","meta":[],"product_cat":[47,54],"product_tag":[],"class_list":{"0":"post-124","1":"product","2":"type-product","3":"status-publish","4":"has-post-thumbnail","6":"product_cat-pediatria","7":"product_cat-ruza-f-y-cols","9":"first","10":"instock","11":"shipping-taxable","12":"purchasable","13":"product-type-simple"},"_links":{"self":[{"href":"https:\/\/test.norma-capitel.com\/index.php?rest_route=\/wp\/v2\/product\/124","targetHints":{"allow":["GET"]}}],"collection":[{"href":"https:\/\/test.norma-capitel.com\/index.php?rest_route=\/wp\/v2\/product"}],"about":[{"href":"https:\/\/test.norma-capitel.com\/index.php?rest_route=\/wp\/v2\/types\/product"}],"replies":[{"embeddable":true,"href":"https:\/\/test.norma-capitel.com\/index.php?rest_route=%2Fwp%2Fv2%2Fcomments&post=124"}],"wp:featuredmedia":[{"embeddable":true,"href":"https:\/\/test.norma-capitel.com\/index.php?rest_route=\/wp\/v2\/media\/125"}],"wp:attachment":[{"href":"https:\/\/test.norma-capitel.com\/index.php?rest_route=%2Fwp%2Fv2%2Fmedia&parent=124"}],"wp:term":[{"taxonomy":"product_cat","embeddable":true,"href":"https:\/\/test.norma-capitel.com\/index.php?rest_route=%2Fwp%2Fv2%2Fproduct_cat&post=124"},{"taxonomy":"product_tag","embeddable":true,"href":"https:\/\/test.norma-capitel.com\/index.php?rest_route=%2Fwp%2Fv2%2Fproduct_tag&post=124"}],"curies":[{"name":"wp","href":"https:\/\/api.w.org\/{rel}","templated":true}]}}