{"id":122,"date":"2024-11-25T12:11:15","date_gmt":"2024-11-25T12:11:15","guid":{"rendered":"https:\/\/test.norma-capitel.com\/?post_type=product&#038;p=122"},"modified":"2024-11-25T12:11:16","modified_gmt":"2024-11-25T12:11:16","slug":"tratado-de-cuidados-intensivos-pediatricos-3a-ed-2-vol","status":"publish","type":"product","link":"https:\/\/test.norma-capitel.com\/?product=tratado-de-cuidados-intensivos-pediatricos-3a-ed-2-vol","title":{"rendered":"Tratado de Cuidados Intensivos Pedi\u00e1tricos. 3\u00aa Ed. (2 Vol.)"},"content":{"rendered":"<p>P\u00e1ginas\u00a0\u00a0\u00a0\u00a0 2360 (2 Vol.)<br \/>\nTama\u00f1o\u00a0\u00a0\u00a0\u00a0 27,70 x 20,00 cm.<br \/>\nPeso\u00a0\u00a0\u00a0\u00a0\u00a0\u00a0\u00a0\u00a0\u00a0\u00a0 3600 gr.<br \/>\n\u00a0<br \/>\nEncuadernaci\u00f3n\u00a0 Carton\u00e9 (Tapa dura)<br \/>\nImpresi\u00f3n\u00a0\u00a0\u00a0\u00a0\u00a0\u00a0\u00a0\u00a0\u00a0\u00a0\u00a0\u00a0\u00a0 Bicolor\u00cdNDICE DE CAP\u00cdTULOS<\/p>\n<p>VOLUMEN I<\/p>\n<p>Abreviaturas m\u00e1s corrientes<\/p>\n<p>SECCI\u00d3N 1 \u00a0\u00a0 ASPECTOS ORGANIZATIVOS EN LOS CUIDADOS INTENSIVOS PEDI\u00c1TRICOS<br \/>\n\u00a0 1\u00a0\u00a0 Aspectos generales.\u00a0 2\u00a0 Historia Cl\u00ednica. 3\u00a0 Informatizaci\u00f3n. 4\u00a0 Medicina basada en evidencia. 5\u00a0 Calidad asistencial y su valorizaci\u00f3n en CIP. 6\u00a0 \u00c9tica en asistencia intensiva pedi\u00e1trica.\u00a0 7\u00a0 Econom\u00eda.\u00a0 8\u00a0 Aspectos legales en CIP.\u00a0 9\u00a0 Problem\u00e1tica laboral, formativa e investigaci\u00f3n. 10\u00a0 Farmacolog\u00eda cl\u00ednica.\u00a0 11\u00a0 Manejo del dolor y la relajaci\u00f3n.\u00a0 12\u00a0 Anestesia inhalatoria en pediatr\u00eda. 13\u00a0 Aspectos psicol\u00f3gicos.\u00a0 14\u00a0 Transporte del ni\u00f1o cr\u00edtico.\u00a0 15\u00a0 Cuidados especiales en el reci\u00e9n nacido.<\/p>\n<p>SECCI\u00d3N 2 \u00a0\u00a0 PATOLOG\u00cdA HEMODIN\u00c1MICA<br \/>\n16\u00a0 Fisiolog\u00eda aplicada.\u00a0 17\u00a0 Monitorizaci\u00f3n hemodin\u00e1mica.\u00a0 18\u00a0 T\u00e9cnicas de imagen.\u00a0 19\u00a0 Terap\u00e9utica hemodin\u00e1mica.\u00a0 20\u00a0 Parada cardiorrespiratoria.\u00a0 21\u00a0 Situaciones de shock.\u00a0 22\u00a0 Asistencia intensiva al ni\u00f1o cardi\u00f3pata. 23\u00a0 Insuficiencia card\u00edaca.\u00a0 24\u00a0 Alteraciones del ritmo y de la conducci\u00f3n. 25\u00a0 Alteraciones de la tensi\u00f3n arterial. 26\u00a0 Patolog\u00eda por alteraci\u00f3n en la permeabilidad de las membranas.<\/p>\n<p>SECCI\u00d3N 3 \u00a0\u00a0 PATOLOG\u00cdA RESPIRATORIA<br \/>\n27\u00a0 Fisiolog\u00eda aplicada. 28\u00a0 Monitorizaci\u00f3n. 29\u00a0 T\u00e9cnicas de im\u00e1gen. 30\u00a0 Recursos terapeuticos. 31\u00a0 Patolog\u00eda respiratoria aguda. 32\u00a0 Patolog\u00eda obstructiva. 33\u00a0 Patolog\u00eda parenquimatosa. 34\u00a0 Patolog\u00eda pleural. 35\u00a0 Otros trastornos respiratorios. 36\u00a0 Patolog\u00eda neonatal.<\/p>\n<p>SECCI\u00d3N 4 \u00a0\u00a0 PATOLOG\u00cdA NEUROL\u00d3GICA<br \/>\n37\u00a0 Fisiolog\u00eda aplicada. 38\u00a0 Monitorizaci\u00f3n neurol\u00f3gica. 39\u00a0 T\u00e9cnicas de im\u00e1gen. 40\u00a0 Patolog\u00eda: Coma neurol\u00f3gico. 41\u00a0 Encefalopat\u00eda aguda. 42\u00a0 Estados convulsivos. 43\u00a0 Accidentes cerebrovasculares. 44\u00a0 Patolog\u00eda neuromuscular aguda.\u00a0<\/p>\n<p>SECCI\u00d3N 5 \u00a0\u00a0 PATOLOG\u00cdA RENAL Y DEL MEDIO INTERNO<br \/>\n45\u00a0 Fisiolog\u00eda. 46\u00a0 Monitorizaci\u00f3n renal. 47\u00a0 T\u00e9cnicas de im\u00e1gen. 48\u00a0 Recursos terapeuticos. 49\u00a0 Patolog\u00eda aguda del agua y los electrolitos. 50\u00a0 Insuficiencia renal aguda. 51\u00a0 Patolog\u00eda vascular. 52\u00a0 Insuficiencia renal cr\u00f3nica.\u00a0<\/p>\n<p>VOLUMEN II<\/p>\n<p>SECCI\u00d3N 6 \u00a0\u00a0 PATOLOG\u00cdA GASTROINTESTINAL Y HEP\u00c1TICA<br \/>\n53\u00a0 Fisiolog\u00eda aplicada al ni\u00f1o cr\u00edtico. 54\u00a0 Monitorizaci\u00f3n. 55\u00a0 T\u00e9cnicas de im\u00e1gen en patolog\u00eda digestiva. 56\u00a0 Fundamentos terap\u00e9uticos. 57\u00a0 Patolog\u00eda gastrointestinal aguda. 58\u00a0 Patolog\u00eda malformativa digestiva. 59\u00a0 Abdomen agudo. 60\u00a0 Fallo intestinal. 61 Complicaciones en la hepatopat\u00eda cr\u00f3nica. 62\u00a0 Insuficiencia hep\u00e1tica aguda. 63\u00a0 Pancreatitis.<\/p>\n<p>SECCI\u00d3N 7 \u00a0\u00a0 PROBLEMAS NUTRICIONALES<br \/>\n64\u00a0 Fisiolog\u00eda de la respuesta metab\u00f3lica. 65\u00a0 Requerimientos nutricionales en el ni\u00f1o grave. 66\u00a0 Monitorizaci\u00f3n. 67\u00a0 Terap\u00e9utica nutricional. 68\u00a0 Patolog\u00eda nutricional.\u00a0<\/p>\n<p>SECCI\u00d3N 8 \u00a0\u00a0 PROBLEMAS METAB\u00d3LICOS Y ENDOCRINOS<br \/>\n69\u00a0 Fisiolog\u00eda. 70\u00a0 Patolog\u00eda pancre\u00e1tica y del metabolismo hidrocarbonado. 71\u00a0 Patolog\u00eda del tiroides en el ni\u00f1o cr\u00edtico. 72\u00a0 Patologia hipofiso-suprarrenal.<br \/>\nSECCI\u00d3N 9 \u00a0\u00a0 PROBLEMAS HEMATO-ONCOL\u00d3GICOS<br \/>\n73\u00a0 Fisiolog\u00eda. 74\u00a0 Monitorizaci\u00f3n. 75\u00a0 Terap\u00e9utica hemodin\u00e1mica. 76\u00a0 Patolog\u00eda de la coagulaci\u00f3n. 77\u00a0 Patolog\u00eda de la serie roja. 78\u00a0 Oncolog\u00eda.\u00a0<br \/>\n SECCI\u00d3N 10 \u00a0\u00a0 PATOLOG\u00cdA INFECCIOSA<br \/>\n79\u00a0 Prevenci\u00f3n de la infecci\u00f3n en intensivos pediatricos. 80\u00a0 Monitorizaci\u00f3n de la infecci\u00f3n. 81\u00a0 Terapeutica antiinfecciosa. 82\u00a0 Sepsis. 83\u00a0 Infecciones del sistema nervioso. 84\u00a0 Patolog\u00eda infecciosa del coraz\u00f3n y del mediastino. 85\u00a0 Patolog\u00eda infecciosa del pulm\u00f3n. 86\u00a0 Abdomen. 87\u00a0 Infecciones tegumentarias graves. 88\u00a0 Infecciones sist\u00e9micas. 89\u00a0 Enfermedades tropicales. 90\u00a0 Infecciones en el inmunocomprometido.<br \/>\nSECCI\u00d3N 11 \u00a0\u00a0 INFLAMACI\u00d3N, ALERGIA Y OTRAS PATOLOG\u00cdAS<br \/>\n91\u00a0 Biolog\u00eda molecular y patolog\u00eda cr\u00edtica. 92\u00a0 Respuesta inflamatoria y fallo multiorg\u00e1nico. 93\u00a0 Inflamaci\u00f3n y shock. 94\u00a0 Patolog\u00eda cr\u00edtica del tejido conectivo. 95\u00a0 Emergencias al\u00e9rgicas. 96\u00a0 Episodios letales.<\/p>\n<p>SECCI\u00d3N 12 \u00a0\u00a0 TRAUMAS Y ACCIDENTES GRAVES<br \/>\n97 &#8211; Aspectos generales. 98 &#8211; Traumatismos creneoencef\u00e1licos. 99 &#8211; Traumatismo espinal.100 &#8211; Maxilofacial. 101 &#8211; T\u00f3rax. 102 &#8211; Traumatismo abdominal y urol\u00f3gico. 103 &#8211; Quemaduras. 104 &#8211; S\u00edndrome de casi ahogamiento. 105 &#8211; Sofocaci\u00f3n. 106 &#8211; Accidentes por causticaci\u00f3n. 107 &#8211; Accidentes acu\u00e1ticos. 108 &#8211; Accidentes t\u00e9rmicos. 109 &#8211; Maltrato grave al ni\u00f1o.<br \/>\nSECCI\u00d3N 13 \u00a0\u00a0 INTOXICACIONES Y ENVENENAMIENTOS<br \/>\n110\u00a0 Intoxicaciones. 111\u00a0 Envenenamientos.<br \/>\nSECCI\u00d3N 14 \u00a0\u00a0 PATOLOG\u00cdA INTENSIVA DE LOS TRASPLANTES<br \/>\n112\u00a0 Aspectos generales. 113\u00a0 Tratamiento inmunosupresor. 114\u00a0 Trasplante hep\u00e1tico en ni\u00f1os. 115\u00a0 Trasplante intestinal. 116\u00a0 Trasplante renal. 117\u00a0 Trasplante card\u00edaco infantil. 118\u00a0 Trasplante de pulm\u00f3n. 119\u00a0 Trasplante de m\u00e9dula.\u00a0<\/p>\n<p>\u00cdndice Alfab\u00e9tico<\/p>\n<p>Figuras a color<br \/>\n____________________________________________<br \/>\n\u00a0\u00a0<\/p>\n<p>En medicina, los cambios son constantes y en Cuidados Intensivos Pedi\u00e1tricos,\u00a0como medicina de vanguardia, llegan a\u00fan con m\u00e1s celeridad.<br \/>\nEsta obra es el libro de referencia internacional en las UCIPs hospitalarias pedi\u00e1tricas. El Dr.Ruza,\u00a0actual Jefe de Cuidados Intensivos y Urgencias Pedi\u00e1tricas en el Hospital La Paz de Madrid, es un\u00a0reconocido l\u00edder internacional en su especialidad, en cuyo servicio se han formado un gran n\u00famero de especialistas de\u00a0pa\u00edses latinos.<br \/>\nLa 3\u00aa Ed. de esta obra cl\u00e1sica, totalmente nueva y ampliada, se desarrolla sobre 2360 p\u00e1ginas, en 119 cap\u00edtulos y 320 subcap\u00edtulos en los que han colaborado un total de 264 profesionales, especialistas en la materia, de 10 paises de Europa y Am\u00e9rica, aportando innumerable iconograf\u00eda, tablas, cuadros y esquemas que enriquecen y facilitan la comprensi\u00f3n de esta amplia especialidad.<br \/>\n___________________________________________<\/p>\n","protected":false},"excerpt":{"rendered":"<p>P\u00e1ginas\u00a0\u00a0\u00a0\u00a0 2360 (2 Vol.) Tama\u00f1o\u00a0\u00a0\u00a0\u00a0 27,70 x 20,00 cm. Peso\u00a0\u00a0\u00a0\u00a0\u00a0\u00a0\u00a0\u00a0\u00a0\u00a0 3600 gr. \u00a0 Encuadernaci\u00f3n\u00a0 Carton\u00e9 (Tapa dura) Impresi\u00f3n\u00a0\u00a0\u00a0\u00a0\u00a0\u00a0\u00a0\u00a0\u00a0\u00a0\u00a0\u00a0\u00a0 Bicolor\u00cdNDICE DE<\/p>\n","protected":false},"featured_media":123,"comment_status":"open","ping_status":"closed","template":"","meta":[],"product_cat":[54],"product_tag":[],"class_list":{"0":"post-122","1":"product","2":"type-product","3":"status-publish","4":"has-post-thumbnail","6":"product_cat-ruza-f-y-cols","8":"first","9":"instock","10":"shipping-taxable","11":"purchasable","12":"product-type-simple"},"_links":{"self":[{"href":"https:\/\/test.norma-capitel.com\/index.php?rest_route=\/wp\/v2\/product\/122","targetHints":{"allow":["GET"]}}],"collection":[{"href":"https:\/\/test.norma-capitel.com\/index.php?rest_route=\/wp\/v2\/product"}],"about":[{"href":"https:\/\/test.norma-capitel.com\/index.php?rest_route=\/wp\/v2\/types\/product"}],"replies":[{"embeddable":true,"href":"https:\/\/test.norma-capitel.com\/index.php?rest_route=%2Fwp%2Fv2%2Fcomments&post=122"}],"wp:featuredmedia":[{"embeddable":true,"href":"https:\/\/test.norma-capitel.com\/index.php?rest_route=\/wp\/v2\/media\/123"}],"wp:attachment":[{"href":"https:\/\/test.norma-capitel.com\/index.php?rest_route=%2Fwp%2Fv2%2Fmedia&parent=122"}],"wp:term":[{"taxonomy":"product_cat","embeddable":true,"href":"https:\/\/test.norma-capitel.com\/index.php?rest_route=%2Fwp%2Fv2%2Fproduct_cat&post=122"},{"taxonomy":"product_tag","embeddable":true,"href":"https:\/\/test.norma-capitel.com\/index.php?rest_route=%2Fwp%2Fv2%2Fproduct_tag&post=122"}],"curies":[{"name":"wp","href":"https:\/\/api.w.org\/{rel}","templated":true}]}}