{"id":120,"date":"2024-11-25T12:11:14","date_gmt":"2024-11-25T12:11:14","guid":{"rendered":"https:\/\/test.norma-capitel.com\/?post_type=product&#038;p=120"},"modified":"2024-11-25T12:11:14","modified_gmt":"2024-11-25T12:11:14","slug":"ninos-de-riesgo-programas-de-atencion-temprana","status":"publish","type":"product","link":"https:\/\/test.norma-capitel.com\/?product=ninos-de-riesgo-programas-de-atencion-temprana","title":{"rendered":"Ni\u00f1os de Riesgo. Programas de Atenci\u00f3n Temprana"},"content":{"rendered":"<p>P\u00e1ginas\u00a0\u00a0\u00a0\u00a0 486<br \/>\nTama\u00f1o\u00a0\u00a0\u00a0\u00a0 27,70 x 19,30 cm.<br \/>\nPeso\u00a0\u00a0\u00a0\u00a0\u00a0\u00a0\u00a0\u00a0\u00a0\u00a0 1340 gr.<br \/>\n Encuadernaci\u00f3n\u00a0 Carton\u00e9 (Tapa dura)<br \/>\nImpresi\u00f3n\u00a0\u00a0\u00a0\u00a0\u00a0\u00a0\u00a0\u00a0\u00a0\u00a0\u00a0\u00a0\u00a0 Bicolor<br \/>\n\u00cdNDICE DE CAP\u00cdTULOS\u00a0<\/p>\n<p>\u00a0 1\u00a0 La atenci\u00f3n temprana.<br \/>\n\u00a0 2\u00a0 Concepto de salud organizaci\u00f3n y niveles de intervenci\u00f3n.<br \/>\n\u00a0 3\u00a0 Equipo de responsabilidad neonatal.<br \/>\n\u00a0 4\u00a0 Planificaci\u00f3n del alta hospitalaria.<br \/>\n\u00a0 5\u00a0 Programa de atenci\u00f3n temprana.<br \/>\n\u00a0 6\u00a0 Constituci\u00f3n y funciones de los equipos de atenci\u00f3n temprana.<br \/>\n\u00a0 7\u00a0 Equipos de atenci\u00f3n primaria y ni\u00f1os con\u00a0 necesidades especiales.<br \/>\n\u00a0 8\u00a0 Consejo gen\u00e9tico.<br \/>\n\u00a0 9\u00a0 Definiciones, registros y estad\u00edsticas perinatales.<br \/>\n10\u00a0 Alto riesgo obstetrico.<br \/>\n11\u00a0 Enfermedad hep\u00e1tica y embarazo.<br \/>\n12\u00a0 Recomendaciones para la asistencia del RN en Paritorio.<br \/>\n13\u00a0 Analgesia y sedaci\u00f3n en cuidados intensivos neonatales.<br \/>\n14\u00a0 Promoci\u00f3n y apoyo de la lactancia materna.<br \/>\n15\u00a0\u00a0 V\u00ednculo afectivo padres-hijo. Cuidados canguro.<br \/>\n16\u00a0 Atenci\u00f3n a los padres de RN de alto riesgo.<br \/>\n17\u00a0 Riesgo social.<br \/>\n18\u00a0\u00a0 Infecci\u00f3n por VIH en el reci\u00e9n nacido.<br \/>\n19\u00a0 Prematuridad.<br \/>\n20\u00a0 Displasia bronco pulmonar.<br \/>\n21\u00a0 Asistencia domiciliaria a ni\u00f1os dependientes de ventilaci\u00f3n mec\u00e1nica.<br \/>\n22 Retraso de crecimiento intrauterino.<br \/>\n23\u00a0 Anomal\u00edas complejas del desarrollo y cromosomopat\u00edas.<br \/>\n24\u00a0 S\u00edndrome de Down.<br \/>\n25\u00a0 Asfisia perinatal.<br \/>\n26\u00a0 Estudio radiol\u00f3gico de la encefalopat\u00eda hip\u00f3xico isqu\u00e9mica perinatal.<br \/>\n27\u00a0 Hemorragia cerebral en RN prematuro.<br \/>\n28\u00a0 Patolog\u00eda y prevenci\u00f3n oral en el ni\u00f1o de riesgo.<br \/>\n29\u00a0 Maduraci\u00f3n neurol\u00f3gica de la primera infancia.<br \/>\n30\u00a0 Prevenci\u00f3n prim\u00e1ria de deficiencias f\u00edsicas.<br \/>\n31\u00a0 Exploraci\u00f3n neurol\u00f3gica.<br \/>\n32\u00a0 Alteraciones transitorias.<br \/>\n33\u00a0 Par\u00e1lisis cerebral infantil.<br \/>\n34\u00a0 Retinopat\u00eda de la prematuridad.<br \/>\n35\u00a0 Introducci\u00f3n a la fisiopatolog\u00eda de la ambliop\u00eda.<br \/>\n36\u00a0 Intervenci\u00f3n en ceguera y deficiencia visual.<br \/>\n37 Desarrollo evolutivo y educaci\u00f3n del ni\u00f1o ciego.<br \/>\n38\u00a0 Hipoacusia infantil y desarrollo del lenguaje.<br \/>\n39\u00a0 Hipoacusia infantil: exploraci\u00f3n funcional de la audici\u00f3n.<br \/>\n40\u00a0 Hipoacusia infantil. Tratamiento.<br \/>\n41\u00a0 Intervenci\u00f3n psicol\u00f3gica en atenci\u00f3n temprana.<br \/>\n42\u00a0 Diagn\u00f3stico psicol\u00f3gico en atenci\u00f3n temprana.<br \/>\n43\u00a0 Intervenci\u00f3n y tratamiento psicol\u00f3gico en atenci\u00f3n temprana.<br \/>\n44\u00a0 Integraci\u00f3n escolar en la primera infancia.<br \/>\n45\u00a0 Estudios de seguimiento.<br \/>\n46\u00a0 Medici\u00f3n de la eficiencia en salud.<br \/>\n47\u00a0 Consideraciones \u00e9ticas en neonatolog\u00eda.<br \/>\n\u00cdndice alfab\u00e9tico<br \/>\n____________________________________________<br \/>\nLos reci\u00e9n nacidos prematuros, suelen tener dificultades bi\u00e9n en el tiempo de gestaci\u00f3n, parto o periodo neonatal, con riesgo de padecer alg\u00fan tipo de lesi\u00f3n o secuela neurol\u00f3gica, sobreviviendo en algunos casos gracias a la tecnolog\u00eda de las Unidades de Cuidados Intensivos Pedi\u00e1tricos y precisando posteriormente de la ayuda de un programa multidisciplinario que cubra todas sus necesidades y las de los padres, para que puedan actuar oportunamente en cada ocasi\u00f3n de riesgo.<br \/>\nLas autoras, profesionales expertas en este \u00e1rea, han conseguido recopilar en el libro, un programa multidisciplin\u00e1rio con las pautas a seguir desde que el ni\u00f1o a\u00fan no ha nacido hasta su etapa adulta, abarcando \u00e1reas tan dispares como Neonatolog\u00eda, Pediatr\u00eda, Neurolog\u00eda, Oftalmolog\u00eda, Otorrinolaringolog\u00eda, etc., seguido por un equipo de profesionales multidisciplinar, abarcando adem\u00e1s de estos campos, la ayuda a los padres, Enfermer\u00eda, Fisioter\u00e1pia, Psicolog\u00eda, Trabajos sociales y\u00a0Maestros, en definitiva, un trabajo en equipo para lograr la integraci\u00f3n social de estos ni\u00f1os con los menores problemas posibles.<br \/>\n____________________________________________<br \/>\n\u00a0<\/p>\n<p>\u00a0\u00a0<\/p>\n","protected":false},"excerpt":{"rendered":"<p>P\u00e1ginas\u00a0\u00a0\u00a0\u00a0 486 Tama\u00f1o\u00a0\u00a0\u00a0\u00a0 27,70 x 19,30 cm. Peso\u00a0\u00a0\u00a0\u00a0\u00a0\u00a0\u00a0\u00a0\u00a0\u00a0 1340 gr. Encuadernaci\u00f3n\u00a0 Carton\u00e9 (Tapa dura) Impresi\u00f3n\u00a0\u00a0\u00a0\u00a0\u00a0\u00a0\u00a0\u00a0\u00a0\u00a0\u00a0\u00a0\u00a0 Bicolor \u00cdNDICE DE CAP\u00cdTULOS\u00a0 \u00a0<\/p>\n","protected":false},"featured_media":121,"comment_status":"open","ping_status":"closed","template":"","meta":[],"product_cat":[53],"product_tag":[],"class_list":{"0":"post-120","1":"product","2":"type-product","3":"status-publish","4":"has-post-thumbnail","6":"product_cat-ruiz-extremera-a-robles-c","8":"first","9":"instock","10":"shipping-taxable","11":"purchasable","12":"product-type-simple"},"_links":{"self":[{"href":"https:\/\/test.norma-capitel.com\/index.php?rest_route=\/wp\/v2\/product\/120","targetHints":{"allow":["GET"]}}],"collection":[{"href":"https:\/\/test.norma-capitel.com\/index.php?rest_route=\/wp\/v2\/product"}],"about":[{"href":"https:\/\/test.norma-capitel.com\/index.php?rest_route=\/wp\/v2\/types\/product"}],"replies":[{"embeddable":true,"href":"https:\/\/test.norma-capitel.com\/index.php?rest_route=%2Fwp%2Fv2%2Fcomments&post=120"}],"wp:featuredmedia":[{"embeddable":true,"href":"https:\/\/test.norma-capitel.com\/index.php?rest_route=\/wp\/v2\/media\/121"}],"wp:attachment":[{"href":"https:\/\/test.norma-capitel.com\/index.php?rest_route=%2Fwp%2Fv2%2Fmedia&parent=120"}],"wp:term":[{"taxonomy":"product_cat","embeddable":true,"href":"https:\/\/test.norma-capitel.com\/index.php?rest_route=%2Fwp%2Fv2%2Fproduct_cat&post=120"},{"taxonomy":"product_tag","embeddable":true,"href":"https:\/\/test.norma-capitel.com\/index.php?rest_route=%2Fwp%2Fv2%2Fproduct_tag&post=120"}],"curies":[{"name":"wp","href":"https:\/\/api.w.org\/{rel}","templated":true}]}}