{"id":118,"date":"2024-11-25T12:11:13","date_gmt":"2024-11-25T12:11:13","guid":{"rendered":"https:\/\/test.norma-capitel.com\/?post_type=product&#038;p=118"},"modified":"2024-11-25T12:11:13","modified_gmt":"2024-11-25T12:11:13","slug":"pedriatic-cardiology","status":"publish","type":"product","link":"https:\/\/test.norma-capitel.com\/?product=pedriatic-cardiology","title":{"rendered":"Pedriatic Cardiology"},"content":{"rendered":"<p>P\u00e1ginas\u00a0\u00a0\u00a0\u00a0 400<br \/>\nTama\u00f1o\u00a0\u00a0\u00a0\u00a0 24,00 x 16,20 cm.<br \/>\nPeso\u00a0\u00a0\u00a0\u00a0\u00a0\u00a0\u00a0\u00a0\u00a0\u00a0 730 gr.<br \/>\nEncuadrenaci\u00f3n\u00a0 Carton\u00e9 (Tapa dura)<br \/>\nImpresi\u00f3n\u00a0\u00a0\u00a0\u00a0\u00a0\u00a0\u00a0\u00a0\u00a0\u00a0 \u00a0\u00a0 b\/n\u00a0\u00cdNDICE DE CAP\u00cdTULOS<\/p>\n<p>\u00a0 SESSION I\u00a0 EMBRYOLOGY<br \/>\n1\u00a0 Introduction to the embryology of the heart and septa: \u00abThe horseshoe\u00bb.\u00a0 2\u00a0 Atrial septation.\u00a0 3\u00a0 Morphogenetic movement and ventricular partitioning.\u00a0 4\u00a0 Embryological development of the endocardial atriioventricular cushions in the chick embryo.\u00a0 5\u00a0 Fusion mechanisms of endocardial atrioventricular chushions.\u00a0 6\u00a0 Development of the conduction system during septation of the heart. Animal embryo studies.\u00a0 7\u00a0 Human enbryo studies on the conduction system, with special reference to its position in atrioventricular septal defects.\u00a0 8\u00a0 Contribution of the truncal and conal ridges to the formation of the definitive ventricular septum of the chick embryo.<br \/>\nSESSION II\u00a0 PATHOLOGY<br \/>\n9\u00a0 The anatomy of the septal structures of the normal heart. 10\u00a0 The anatomy of atrioventricular septal defects. 11\u00a0 The atrioventricular conduction system in atrioventricular septal defects. 12\u00a0 Atroiventricular septal defects. Associated Malformations. 13\u00a0 Aggravating factors in the development of pulmonary vascular sisease: The different patterns of structural change in different types of congenital heart disease. 14 Atrioventricular septal defects associated with anomalies of the aortico-pulmonary septation. 15\u00a0 Pathological findings of surgical interest in the association of atrioventricular septal defects and tetralogy of Fallot. 16\u00a0 Conclusions.<br \/>\nSESSION III\u00a0 ATRIOVENTRICULAR SEPTAL DEFECTS: CLINICAL MANIFESTATIONS. DIAGNOSTIC PROCEDURES<br \/>\n17\u00a0 Atrioventricular septal defects. natural history and clinical picture. 18\u00a0 Cross-sectional echocardiographic appearances of atrioventricular septal defects. 19\u00a0 Hemodinamyc and angiographic evaluation. 20\u00a0 Angiographic anatomy of atrioventricular septal defect associated with tetralogy of Fallot. 21\u00a0 Natural history of\u00a0 atrioventricular septal defects. 22\u00a0 Ventricular function in atrioventricular septal defects with Down\u00b4s\u00a0 syndrome. 23\u00a0 Atrioventricular septal defects. An echocardiographic study of associated malformations. 24\u00a0 Associated anomalies in the atrioventricular septal defect demonstrated by angiocardiography.<br \/>\nSESSION IV\u00a0 ATRIOVENTRICULAR SEPTAL DEFECTS: SURGERY<br \/>\n25\u00a0 Atrioventricular septal defect with common valve orifice but without atrial component. 26\u00a0 Pulmonary artery banding in septal defects. 27\u00a0 Complete atrioventricular septal defects: Surgical management in infancy. 28\u00a0 Special problems in relation to atrioventricular valves in atrioventricular septal defects. 29\u00a0 Atrioventricular septal defects associated with tetralogy of Fallot. 30\u00a0 Atrioventricular septal defects. Risk factors in surgical treatment. 31\u00a0 Valve prosthesis in atrioventricular septal defects. 32\u00a0 Repair of complete atrioventricular septal defects in infancy. 33\u00a0 Surgical repair of atrioventricular septal defects with common atrioventricular orifice.<br \/>\nSESSION V\u00a0 ATRIOVENTRICULAR SEPTAL DEFECTS: INTENSIVE CARE<br \/>\n34\u00a0 Atrioventricular septal defects. Postoperative management. Routine measures. Low Cardiac output. 35\u00a0 Patients at risk of having post-operative pulmonary hypertension: an approach to management.\u00a0 36\u00a0 Complete atrioventricular septal defect. Medical y Surgical treatment. 37\u00a0 Long term results after repair of atrioventricular septal defect. 38\u00a0 Respiratory monitoring and treatment during the inmediate postoperative period of atrioventricular septal defects.<br \/>\nSPECIAL CONTRIBUTION<br \/>\n39\u00a0 Regulation and structure of the ?-and ?-cardiac myosin heavy chain genes.<br \/>\n____________________________________________<br \/>\nLa obra es un conjunto de los trabajos, ponencias y conclusiones del Congreso Internacional sobre Cardiolog\u00eda Pedi\u00e1trica, celebrado en Madrid, con la asistencia de los l\u00edderes internacionales en la especialidad.<br \/>\nHa sido publicado en ingl\u00e9s para respetar la expresi\u00f3n de los 100 autores que participan en la misma.<br \/>\n____________________________________________<\/p>\n","protected":false},"excerpt":{"rendered":"<p>P\u00e1ginas\u00a0\u00a0\u00a0\u00a0 400 Tama\u00f1o\u00a0\u00a0\u00a0\u00a0 24,00 x 16,20 cm. Peso\u00a0\u00a0\u00a0\u00a0\u00a0\u00a0\u00a0\u00a0\u00a0\u00a0 730 gr. Encuadrenaci\u00f3n\u00a0 Carton\u00e9 (Tapa dura) Impresi\u00f3n\u00a0\u00a0\u00a0\u00a0\u00a0\u00a0\u00a0\u00a0\u00a0\u00a0 \u00a0\u00a0 b\/n\u00a0\u00cdNDICE DE CAP\u00cdTULOS \u00a0<\/p>\n","protected":false},"featured_media":119,"comment_status":"open","ping_status":"closed","template":"","meta":[],"product_cat":[52],"product_tag":[],"class_list":{"0":"post-118","1":"product","2":"type-product","3":"status-publish","4":"has-post-thumbnail","6":"product_cat-quero-m-y-arteaga-m","8":"first","9":"instock","10":"shipping-taxable","11":"purchasable","12":"product-type-simple"},"_links":{"self":[{"href":"https:\/\/test.norma-capitel.com\/index.php?rest_route=\/wp\/v2\/product\/118","targetHints":{"allow":["GET"]}}],"collection":[{"href":"https:\/\/test.norma-capitel.com\/index.php?rest_route=\/wp\/v2\/product"}],"about":[{"href":"https:\/\/test.norma-capitel.com\/index.php?rest_route=\/wp\/v2\/types\/product"}],"replies":[{"embeddable":true,"href":"https:\/\/test.norma-capitel.com\/index.php?rest_route=%2Fwp%2Fv2%2Fcomments&post=118"}],"wp:featuredmedia":[{"embeddable":true,"href":"https:\/\/test.norma-capitel.com\/index.php?rest_route=\/wp\/v2\/media\/119"}],"wp:attachment":[{"href":"https:\/\/test.norma-capitel.com\/index.php?rest_route=%2Fwp%2Fv2%2Fmedia&parent=118"}],"wp:term":[{"taxonomy":"product_cat","embeddable":true,"href":"https:\/\/test.norma-capitel.com\/index.php?rest_route=%2Fwp%2Fv2%2Fproduct_cat&post=118"},{"taxonomy":"product_tag","embeddable":true,"href":"https:\/\/test.norma-capitel.com\/index.php?rest_route=%2Fwp%2Fv2%2Fproduct_tag&post=118"}],"curies":[{"name":"wp","href":"https:\/\/api.w.org\/{rel}","templated":true}]}}