{"id":116,"date":"2024-11-25T12:11:11","date_gmt":"2024-11-25T12:11:11","guid":{"rendered":"https:\/\/test.norma-capitel.com\/?post_type=product&#038;p=116"},"modified":"2024-11-25T12:11:12","modified_gmt":"2024-11-25T12:11:12","slug":"pediatria-naturista","status":"publish","type":"product","link":"https:\/\/test.norma-capitel.com\/?product=pediatria-naturista","title":{"rendered":"Pediatr\u00eda Naturista"},"content":{"rendered":"<p>P\u00e1ginas\u00a0\u00a0\u00a0\u00a0 240<br \/>\nTama\u00f1o\u00a0\u00a0\u00a0\u00a0 21,50 x 14,80 cm.<br \/>\nPeso\u00a0\u00a0\u00a0\u00a0\u00a0\u00a0\u00a0\u00a0\u00a0\u00a0 400 gr.<br \/>\nEncuadernaci\u00f3n\u00a0 R\u00fastica (Tapa blanda)<br \/>\nImpresi\u00f3n\u00a0\u00a0\u00a0\u00a0\u00a0\u00a0\u00a0\u00a0\u00a0\u00a0\u00a0\u00a0\u00a0 b\/n<\/p>\n<p>\u00a0\u00a0\u00cdNDICE DE CAP\u00cdTULOS\u00a0<\/p>\n<p>PARTE I\u00a0<br \/>\n\u00a0 1\u00a0\u00a0 Consideraciones previas.<br \/>\n\u00a0 2\u00a0\u00a0 El embarazo.<br \/>\n\u00a0 3\u00a0\u00a0 El parto.<br \/>\n\u00a0 4\u00a0\u00a0 El reci\u00e9n nacido.<br \/>\n\u00a0 5\u00a0\u00a0 Atenciones generales al ni\u00f1o.<br \/>\n\u00a0 6\u00a0\u00a0 El bebe.<br \/>\n\u00a0 7\u00a0\u00a0 Prevenciones.<br \/>\n\u00a0 8\u00a0\u00a0 La enfermedad.<br \/>\n\u00a0 9\u00a0\u00a0 La alimentaci\u00f3n.<br \/>\n10\u00a0 Gimnasia y juegos.<br \/>\n11\u00a0 La microvibraci\u00f3n.<br \/>\n12\u00a0 Milagros de la fitoterapia y la alimentaci\u00f3n natural.<br \/>\nPARTE II\u00a0<br \/>\n13\u00a0 La salud y la medicina natural.<br \/>\n14\u00a0 Conocimiento y aplicaci\u00f3n de las plantas. medicinales.<br \/>\n15\u00a0 La verdad sobre los medicamentos.<br \/>\n16\u00a0 Los peligros de la adelfa.<br \/>\n17\u00a0 La hidroterapia.<br \/>\n18\u00a0 El yoga.<br \/>\n19\u00a0 La salud.<br \/>\n20\u00a0 Trastornos y enfermedades.<br \/>\n21\u00a0 La alimentaci\u00f3n.<br \/>\n22\u00a0 El ayuno.<br \/>\n23\u00a0 La inteligencia.<br \/>\n____________________________________________<\/p>\n<p>Aunque la pediatr\u00eda naturista ha existido siempre en el seno de la cl\u00ednica, \u00e9sta es la primera vez que se presenta como materia en cierto modo pedag\u00f3gica, bi\u00e9n concebida y desarrollada por un cl\u00ednico educador de dilatada experiencia.<br \/>\nEl libro adem\u00e1s de ir dirigido a todo cl\u00ednico (naturista o no), est\u00e1 especialmente enfocado a la mujer, por lo que es, lo que representa y puede ser: futura madre.<br \/>\nEl autor expone, para su conocimiento y aplicaci\u00f3n, los m\u00e1s pr\u00e1cticos y humanos consejos, desde el primer mes de gestaci\u00f3n del hijo hasta la adolescencia, no persiguiendo otra idea que la de mentalizar y capacitar en lo posible todo el aspecto de la maternidad, adem\u00e1s de rendir tribujo a la mujer como \u00abfuente de vida\u00bb que es.<br \/>\n____________________________________________<\/p>\n","protected":false},"excerpt":{"rendered":"<p>P\u00e1ginas\u00a0\u00a0\u00a0\u00a0 240 Tama\u00f1o\u00a0\u00a0\u00a0\u00a0 21,50 x 14,80 cm. Peso\u00a0\u00a0\u00a0\u00a0\u00a0\u00a0\u00a0\u00a0\u00a0\u00a0 400 gr. Encuadernaci\u00f3n\u00a0 R\u00fastica (Tapa blanda) Impresi\u00f3n\u00a0\u00a0\u00a0\u00a0\u00a0\u00a0\u00a0\u00a0\u00a0\u00a0\u00a0\u00a0\u00a0 b\/n \u00a0\u00a0\u00cdNDICE DE CAP\u00cdTULOS\u00a0 PARTE<\/p>\n","protected":false},"featured_media":117,"comment_status":"open","ping_status":"closed","template":"","meta":[],"product_cat":[51],"product_tag":[],"class_list":{"0":"post-116","1":"product","2":"type-product","3":"status-publish","4":"has-post-thumbnail","6":"product_cat-medina-a","8":"first","9":"instock","10":"shipping-taxable","11":"purchasable","12":"product-type-simple"},"_links":{"self":[{"href":"https:\/\/test.norma-capitel.com\/index.php?rest_route=\/wp\/v2\/product\/116","targetHints":{"allow":["GET"]}}],"collection":[{"href":"https:\/\/test.norma-capitel.com\/index.php?rest_route=\/wp\/v2\/product"}],"about":[{"href":"https:\/\/test.norma-capitel.com\/index.php?rest_route=\/wp\/v2\/types\/product"}],"replies":[{"embeddable":true,"href":"https:\/\/test.norma-capitel.com\/index.php?rest_route=%2Fwp%2Fv2%2Fcomments&post=116"}],"wp:featuredmedia":[{"embeddable":true,"href":"https:\/\/test.norma-capitel.com\/index.php?rest_route=\/wp\/v2\/media\/117"}],"wp:attachment":[{"href":"https:\/\/test.norma-capitel.com\/index.php?rest_route=%2Fwp%2Fv2%2Fmedia&parent=116"}],"wp:term":[{"taxonomy":"product_cat","embeddable":true,"href":"https:\/\/test.norma-capitel.com\/index.php?rest_route=%2Fwp%2Fv2%2Fproduct_cat&post=116"},{"taxonomy":"product_tag","embeddable":true,"href":"https:\/\/test.norma-capitel.com\/index.php?rest_route=%2Fwp%2Fv2%2Fproduct_tag&post=116"}],"curies":[{"name":"wp","href":"https:\/\/api.w.org\/{rel}","templated":true}]}}