{"id":114,"date":"2024-11-25T12:11:10","date_gmt":"2024-11-25T12:11:10","guid":{"rendered":"https:\/\/test.norma-capitel.com\/?post_type=product&#038;p=114"},"modified":"2024-11-25T12:11:10","modified_gmt":"2024-11-25T12:11:10","slug":"sindromes-pediatricos-dismorfogenicos","status":"publish","type":"product","link":"https:\/\/test.norma-capitel.com\/?product=sindromes-pediatricos-dismorfogenicos","title":{"rendered":"S\u00edndromes Pedi\u00e1tricos Dismorfog\u00e9nicos"},"content":{"rendered":"<p>P\u00e1ginas\u00a0\u00a0\u00a0\u00a0 520<br \/>\nTama\u00f1o\u00a0\u00a0\u00a0\u00a0 25,70 x 18,40 cm.<br \/>\nPeso\u00a0\u00a0\u00a0\u00a0\u00a0\u00a0\u00a0\u00a0\u00a0\u00a0 1150 gr.<\/p>\n<p>Encuadernaci\u00f3n\u00a0 Carton\u00e9 (Tapa dura)<br \/>\nImpresi\u00f3n\u00a0\u00a0\u00a0\u00a0\u00a0\u00a0\u00a0\u00a0\u00a0\u00a0\u00a0\u00a0\u00a0 b\/n<br \/>\n\u00cdNDICE DE CAP\u00cdTULOS<\/p>\n<p>\u00a0 1\u00a0 S\u00edndromes neonatales.<br \/>\n\u00a0 2\u00a0 S\u00edndromes de maldesarrollo.<br \/>\n\u00a0 3\u00a0 S\u00edndromes inmunol\u00f3gicos.<br \/>\n\u00a0 4\u00a0 S\u00edndromes cut\u00e1neos.<br \/>\n\u00a0 5\u00a0 S\u00edndromes endocrinol\u00f3gicos.<br \/>\n\u00a0 6\u00a0 S\u00edndromes esquel\u00e9ticos.<br \/>\n\u00a0 7\u00a0 S\u00edndromes musculares.<br \/>\n\u00a0 8\u00a0 S\u00edndromes metab\u00f3licos.<br \/>\n\u00a0 9\u00a0 S\u00edndromes faciales.<br \/>\n10 S\u00edndromes cardiacos y pulmonares.<br \/>\n11 S\u00edndromes digestivos.<br \/>\n12 S\u00edndromes renales.<br \/>\n13 S\u00edndromes hematol\u00f3gicos.<br \/>\n14 S\u00edndromes oculares.<br \/>\n15 S\u00edndromes neurol\u00f3gicos.<br \/>\n16 S\u00edndromes cromos\u00f3micos.<br \/>\n17 Anomaladas.<br \/>\n18 S\u00edndromes ambientales.<br \/>\nAp\u00e9ndices<br \/>\n\u00cdndice alfab\u00e9tico de s\u00edndromes y sinonimias<br \/>\n\u00cdndice diagn\u00f3stico<br \/>\n___________________________________________<\/p>\n<p>El presente libro tiene un car\u00e1cter eminentemente cl\u00ednico al aportar la experiencia del Dr. Jaso y del Hospital Infantil La Paz, de Madrid, en el tratamiento en forma sistem\u00e1tica de un total de 500 s\u00edndromes dismorfog\u00e9nicos que afectan al ni\u00f1o entre el nacimiento y los 18 a\u00f1os.<br \/>\nEfectua una clasificaci\u00f3n compuesta por 18 bloques, con los s\u00edndromes m\u00e1s notables, contemplando en cada uno de ellos nombre, definici\u00f3n, sinonimias, historia, cl\u00ednica, etiopatogenia, diagn\u00f3stico, pron\u00f3stico y tratamiento.<br \/>\n____________________________________________<\/p>\n","protected":false},"excerpt":{"rendered":"<p>P\u00e1ginas\u00a0\u00a0\u00a0\u00a0 520 Tama\u00f1o\u00a0\u00a0\u00a0\u00a0 25,70 x 18,40 cm. Peso\u00a0\u00a0\u00a0\u00a0\u00a0\u00a0\u00a0\u00a0\u00a0\u00a0 1150 gr. Encuadernaci\u00f3n\u00a0 Carton\u00e9 (Tapa dura) Impresi\u00f3n\u00a0\u00a0\u00a0\u00a0\u00a0\u00a0\u00a0\u00a0\u00a0\u00a0\u00a0\u00a0\u00a0 b\/n \u00cdNDICE DE CAP\u00cdTULOS \u00a0<\/p>\n","protected":false},"featured_media":115,"comment_status":"open","ping_status":"closed","template":"","meta":[],"product_cat":[50],"product_tag":[],"class_list":{"0":"post-114","1":"product","2":"type-product","3":"status-publish","4":"has-post-thumbnail","6":"product_cat-jaso-roldan-e","8":"first","9":"instock","10":"shipping-taxable","11":"purchasable","12":"product-type-simple"},"_links":{"self":[{"href":"https:\/\/test.norma-capitel.com\/index.php?rest_route=\/wp\/v2\/product\/114","targetHints":{"allow":["GET"]}}],"collection":[{"href":"https:\/\/test.norma-capitel.com\/index.php?rest_route=\/wp\/v2\/product"}],"about":[{"href":"https:\/\/test.norma-capitel.com\/index.php?rest_route=\/wp\/v2\/types\/product"}],"replies":[{"embeddable":true,"href":"https:\/\/test.norma-capitel.com\/index.php?rest_route=%2Fwp%2Fv2%2Fcomments&post=114"}],"wp:featuredmedia":[{"embeddable":true,"href":"https:\/\/test.norma-capitel.com\/index.php?rest_route=\/wp\/v2\/media\/115"}],"wp:attachment":[{"href":"https:\/\/test.norma-capitel.com\/index.php?rest_route=%2Fwp%2Fv2%2Fmedia&parent=114"}],"wp:term":[{"taxonomy":"product_cat","embeddable":true,"href":"https:\/\/test.norma-capitel.com\/index.php?rest_route=%2Fwp%2Fv2%2Fproduct_cat&post=114"},{"taxonomy":"product_tag","embeddable":true,"href":"https:\/\/test.norma-capitel.com\/index.php?rest_route=%2Fwp%2Fv2%2Fproduct_tag&post=114"}],"curies":[{"name":"wp","href":"https:\/\/api.w.org\/{rel}","templated":true}]}}