{"id":108,"date":"2024-11-25T12:11:05","date_gmt":"2024-11-25T12:11:05","guid":{"rendered":"https:\/\/test.norma-capitel.com\/?post_type=product&#038;p=108"},"modified":"2024-11-25T12:11:06","modified_gmt":"2024-11-25T12:11:06","slug":"tratado-de-nefrologia","status":"publish","type":"product","link":"https:\/\/test.norma-capitel.com\/?product=tratado-de-nefrologia","title":{"rendered":"Tratado de Nefrolog\u00eda"},"content":{"rendered":"<p>P\u00e1ginas\u00a0\u00a0\u00a0\u00a0 1282<br \/>\nTama\u00f1o\u00a0\u00a0\u00a0\u00a0 28,00 x 21,00 cm.<br \/>\nPeso\u00a0\u00a0\u00a0\u00a0\u00a0\u00a0\u00a0\u00a0\u00a0\u00a0 3390 gr<br \/>\n\u00a0<br \/>\nEncuadernaci\u00f3n\u00a0 Carton\u00e9 (Tapa dura)<br \/>\nImpresi\u00f3n\u00a0\u00a0\u00a0\u00a0\u00a0\u00a0\u00a0\u00a0\u00a0\u00a0\u00a0\u00a0\u00a0 b\/n<br \/>\n\u00cdNDICE DE CAP\u00cdTULOS<\/p>\n<p>\u00a0 1\u00a0 Estructura renal.<br \/>\n\u00a0 2\u00a0 Mecanismo de transporte de substancias a trav\u00e9s de la membrana celular.<br \/>\n\u00a0 3\u00a0 Comunicaci\u00f3n intercelular y transducci\u00f3n.<br \/>\n\u00a0 4\u00a0 Circulaci\u00f3n y flujo sangu\u00edneo renal.<br \/>\n\u00a0 5\u00a0 Filtraci\u00f3n glomerular.<br \/>\n\u00a0 6\u00a0 Transporte renal de sodio y agua.<br \/>\n\u00a0 7\u00a0 Acidificaci\u00f3n urinaria.<br \/>\n\u00a0 8\u00a0 Transporte de potasio en las c\u00e9lulas epiteliales del ri\u00f1\u00f3n.<br \/>\n\u00a0 9\u00a0 Regulaci\u00f3n renal de la excreci\u00f3n de calcio.<br \/>\n10\u00a0 El ri\u00f1\u00f3n en la home\u00f3stasis de fosfato.<br \/>\n11\u00a0 Concentraci\u00f3n y diluci\u00f3n de la orina.<br \/>\n12\u00a0 Metabolismo renal.<br \/>\n13\u00a0 Sistema de renina-angiotensina; kininas y esteroides adrenales.<br \/>\n14\u00a0 Regulaci\u00f3n del volumen extracelular y fisiopatolog\u00eda de la formaci\u00f3n del edema.<br \/>\n15\u00a0 Acidosis metab\u00f3lica hiperclor\u00e9mica.<br \/>\n16\u00a0 Acidosis metab\u00f3lica de tipo ani\u00f3n innominado elevado.<br \/>\n17\u00a0 Acidosis tubular renal.<br \/>\n18\u00a0 Acidosis respiratoria y alcalosis respiratoria.<br \/>\n19\u00a0 Tratamiento de los s\u00edndromes hipoosmolares e hiperosmolares.<br \/>\n20\u00a0 Trastornos cl\u00ednicos del f\u00f3sforo, calcio y hormona paratifoidea.<br \/>\n21\u00a0 Alteraciones cl\u00ednicas del magnesio.<br \/>\n22\u00a0 Alteraciones cl\u00ednicas del \u00e1cido \u00farico y neuropat\u00eda gotosa.<br \/>\n23\u00a0 El complejo yuxtaglomerular: relaciones entre estructura y funci\u00f3n.<br \/>\n24\u00a0 Hipertensi\u00f3n arterial esencial.<br \/>\n25\u00a0 Hipertensi\u00f3n en el anciano.<br \/>\n26\u00a0 Hipertensi\u00f3n renovascular.<br \/>\n27\u00a0 Hipertensi\u00f3n maligna.<br \/>\n28\u00a0 Funci\u00f3n renal en el embarazo.<br \/>\n29\u00a0 Evaluaci\u00f3n cl\u00ednica de la funci\u00f3n renal.<br \/>\n30\u00a0 Insuficiencia renal aguda experimental.<br \/>\n31\u00a0 Fracaso renal agudo. Aspectos cl\u00ednicos.<br \/>\n32\u00a0 S\u00edndrome ur\u00e9mico hemol\u00edtico.<br \/>\n33\u00a0 Alteraciones hemodin\u00e1micas y de la funci\u00f3n renal en un modelo de cirrosis experimental en ratas.<br \/>\n34\u00a0 S\u00edndrome hepatorrenal, aspectos cl\u00ednicos.<br \/>\n35\u00a0 Alteraciones celulares en la uremia.<br \/>\n36\u00a0 Alteraciones endocrinol\u00f3gicas en la insuficiencia renal.<br \/>\n37\u00a0 Mecanismos no inmunol\u00f3gicos de progresi\u00f3n de da\u00f1o renal.<br \/>\n38\u00a0 El ri\u00f1\u00f3n en la diabetes mellitus.<br \/>\n39\u00a0 Fisiopatolog\u00eda del s\u00edndrome nefr\u00f3tico.<br \/>\n40\u00a0 S\u00edndrome nefr\u00edtico agudo. Glomerulonefritis postinfecciosa.<br \/>\n41\u00a0 Glomerulonefritis membranosa.<br \/>\n42\u00a0 Glomerulonefritis mensangiales.<br \/>\n43\u00a0 Glomerulonefritis membranoproliferativa.<br \/>\n44\u00a0 Nefropat\u00eda l\u00fapica.<br \/>\n45\u00a0 El ri\u00f1\u00f3n en las angeitis sist\u00e9micas.<br \/>\n46\u00a0 Nefropat\u00eda diab\u00e9tica.<br \/>\n47\u00a0 Enfermedades renales qu\u00edsticas.<br \/>\n48\u00a0 Tubulopat\u00edas.<br \/>\n49\u00a0 Nefropat\u00edas tubulointersticiales.<br \/>\n50\u00a0 Nefropat\u00eda tubulo intersticial cr\u00f3nica por analg\u00e9sicos y metab\u00f3lica.<br \/>\n51\u00a0 Nefropat\u00eda de reflujo.<br \/>\n52\u00a0 Nefropat\u00eda obstructiva.<br \/>\n53\u00a0 Litiasis renal.<br \/>\n54\u00a0 Nefropat\u00edas tropicales.<br \/>\n55\u00a0 Tumores de ri\u00f1\u00f3n.<br \/>\n56\u00a0 Uso de diur\u00e9ticos: efectos primarios y secundarios.<br \/>\n57\u00a0 Soporte nutricional en la insuficiencia renal cr\u00f3nica.<br \/>\n58\u00a0 Hemodi\u00e1lisis. Principios fisico-qu\u00edmicos y aspectos t\u00e9cnicos.<br \/>\n59\u00a0 Hemodi\u00e1lisis. Problemas cl\u00ednicos y di\u00e1lisis en casa.<br \/>\n60\u00a0 Cambios hemodin\u00e1micos durante la hemodi\u00e1lisis.<br \/>\n61\u00a0 Di\u00e1lisis peritoneal aguda.<br \/>\n62\u00a0 Di\u00e1lisis peritoneal cont\u00ednua ambulatoria.<br \/>\n63\u00a0 Aspectos nutricionales de la di\u00e1lisis peritoneal ambulatoria cont\u00ednua.<br \/>\n64\u00a0 Infecciones en di\u00e1lisis peritoneal ambulatoria cont\u00ednua.<br \/>\n65\u00a0 Trasplante renal.<br \/>\n66\u00a0 Trasplante renal. Tratamiento inmunosupresor.<br \/>\n\u00cdndice alfab\u00e9tico<br \/>\n____________________________________________<\/p>\n","protected":false},"excerpt":{"rendered":"<p>P\u00e1ginas\u00a0\u00a0\u00a0\u00a0 1282 Tama\u00f1o\u00a0\u00a0\u00a0\u00a0 28,00 x 21,00 cm. Peso\u00a0\u00a0\u00a0\u00a0\u00a0\u00a0\u00a0\u00a0\u00a0\u00a0 3390 gr \u00a0 Encuadernaci\u00f3n\u00a0 Carton\u00e9 (Tapa dura) Impresi\u00f3n\u00a0\u00a0\u00a0\u00a0\u00a0\u00a0\u00a0\u00a0\u00a0\u00a0\u00a0\u00a0\u00a0 b\/n \u00cdNDICE DE CAP\u00cdTULOS<\/p>\n","protected":false},"featured_media":109,"comment_status":"open","ping_status":"closed","template":"","meta":[],"product_cat":[45],"product_tag":[],"class_list":{"0":"post-108","1":"product","2":"type-product","3":"status-publish","4":"has-post-thumbnail","6":"product_cat-rodicio-j-l-maldonado-m","8":"first","9":"instock","10":"shipping-taxable","11":"purchasable","12":"product-type-simple"},"_links":{"self":[{"href":"https:\/\/test.norma-capitel.com\/index.php?rest_route=\/wp\/v2\/product\/108","targetHints":{"allow":["GET"]}}],"collection":[{"href":"https:\/\/test.norma-capitel.com\/index.php?rest_route=\/wp\/v2\/product"}],"about":[{"href":"https:\/\/test.norma-capitel.com\/index.php?rest_route=\/wp\/v2\/types\/product"}],"replies":[{"embeddable":true,"href":"https:\/\/test.norma-capitel.com\/index.php?rest_route=%2Fwp%2Fv2%2Fcomments&post=108"}],"wp:featuredmedia":[{"embeddable":true,"href":"https:\/\/test.norma-capitel.com\/index.php?rest_route=\/wp\/v2\/media\/109"}],"wp:attachment":[{"href":"https:\/\/test.norma-capitel.com\/index.php?rest_route=%2Fwp%2Fv2%2Fmedia&parent=108"}],"wp:term":[{"taxonomy":"product_cat","embeddable":true,"href":"https:\/\/test.norma-capitel.com\/index.php?rest_route=%2Fwp%2Fv2%2Fproduct_cat&post=108"},{"taxonomy":"product_tag","embeddable":true,"href":"https:\/\/test.norma-capitel.com\/index.php?rest_route=%2Fwp%2Fv2%2Fproduct_tag&post=108"}],"curies":[{"name":"wp","href":"https:\/\/api.w.org\/{rel}","templated":true}]}}