{"id":106,"date":"2024-11-25T12:11:04","date_gmt":"2024-11-25T12:11:04","guid":{"rendered":"https:\/\/test.norma-capitel.com\/?post_type=product&#038;p=106"},"modified":"2024-11-25T12:11:04","modified_gmt":"2024-11-25T12:11:04","slug":"insuficiencia-renal-cronica-2a-ed-2-vol","status":"publish","type":"product","link":"https:\/\/test.norma-capitel.com\/?product=insuficiencia-renal-cronica-2a-ed-2-vol","title":{"rendered":"Insuficiencia Renal Cr\u00f3nica. 2\u00aa Ed. (2 Vol.)"},"content":{"rendered":"<p>P\u00e1ginas\u00a0\u00a0\u00a0\u00a0 2842 (2 Vol.)<br \/>\nTama\u00f1o\u00a0\u00a0\u00a0\u00a0 27,90 x 20,00 cm.<br \/>\nPeso\u00a0\u00a0\u00a0\u00a0\u00a0\u00a0\u00a0\u00a0\u00a0\u00a0 5300 gr.<\/p>\n<p>Encuadernaci\u00f3n\u00a0 Carton\u00e9 (Tapa dura)<br \/>\nInpresi\u00f3n\u00a0\u00a0\u00a0\u00a0\u00a0\u00a0\u00a0\u00a0\u00a0\u00a0\u00a0\u00a0\u00a0\u00a0\u00a0 b\/n\u00cdNDICE DE CAPITULOS\u00a0<\/p>\n<p>VOLUMEN I<\/p>\n<p>\u00a0 1\u00a0 Insuficiencia Renal cr\u00f3nica. Consideraciones generales y fisiopatolog\u00eda.\u00a0<br \/>\n\u00a0 2\u00a0 Causas de Insuficiencia Renal Cr\u00f3nica.\u00a0<br \/>\n\u00a0 3\u00a0 Anatom\u00eda patol\u00f3gica de la Insuficiencia Renal Cr\u00f3nica Terminal.\u00a0<br \/>\n\u00a0 4\u00a0 Metabolismo del agua en la Insuficiencia Renal Cr\u00f3nica.\u00a0<br \/>\n\u00a0 5\u00a0 Metabolismo del sodio y potasio en la Insuficiencia Renal Cr\u00f3nica.<br \/>\n\u00a0 6\u00a0 Metabolismo \u00e1cido-base en la Insuficiencia Renal Cr\u00f3nica.\u00a0<br \/>\n\u00a0 7\u00a0 Manifestaciones neurol\u00f3gicas de Insuficiencia Renal Cr\u00f3nica.\u00a0<br \/>\n\u00a0 8\u00a0 Complicaciones card\u00edacas en la Insuficiencia Renal Cr\u00f3nica y despu\u00e9s del trasplante renal.\u00a0<br \/>\n\u00a0 9\u00a0 Hipertensi\u00f3n en la Insuficiencia Renal Cr\u00f3nica y despu\u00e9s del trasplante renal.<br \/>\n10\u00a0 Metabolismo de la hormona paratiroidea en la Insuficiencia Renal.<br \/>\n11\u00a0 Patog\u00e9nesis de la Osteodistrofia Renal.<br \/>\n12\u00a0 Osteodistrofia Renal: cl\u00ednica, diagn\u00f3stico y tratamiento.<br \/>\n13\u00a0 Toxicidad del Aluminio.<br \/>\n14\u00a0 Biopsia \u00d3sea Metab\u00f3lica en el diagn\u00f3stico de las osteodistrofias renales.<br \/>\n15\u00a0 Alteraciones hematol\u00f3gicas en la Insuficiencia Renal Cr\u00f3nica.<br \/>\n16\u00a0 Tratamiento con eritropoyetina de la anemia en la Insuficiencia Renal Cr\u00f3nica.<br \/>\n17\u00a0 Depresi\u00f3n inmunitaria, infecciones y tumores malignos en la Insuficiencia Renal Cr\u00f3nica.<br \/>\n18\u00a0 Alteraciones digestivas en al Insuficiencia Renal Cr\u00f3nica.<br \/>\n19\u00a0 Problemas respiratorios de los pacientes en di\u00e1lisis.<br \/>\n20\u00a0 Disfunci\u00f3n tiroidea en la Insuficiencia Renal Cr\u00f3nica.<br \/>\n21\u00a0 Disfunci\u00f3n endocrina en la Insuficiencia Renal Cr\u00f3nica y alteraciones de los carbohidratos y l\u00edpidos.<br \/>\n22\u00a0 Hiperlipidemia y arterioesclerosis.<br \/>\n23\u00a0 Metabolismo prot\u00e9ico y nutrici\u00f3n.<br \/>\n24\u00a0 Alteraciones cut\u00e1neas en la Insuficiencia Renal Cr\u00f3nica.<br \/>\n25\u00a0 Papel de las citoquinas en nefrolog\u00eda, Insuficiencia Renal Cr\u00f3nica y di\u00e1lisis.<br \/>\n26\u00a0 Prevenci\u00f3n en la Insuficiencia Renal Cr\u00f3nica.<br \/>\n27\u00a0 Manejo predi\u00e1lisis del paciente con Insuficiencia Renal Cr\u00f3nica.<br \/>\n28\u00a0 Principios biof\u00edsicos de la di\u00e1lisis.<br \/>\n29\u00a0 Tratamiento de la Insuficiencia Renal Cr\u00f3nica con hemodi\u00e1lisis.<br \/>\n30\u00a0 Hemodiafiltraci\u00f3n y hemodi\u00e1lisis de alto flujo.<\/p>\n<p>VOLUMEN II<br \/>\n31\u00a0 Accesos vasculares para hemodi\u00e1lisis.<br \/>\n32\u00a0 Cin\u00e9tica de los intercambios peritoneales en CAPD.<br \/>\n33\u00a0 Di\u00e1lisis peritoneal en la Insuficiencia Renal Cr\u00f3nica.<br \/>\n34\u00a0 Biocompatibilidad de la di\u00e1lisis.<br \/>\n35\u00a0 Amiloidosis en pacientes sometidos a di\u00e1lisis.<br \/>\n36\u00a0 Di\u00e1lisis en ni\u00f1os. Aspectos cl\u00ednicos y terap\u00e9uticos.\u00a0\u00a0<br \/>\n37\u00a0 Di\u00e1lisis y la infecci\u00f3n por el virus de la inmunodeficiencia humana.<br \/>\n38\u00a0 Di\u00e1lisis en pacientes diab\u00e9ticos.<br \/>\n39\u00a0 Hemodi\u00e1lisis con sistemas de sorbentes.<br \/>\n40\u00a0 Plasmaf\u00e9resis: fundamentos, modalidades y aplicaci\u00f3n en las enfermedades renales.<br \/>\n41\u00a0 Fracaso Renal Agudo.<br \/>\n42\u00a0 Terap\u00e9uticas cont\u00ednuas de sustituci\u00f3n renal.<br \/>\n43\u00a0 Anestesia en la Insuficiencia Renal Cr\u00f3nica y el trasplante de ri\u00f1\u00f3n.<br \/>\n44\u00a0 Uso de f\u00e1rmacos en la Insuficiencia Renal.<br \/>\n45\u00a0 Mortalidad, morbilidad y factores de riesgo de los pacientes en di\u00e1lisis.<br \/>\n46\u00a0 Inmunolog\u00eda del trasplante renal.<br \/>\n47\u00a0 Donantes y receptores del trasplante renal. Indicaciones y preparaci\u00f3n para el trasplante.<br \/>\n48\u00a0 Evoluci\u00f3n de la donaci\u00f3n y la actividad trasplantadora en Espa\u00f1a.<br \/>\n49\u00a0 Preservaci\u00f3n del injerto renal.<br \/>\n50\u00a0 Cirug\u00eda y complicaciones quir\u00fargicas del trasplante renal.<br \/>\n51\u00a0 Tratamiento inmunosupresor en el trasplante renal.<br \/>\n52\u00a0 Evoluci\u00f3n cl\u00ednica despu\u00e9s del trasplante renal.<br \/>\n53\u00a0 El rechazo. Cl\u00ednica, diagn\u00f3stico, histolog\u00eda y tratamiento.<br \/>\n54\u00a0 Patolog\u00eda renal en el ri\u00f1\u00f3n trasplantado.<br \/>\n55\u00a0 Infecciones despu\u00e9s del trasplante renal.<br \/>\n56\u00a0 Complicaciones extrarrenales del trasplante renal.<br \/>\n57\u00a0 Resultados y factores pron\u00f3sticos en el trasplante renal.<br \/>\n58\u00a0 Trasplante renal pedi\u00e1trico.<br \/>\n59\u00a0 Di\u00e1lisis y trasplante renal en el anciano.<br \/>\n60\u00a0 Trasplante renal y pancre\u00e1tico en el paciente diab\u00e9tico.<br \/>\n61\u00a0\u00a0 Aspectos \u00e9ticos, sociales y econ\u00f3micos en la di\u00e1lisis y el trasplante renal.<br \/>\n62\u00a0 Embarazo en pacientes en di\u00e1lisis y con trasplante renal.<br \/>\nP\u00e1ginas a color<br \/>\n\u00cdndice alfab\u00e9tico<br \/>\n____________________________________________<\/p>\n<p>Se trata de la SEGUNDA EDICI\u00d3N de este libro, bien conocido en su primera por los especialistas en Nefrolog\u00eda de Espa\u00f1a y Latinoam\u00e9rica, que ha sido completamente actualizada y ampliada con nuevos cap\u00edtulos.<\/p>\n<p>Obra fundamental para el especialista en nefrolog\u00eda.<br \/>\nAbarca el estudio de la fisiopatolog\u00eda de la insuficiencia renal, sus causas, anatom\u00eda patol\u00f3gica, las alteraciones del equilibrio del agua,sodio, potasio y \u00e1cido base y la descripci\u00f3n de las alteraciones multisist\u00e9micas de la insuficiencia renal: sistema nervioso, cardiovascular, hipertensi\u00f3n, metabolismo de la PTH, osteodistrofia renal con su fisiopatolog\u00eda, diagn\u00f3stico y tratamiento, sistema hematopoy\u00e9tico, tratamiento con Eritropoyetina, sistema inmune, aparato digestivo, respiratorio, endocrino,metabolismo, tratamiento diet\u00e9tico, prevenci\u00f3n en la insuficiencia renal, etc.<br \/>\n___________________________________________<\/p>\n","protected":false},"excerpt":{"rendered":"<p>P\u00e1ginas\u00a0\u00a0\u00a0\u00a0 2842 (2 Vol.) Tama\u00f1o\u00a0\u00a0\u00a0\u00a0 27,90 x 20,00 cm. Peso\u00a0\u00a0\u00a0\u00a0\u00a0\u00a0\u00a0\u00a0\u00a0\u00a0 5300 gr. Encuadernaci\u00f3n\u00a0 Carton\u00e9 (Tapa dura) Inpresi\u00f3n\u00a0\u00a0\u00a0\u00a0\u00a0\u00a0\u00a0\u00a0\u00a0\u00a0\u00a0\u00a0\u00a0\u00a0\u00a0 b\/n\u00cdNDICE DE CAPITULOS\u00a0<\/p>\n","protected":false},"featured_media":107,"comment_status":"open","ping_status":"closed","template":"","meta":[],"product_cat":[44],"product_tag":[],"class_list":{"0":"post-106","1":"product","2":"type-product","3":"status-publish","4":"has-post-thumbnail","6":"product_cat-llach-f-valderrabano-f","8":"first","9":"instock","10":"shipping-taxable","11":"purchasable","12":"product-type-simple"},"_links":{"self":[{"href":"https:\/\/test.norma-capitel.com\/index.php?rest_route=\/wp\/v2\/product\/106","targetHints":{"allow":["GET"]}}],"collection":[{"href":"https:\/\/test.norma-capitel.com\/index.php?rest_route=\/wp\/v2\/product"}],"about":[{"href":"https:\/\/test.norma-capitel.com\/index.php?rest_route=\/wp\/v2\/types\/product"}],"replies":[{"embeddable":true,"href":"https:\/\/test.norma-capitel.com\/index.php?rest_route=%2Fwp%2Fv2%2Fcomments&post=106"}],"wp:featuredmedia":[{"embeddable":true,"href":"https:\/\/test.norma-capitel.com\/index.php?rest_route=\/wp\/v2\/media\/107"}],"wp:attachment":[{"href":"https:\/\/test.norma-capitel.com\/index.php?rest_route=%2Fwp%2Fv2%2Fmedia&parent=106"}],"wp:term":[{"taxonomy":"product_cat","embeddable":true,"href":"https:\/\/test.norma-capitel.com\/index.php?rest_route=%2Fwp%2Fv2%2Fproduct_cat&post=106"},{"taxonomy":"product_tag","embeddable":true,"href":"https:\/\/test.norma-capitel.com\/index.php?rest_route=%2Fwp%2Fv2%2Fproduct_tag&post=106"}],"curies":[{"name":"wp","href":"https:\/\/api.w.org\/{rel}","templated":true}]}}