{"id":104,"date":"2024-11-25T12:11:02","date_gmt":"2024-11-25T12:11:02","guid":{"rendered":"https:\/\/test.norma-capitel.com\/?post_type=product&#038;p=104"},"modified":"2024-11-25T12:11:03","modified_gmt":"2024-11-25T12:11:03","slug":"aferesis-terapeutica-2a-ed","status":"publish","type":"product","link":"https:\/\/test.norma-capitel.com\/?product=aferesis-terapeutica-2a-ed","title":{"rendered":"AF\u00c9RESIS TERAP\u00c9UTICA 2\u00aa Ed."},"content":{"rendered":"<p>P\u00e1ginas\u00a0\u00a0\u00a0\u00a0 320<br \/>\nTama\u00f1o\u00a0\u00a0\u00a0\u00a0 24,70 x 17,50<br \/>\nPeso\u00a0\u00a0\u00a0\u00a0\u00a0\u00a0\u00a0\u00a0\u00a0\u00a0 830 gr.<br \/>\nEncuadernaci\u00f3n\u00a0 Carton\u00e9 (Tapa dura)<br \/>\nImpresi\u00f3n\u00a0\u00a0\u00a0\u00a0\u00a0\u00a0\u00a0\u00a0\u00a0\u00a0\u00a0\u00a0\u00a0 Bicolor\u00cdNDICE DE CAP\u00cdTULOS\u00a0<\/p>\n<p>SECCI\u00d3N I &#8211; ASPECTOS T\u00c9CNICOS\u00a0<br \/>\n\u00a0 1\u00a0 Introducci\u00f3n y razonamiento.<br \/>\n\u00a0 2\u00a0 Consideraciones t\u00e9cnicas.<br \/>\n\u00a0 3\u00a0 Procedimientos afer\u00e9ticos.<br \/>\n\u00a0 4\u00a0 Aspectos t\u00e9cnicos y cuidados de enfermer\u00eda en\u00a0AFT.<br \/>\n\u00a0 5\u00a0 Accesos vasculares para la af\u00e9resis terap\u00e9utica.<br \/>\n\u00a0 6\u00a0 Complicaciones de la af\u00e9resis terap\u00e9utica.<br \/>\nSECCI\u00d3N II &#8211; INDICACIONES\u00a0<br \/>\n\u00a0 7\u00a0 Fundamentos y gu\u00edas pr\u00e1cticas en tratamientos con af\u00e9resis terap\u00e9utica.<br \/>\n\u00a0 8\u00a0 AFT en enfermedades hematol\u00f3gicas.<br \/>\n\u00a0 9\u00a0 AFT en el trasplante de m\u00e9dula \u00f3sea.<br \/>\n10\u00a0 AFT en enfermedades neurol\u00f3gicas.<br \/>\n11\u00a0 AFT en enfermedades metab\u00f3licas.<br \/>\n12\u00a0 AFT en enfermedades renales.<br \/>\n13\u00a0 AFT en trasplante renal.<br \/>\n14\u00a0 AFT en vasculitis sist\u00e9micas.<br \/>\n15\u00a0 AFT en enfermedades\u00a0reumatol\u00f3gicas.<br \/>\n16\u00a0 AFT en enfermedades dermatol\u00f3gicas.<br \/>\n17\u00a0 AFT en\u00a0UCI.<br \/>\n18\u00a0 AFT en pacientes VIH.<br \/>\n19\u00a0 AFT en enfermedades oftalmol\u00f3gicas.<br \/>\n20\u00a0 AFT en miocardiopat\u00eda dilatada: situaci\u00f3n actual y perspectivas.<br \/>\n21\u00a0 LDL-af\u00e9resis en cardiopat\u00eda isqu\u00e9mica.<br \/>\n22\u00a0 Di\u00e1lisis de alb\u00famina\u00a0(MARS) en el tratamiento del fracaso hep\u00e1tico.<br \/>\n23\u00a0 AFT en enfermedad inflamat\u00f3ria intestinal cr\u00f3nica.<br \/>\n\u00a0<br \/>\nPalabras clave<br \/>\nFiguras a color<br \/>\n____________________________________________<\/p>\n<p>El\u00a0libro describe en forma clara y detallada, los fundamentos de la Aferesis terapeutica, junto a los procedimientos m\u00e1s actuales para llevar a cabo dicha t\u00e9cnica.<br \/>\nSu objetivo, avalado por el autor y otros profesionales de prestigio, con m\u00e1s de 20 a\u00f1os de experiencia en la materia, es dar a conocer todo lo referente a esta modalidad terapeutica y ayudar a comprender el por qu\u00e9 del inter\u00e9s que d\u00eda a d\u00eda est\u00e1 tomando la misma, como lo demuestran las m\u00e1s de 3000 publicaciones internacionales en los \u00faltimos a\u00f1os, seg\u00fan el PubMed ya que su aplicaci\u00f3n est\u00e1 recomendada pr\u00e1cticamente en la mayor\u00eda de las especialidades m\u00e9dicas, estando aconsejada en enfermedades causadas por inmunocomplejos circulantes, anticuerpos citot\u00f3xicos, autoanticuerpos, paraproteinas, lipoproteinas, endotoxinas y componentes t\u00f3xicos que no respondan o lo hagan de forma incompleta al tratamiento convencional.\u00a0<\/p>\n<p>Esta 2\u00aa edici\u00f3n est\u00e1 basada en la buena acogida que el libro ha tenido, tanto en nuestro pa\u00eds como en Hispanoam\u00e9rica y debido a la demanda del mercado internacional, en breve ser\u00e1 traducido al idioma ingl\u00e9s.\u00a0<br \/>\n____________________________________________<\/p>\n","protected":false},"excerpt":{"rendered":"<p>P\u00e1ginas\u00a0\u00a0\u00a0\u00a0 320 Tama\u00f1o\u00a0\u00a0\u00a0\u00a0 24,70 x 17,50 Peso\u00a0\u00a0\u00a0\u00a0\u00a0\u00a0\u00a0\u00a0\u00a0\u00a0 830 gr. Encuadernaci\u00f3n\u00a0 Carton\u00e9 (Tapa dura) Impresi\u00f3n\u00a0\u00a0\u00a0\u00a0\u00a0\u00a0\u00a0\u00a0\u00a0\u00a0\u00a0\u00a0\u00a0 Bicolor\u00cdNDICE DE CAP\u00cdTULOS\u00a0 SECCI\u00d3N I &#8211;<\/p>\n","protected":false},"featured_media":105,"comment_status":"open","ping_status":"closed","template":"","meta":[],"product_cat":[43],"product_tag":[],"class_list":{"0":"post-104","1":"product","2":"type-product","3":"status-publish","4":"has-post-thumbnail","6":"product_cat-anaya-f","8":"first","9":"instock","10":"shipping-taxable","11":"purchasable","12":"product-type-simple"},"_links":{"self":[{"href":"https:\/\/test.norma-capitel.com\/index.php?rest_route=\/wp\/v2\/product\/104","targetHints":{"allow":["GET"]}}],"collection":[{"href":"https:\/\/test.norma-capitel.com\/index.php?rest_route=\/wp\/v2\/product"}],"about":[{"href":"https:\/\/test.norma-capitel.com\/index.php?rest_route=\/wp\/v2\/types\/product"}],"replies":[{"embeddable":true,"href":"https:\/\/test.norma-capitel.com\/index.php?rest_route=%2Fwp%2Fv2%2Fcomments&post=104"}],"wp:featuredmedia":[{"embeddable":true,"href":"https:\/\/test.norma-capitel.com\/index.php?rest_route=\/wp\/v2\/media\/105"}],"wp:attachment":[{"href":"https:\/\/test.norma-capitel.com\/index.php?rest_route=%2Fwp%2Fv2%2Fmedia&parent=104"}],"wp:term":[{"taxonomy":"product_cat","embeddable":true,"href":"https:\/\/test.norma-capitel.com\/index.php?rest_route=%2Fwp%2Fv2%2Fproduct_cat&post=104"},{"taxonomy":"product_tag","embeddable":true,"href":"https:\/\/test.norma-capitel.com\/index.php?rest_route=%2Fwp%2Fv2%2Fproduct_tag&post=104"}],"curies":[{"name":"wp","href":"https:\/\/api.w.org\/{rel}","templated":true}]}}