{"id":102,"date":"2024-11-25T12:11:01","date_gmt":"2024-11-25T12:11:01","guid":{"rendered":"https:\/\/test.norma-capitel.com\/?post_type=product&#038;p=102"},"modified":"2024-11-25T12:11:01","modified_gmt":"2024-11-25T12:11:01","slug":"ensenanza-musical-en-la-escuela-primaria","status":"publish","type":"product","link":"https:\/\/test.norma-capitel.com\/?product=ensenanza-musical-en-la-escuela-primaria","title":{"rendered":"Ense\u00f1anza Musical en la Escuela Primaria"},"content":{"rendered":"<p>P\u00e1ginas\u00a0\u00a0\u00a0\u00a0 186<br \/>\nTama\u00f1o\u00a0\u00a0\u00a0\u00a0 27,00 x 19,50 cm.<br \/>\nPeso\u00a0\u00a0\u00a0\u00a0\u00a0\u00a0\u00a0\u00a0\u00a0\u00a0 450 gr.<\/p>\n<p>Encuadernaci\u00f3n\u00a0 R\u00fastica (Tapa blanda)<br \/>\nImpresi\u00f3n\u00a0\u00a0\u00a0\u00a0\u00a0\u00a0\u00a0\u00a0\u00a0\u00a0\u00a0\u00a0\u00a0 Bicolor\u00cdNDICE DE CAP\u00cdTULOS<br \/>\n\u00a0<br \/>\nLenguaje musical.<br \/>\nDesarrollo de clases y audiciones.<br \/>\nProcedimientos.<br \/>\nProgramaci\u00f3n general de cada curso.<br \/>\nAudiciones y compositores.<br \/>\nLa orquesta y sus instrumentos.<br \/>\nConjuntos musicales.<br \/>\nGlosario musical.<br \/>\nMaterial de apoyo.<br \/>\nCuadros y partituras explicativos.<br \/>\nBibliograf\u00eda<br \/>\n____________________________________________<br \/>\nEsta gu\u00eda-procedimiento, ha sido concebida para desarrollar la Ense\u00f1anza Musical en la Escuela Primaria y calculada para un periodo de duraci\u00f3n de unas 30 semanas lectivas, a lo largo del curso escolar.\u00a0<br \/>\nEl programa est\u00e1 dise\u00f1ado para impartir las clases durante los seis cursos de Ense\u00f1anza Primaria, con una recopilaci\u00f3n exhaustiva de las\u00a0 materias adecuadas y con la aportaci\u00f3n adem\u00e1s, de un material de apoyo para la mejor ejecuci\u00f3n del trabajo.<br \/>\nLa gu\u00eda, es totalmente compatible con la ense\u00f1anza biling\u00fce de la M\u00fasica y su adaptaci\u00f3n a la clase de Inform\u00e1tica.<br \/>\nEl libro est\u00e1 especialmente dirigido al profesor de m\u00fasica en esta fase de la ense\u00f1anza y debido a su facilidad de comprensi\u00f3n, \u00a0tambi\u00e9n es \u00a0recomendable para cualquier persona que quiera iniciarse en esta materia o prestar ayuda a los m\u00e1s peque\u00f1os.<br \/>\n____________________________________________<\/p>\n","protected":false},"excerpt":{"rendered":"<p>P\u00e1ginas\u00a0\u00a0\u00a0\u00a0 186 Tama\u00f1o\u00a0\u00a0\u00a0\u00a0 27,00 x 19,50 cm. Peso\u00a0\u00a0\u00a0\u00a0\u00a0\u00a0\u00a0\u00a0\u00a0\u00a0 450 gr. Encuadernaci\u00f3n\u00a0 R\u00fastica (Tapa blanda) Impresi\u00f3n\u00a0\u00a0\u00a0\u00a0\u00a0\u00a0\u00a0\u00a0\u00a0\u00a0\u00a0\u00a0\u00a0 Bicolor\u00cdNDICE DE CAP\u00cdTULOS \u00a0 Lenguaje<\/p>\n","protected":false},"featured_media":103,"comment_status":"open","ping_status":"closed","template":"","meta":[],"product_cat":[41],"product_tag":[],"class_list":{"0":"post-102","1":"product","2":"type-product","3":"status-publish","4":"has-post-thumbnail","6":"product_cat-lumbreras-m-i","8":"first","9":"instock","10":"shipping-taxable","11":"purchasable","12":"product-type-simple"},"_links":{"self":[{"href":"https:\/\/test.norma-capitel.com\/index.php?rest_route=\/wp\/v2\/product\/102","targetHints":{"allow":["GET"]}}],"collection":[{"href":"https:\/\/test.norma-capitel.com\/index.php?rest_route=\/wp\/v2\/product"}],"about":[{"href":"https:\/\/test.norma-capitel.com\/index.php?rest_route=\/wp\/v2\/types\/product"}],"replies":[{"embeddable":true,"href":"https:\/\/test.norma-capitel.com\/index.php?rest_route=%2Fwp%2Fv2%2Fcomments&post=102"}],"wp:featuredmedia":[{"embeddable":true,"href":"https:\/\/test.norma-capitel.com\/index.php?rest_route=\/wp\/v2\/media\/103"}],"wp:attachment":[{"href":"https:\/\/test.norma-capitel.com\/index.php?rest_route=%2Fwp%2Fv2%2Fmedia&parent=102"}],"wp:term":[{"taxonomy":"product_cat","embeddable":true,"href":"https:\/\/test.norma-capitel.com\/index.php?rest_route=%2Fwp%2Fv2%2Fproduct_cat&post=102"},{"taxonomy":"product_tag","embeddable":true,"href":"https:\/\/test.norma-capitel.com\/index.php?rest_route=%2Fwp%2Fv2%2Fproduct_tag&post=102"}],"curies":[{"name":"wp","href":"https:\/\/api.w.org\/{rel}","templated":true}]}}