{"id":100,"date":"2024-11-25T12:10:59","date_gmt":"2024-11-25T12:10:59","guid":{"rendered":"https:\/\/test.norma-capitel.com\/?post_type=product&#038;p=100"},"modified":"2024-11-25T12:11:00","modified_gmt":"2024-11-25T12:11:00","slug":"pasteleria-y-cocina-5a-ed","status":"publish","type":"product","link":"https:\/\/test.norma-capitel.com\/?product=pasteleria-y-cocina-5a-ed","title":{"rendered":"PASTELER\u00cdA Y COCINA 5\u00aa Ed."},"content":{"rendered":"<p>P\u00e1ginas\u00a0\u00a0\u00a0\u00a0 464<br \/>\nTama\u00f1o\u00a0\u00a0\u00a0\u00a0 27,50 x 20,00 cm.<br \/>\nPeso\u00a0\u00a0\u00a0\u00a0\u00a0\u00a0\u00a0\u00a0 1270 gr.<br \/>\nEncuadernaci\u00f3n\u00a0 Carton\u00e9 (tapa dura)<br \/>\nImpresi\u00f3n\u00a0\u00a0\u00a0\u00a0\u00a0\u00a0\u00a0\u00a0\u00a0\u00a0\u00a0\u00a0\u00a0 Bicolor\u00cdNDICE DE CAP\u00cdTULOS<\/p>\n<p>PASTELER\u00cdA<br \/>\nPasteler\u00eca<br \/>\nConfiter\u00eda\u00a0<br \/>\nReposter\u00eda\u00a0<\/p>\n<p>COCINA\u00a0<br \/>\nFondos y salsas\u00a0<br \/>\nTapas,\u00a0pinchos y crujientes<br \/>\nEntremeses y ensaladas\u00a0<br \/>\nConsom\u00e9, sopas, cremas y potajes\u00a0<br \/>\nPastas y arroces\u00a0<br \/>\nHuevos\u00a0<br \/>\nPescados y mariscos\u00a0<br \/>\nCarnes\u00a0<br \/>\nHortalizas<br \/>\n\u00a0<br \/>\nGlosario<\/p>\n<p>\u00cdndice alfab\u00e9tico<\/p>\n<p>___________________________________________<br \/>\nEl\u00a0libro que llega a\u00a0su 5\u00aa edici\u00f3n, frente al tremendo aluvi\u00f3n de obras en la materia, nos confirma que estamos ante una obra que aporta algo diferente a lo existente.<\/p>\n<p>La larga trayectoria de sus autores tanto profesionalmente como en el campo de la ense\u00f1anza, consigue que la obra tenga una fiabilidad absoluta tanto en ingredientes, cantidades, como en forma de elaboraci\u00f3n.<br \/>\nRecoge las elaboraciones m\u00e1s representativas de cada postre o guiso, con un m\u00e9todo expositivo muy claro que consigue que el lector elabore sin dificultad las recetas m\u00e1s complejas, convirtiendolo en una herramienta de aprendizaje y trabajo\u00a0tanto para el estudiante de hosteler\u00eda como para el aficionado al arte de los fogones.<br \/>\n____________________________________________<\/p>\n","protected":false},"excerpt":{"rendered":"<p>P\u00e1ginas\u00a0\u00a0\u00a0\u00a0 464 Tama\u00f1o\u00a0\u00a0\u00a0\u00a0 27,50 x 20,00 cm. Peso\u00a0\u00a0\u00a0\u00a0\u00a0\u00a0\u00a0\u00a0 1270 gr. Encuadernaci\u00f3n\u00a0 Carton\u00e9 (tapa dura) Impresi\u00f3n\u00a0\u00a0\u00a0\u00a0\u00a0\u00a0\u00a0\u00a0\u00a0\u00a0\u00a0\u00a0\u00a0 Bicolor\u00cdNDICE DE CAP\u00cdTULOS PASTELER\u00cdA Pasteler\u00eca<\/p>\n","protected":false},"featured_media":101,"comment_status":"open","ping_status":"closed","template":"","meta":[],"product_cat":[39],"product_tag":[],"class_list":{"0":"post-100","1":"product","2":"type-product","3":"status-publish","4":"has-post-thumbnail","6":"product_cat-traba-l-garcia-v","8":"first","9":"instock","10":"shipping-taxable","11":"purchasable","12":"product-type-simple"},"_links":{"self":[{"href":"https:\/\/test.norma-capitel.com\/index.php?rest_route=\/wp\/v2\/product\/100","targetHints":{"allow":["GET"]}}],"collection":[{"href":"https:\/\/test.norma-capitel.com\/index.php?rest_route=\/wp\/v2\/product"}],"about":[{"href":"https:\/\/test.norma-capitel.com\/index.php?rest_route=\/wp\/v2\/types\/product"}],"replies":[{"embeddable":true,"href":"https:\/\/test.norma-capitel.com\/index.php?rest_route=%2Fwp%2Fv2%2Fcomments&post=100"}],"wp:featuredmedia":[{"embeddable":true,"href":"https:\/\/test.norma-capitel.com\/index.php?rest_route=\/wp\/v2\/media\/101"}],"wp:attachment":[{"href":"https:\/\/test.norma-capitel.com\/index.php?rest_route=%2Fwp%2Fv2%2Fmedia&parent=100"}],"wp:term":[{"taxonomy":"product_cat","embeddable":true,"href":"https:\/\/test.norma-capitel.com\/index.php?rest_route=%2Fwp%2Fv2%2Fproduct_cat&post=100"},{"taxonomy":"product_tag","embeddable":true,"href":"https:\/\/test.norma-capitel.com\/index.php?rest_route=%2Fwp%2Fv2%2Fproduct_tag&post=100"}],"curies":[{"name":"wp","href":"https:\/\/api.w.org\/{rel}","templated":true}]}}